{"id":238,"date":"2018-09-19T09:17:16","date_gmt":"2018-09-19T07:17:16","guid":{"rendered":"https:\/\/angle.intoto-udv.dk\/?page_id=238"},"modified":"2022-03-07T19:12:29","modified_gmt":"2022-03-07T18:12:29","slug":"handelsbetingelser","status":"publish","type":"page","link":"https:\/\/www.angle.design\/da\/handelsbetingelser\/","title":{"rendered":"Handelsbetingelser"},"content":{"rendered":"<article id=\"single-blocks\" class=\"single-page-article wpex-clr\">\n<div class=\"single-page-content entry clr\">\n<div class=\"vc_row wpb_row vc_row-fluid\">\n<div class=\"wpb_column vc_column_container vc_col-sm-12\">\n<div class=\"vc_column-inner \">\n<div class=\"wpb_wrapper\">\n<div class=\"wpb_text_column wpb_content_element \">\n<div class=\"wpb_wrapper\">\n<h2><strong>Generelle oplysninger<\/strong><\/h2>\n<p><strong>1 \u2013 Generelt<\/strong><br \/>\n<strong>1.1 \u2013 K\u00f8b<br \/>\n<\/strong>S\u00e5 snart vi har modtaget din ordre, f\u00e5r du en E-mail med din ordrebekr\u00e6ftelse.<\/p>\n<p><strong>1.2 \u2013 Priser<br \/>\n<\/strong>Alle priser er som udgangspunkt eksl. 25% moms og afgifter, med mindre andet er angivet. Alle priser er opgivet i Euro (EUR).<\/p>\n<p>Den angive pris p\u00e5 bestillingstidspunktet er varens pris. Det betyder at falder eller stiger varen, \u00e6ndrer din pris sig ikke fra bestillings tidspunktet. Der tages forbehold for force majeure.<br \/>\nBel\u00f8bet h\u00e6ves f\u00f8rst p\u00e5 dit kort, n\u00e5r varen afsendes.<\/p>\n<p><strong>1.3 \u2013 Betaling<br \/>\n<\/strong>F\u00f8lgende betalingsmetoder kan benyttes:<br \/>\nForudbetaling (Bel\u00f8b skal v\u00e6re bankoverf\u00f8rt inden 5 arbejdsdage). V\u00e6r opm\u00e6rksom p\u00e5, at ved betaling via bankoverf\u00f8rsel er du ikke beskyttet af indsigelsesordningen.<br \/>\nKontant ved afhentning i butik (Afhentning skal inden for 5 arbejdsdage)<\/p>\n<p><strong>2 \u2013 Forsendelse<br \/>\n2.1 \u2013 Forsendelsesformer<\/strong><br \/>\nHos Angle.design benytter vi Post Danmark eller Danske Fragtm\u00e6nd og deres forsendelses former, til alle forsendelser.<\/p>\n<p><strong>2.2 \u2013 Leveringstid<\/strong><br \/>\nVi afsender din bestilling s\u00e5 hurtigt det kan lade sig g\u00f8re. Det betyder at din ordre typisk er dig i h\u00e6nde 1-3 arbejdsdage efter ordre. Leveringstiderne er vejledende, og kan variere.<\/p>\n<p><strong>2.3 \u2013 Forsendelse ansvar<br \/>\n<\/strong>Ved transport fra Angle.design ApS til kunden, er Angle.design ApS ansvarlig hvis produktet skades eller bortkommer under transporten. Ved transport fra kunden til Angle.design ApS er kunden ansvarlig hvis produktet skades eller bortkommer under transporten.<\/p>\n<p><strong>2.4 \u2013 Faktura<br \/>\n<\/strong>Faktura medsendes normalt sammen med ordre.<\/p>\n<p><strong>3 \u2013 Returnering af varer<\/strong><br \/>\n<strong>3.1 \u2013 Er du utilfreds med varen?<br \/>\n<\/strong>Ved k\u00f8b af en vare, online eller via telefon, har du som forbruger 14 dages fortrydelsesret.<br \/>\nFortrydelsesretten l\u00f8ber fra modtagelsesdatoen. Skulle du fortryde k\u00f8bet, inden for fortrydelsesretten, kan varen returneres og vi tilbagebetaler k\u00f8bssummen. Du skal inden 14 dage fra modtagelse give os meddelelse om, at du \u00f8nsker at fortryde dit k\u00f8b. Meddelelsen skal gives ved <a href=\"mailto:post@angle.design\">post@angle.design<\/a> eller ved at benytte\u00a0<a href=\"https:\/\/www.emaerket.dk\/external-files\/pdf\/standardfortrydelsesformular.pdf\" target=\"_blank\" rel=\"noopener\">standardfortrydelsesformularen<\/a>. I din meddelelse skal du g\u00f8re os tydeligt opm\u00e6rksom p\u00e5, at du \u00f8nsker at udnytte din fortrydelsesret.<\/p>\n<p><strong>3.2 \u2013 Betingelser for returnering<\/strong><br \/>\nDu skal sende din ordre retur til os uden un\u00f8dig forsinkelse, og senest 14 dage efter du har meddelt os, at du \u00f8nsker at fortryde dit k\u00f8b. Du skal afholde de direkte udgifter i forbindelse med varens returforsendelse. Du b\u00e6rer risikoen for varen fra tidspunktet for varens levering.<\/p>\n<p><strong>Varens stand, n\u00e5r du sender den retur<\/strong><\/p>\n<p>Du h\u00e6fter kun for eventuel forringelse af varens v\u00e6rdi, som skyldes anden h\u00e5ndtering, end hvad der er n\u00f8dvendigt for at fastsl\u00e5 varens art, egenskaber og den m\u00e5de, den fungerer p\u00e5. Du kan med andre ord pr\u00f8ve varen p\u00e5 samme m\u00e5de, som hvis du pr\u00f8vede den i en fysisk butik, men du m\u00e5 ikke tage den i egentlig brug. Hvis varen er pr\u00f8vet udover hvad der er beskrevet ovenfor, betragter vi den som brugt, hvilket betyder, at du ved fortrydelse af k\u00f8bet kun f\u00e5r en del eller intet af k\u00f8bsbel\u00f8bet retur, afh\u00e6ngig af varens handelsm\u00e6ssige v\u00e6rdi.<\/p>\n<p><strong>Tilbagebetaling af k\u00f8bsbel\u00f8bet<\/strong><\/p>\n<p>Hvis du fortryder dit k\u00f8b, f\u00e5r du det bel\u00f8b du har indbetalt til os, tilbage. I tilf\u00e6lde af en v\u00e6rdiforringelse, som du h\u00e6fter for, fratr\u00e6kkes denne k\u00f8bsbel\u00f8bet. Hvis du benytter din fortrydelsesret, refunderer vi alle betalinger modtaget fra dig, herunder leveringsomkostninger (dog ikke ekstra omkostninger som f\u00f8lge af dit eget valg af en anden leveringsform, end den billigste form for standardlevering, som vi tilbyder), uden un\u00f8dig forsinkelse og under alle omst\u00e6ndigheder senest 14 dage fra den dato, hvor vi har modtaget meddelelse om din beslutning om at fortryde denne aftale. Vi gennemf\u00f8rer en s\u00e5dan tilbagebetaling med samme betalingsmiddel, som du benyttede ved den oprindelige transaktion, medmindre du udtrykkeligt har indvilget i noget andet.<\/p>\n<p>Vi kan tilbageholde tilbagebetalingen, indtil vi har modtaget varen retur, med mindre du inden da har fremlagt dokumentation for at have returneret den. Vi modtager hverken pakker uden omdeling eller pakker sendt pr. efterkrav.<\/p>\n<p><strong>Hvis du fortryder k\u00f8bet, skal varen sendes til:<\/strong><\/p>\n<p>Angle.Design ApS<br \/>\nBoestoftevej 26 A<br \/>\nHavnelev<br \/>\n4673 R\u00f8dvig Stevns<\/p>\n<p>Varen kan ogs\u00e5 afleveres p\u00e5 ovenst\u00e5ende adresse, mod forudg\u00e5ende aftale.<\/p>\n<p><strong>4 \u2013 Reklamation<\/strong><br \/>\nK\u00f8belovens mangelsregler kan finde anvendelse p\u00e5 varek\u00f8b.<br \/>\nN\u00e5r du handler hos os som forbruger, har du\u00a0<strong>24 m\u00e5neders reklamationsret<\/strong>. Det betyder, at du enten kan f\u00e5 varen repareret, ombyttet, pengene tilbage eller afslag i prisen, afh\u00e6ngig af den konkrete situation. Det er et krav, at reklamationen er berettiget, og at manglen ikke er opst\u00e5et som f\u00f8lge af fejlagtig brug af produktet eller anden skadeforvoldende adf\u00e6rd.<\/p>\n<p>Er varen v\u00e6sentligt forsinket eller har varen en fejl, kan du rette henvendelse til <a href=\"mailto:post@angle.design\">post@angle.design<\/a>.<\/p>\n<p>Klager over fejl ved varen skal ske inden rimelig tid, efter at du har opdaget fejlen eller burde have opdaget fejlen ved en almindelig gennemgang af varen. Du kan klage skriftligt eller mundtligt.<\/p>\n<p>N\u00e5r Angle.design ApS modtager en klage over en vare, behandles klagen hurtigst muligt. Angle.design ApS vil tage stilling til, om varen skal repareres, ombyttes, eller om der skal gives et prisnedslag.<\/p>\n<p>Skal varen tilbagesendes til Angle.design ApS sker dette uden omkostninger for kunden, idet Angle.design ApS afholder de rimelige udgifter til fragt ved berettigede reklamationer. Varen skal sendes tilbage i forsvarlig emballage.<\/p>\n<p><strong>Angle.Design ApS<\/strong><br \/>\nBoestoftevej 26 A<br \/>\nHavnelev<br \/>\n4673 R\u00f8dvig Stevns<\/p>\n<p><strong>5 \u2013 Ansvar<\/strong><br \/>\nAngle.Design ApS kan ikke g\u00f8res ansvarlig for eventuelle f\u00f8lgevirkninger ved brugen af varer og tjenester p\u00e5 Angle.Design ApS butik p\u00e5 nettet.<\/p>\n<p>Der gives desuden ingen garantier for at butikken til hver en tid vil v\u00e6re fejlfri og i fuld funktion. Der tager forbehold for enhver form for fejl, un\u00f8jagtighed eller aktualitet, der kan v\u00e6re opst\u00e5et i forbindelse med opdatering og upload til butikken.<\/p>\n<p>Angle.Design ApS er underlagt de til enhver tid g\u00e6ldende love og regler om produktansvar i Danmark og EU. Eventuelle tvister og s\u00f8gsm\u00e5l skal afg\u00f8res af danske domstole i henhold til dansk ret.<\/p>\n<p><strong>Persondatapolitik\u00a0<\/strong><br \/>\nFor at du kan indg\u00e5 aftale med os, har vi brug for f\u00f8lgende oplysninger:<br \/>\nWeb-ordre nummer, Navn, adresse, tlf.nr. og e-mailadresse.<\/p>\n<p>Vi foretager registreringen af dine personoplysninger med det form\u00e5l at kunne levere varen til dig. Personoplysningerne registreres hos Angle.Design ApS og opbevares i fem \u00e5r, hvorefter oplysningerne slettes.<\/p>\n<p>Der videregives ikke personoplysninger til andre.<\/p>\n<p>Som registreret hos Angle.Design ApS, har du altid ret til at g\u00f8re indsigelse mod registreringen. Du har ogs\u00e5 ret til indsigt i hvilke oplysninger, der er registreret om dig. Disse rettigheder har du efter persondataloven og henvendelse i forbindelse hermed rettes til:\u00a0 <a href=\"mailto:post@angle.design\">post@angle.design<strong>\u00a0<\/strong><\/a><\/p>\n<p><strong>Klageadgang<\/strong><\/p>\n<p>Hvis du vil klage over dit k\u00f8b, skal du rette henvendelse til <a href=\"mailto:post@angle.design\">post@angle.design<\/a>.<\/p>\n<p>Hvis det ikke lykkes os at finde en l\u00f8sning, kan du indgive en klage til relevante n\u00e6vn p\u00e5 omr\u00e5det, s\u00e5fremt betingelserne herfor er opfyldt.<\/p>\n<p>Konkurrence- og Forbrugerstyrelsen<br \/>\nCarl Jacobsens vej 35, 2500 Valby<br \/>\n<a href=\"http:\/\/www.forbrug.dk\/\" target=\"_blank\" rel=\"noopener\">www.forbrug.dk<\/a><\/p>\n<p>Er du forbruger med bop\u00e6l i et andet EU-land end Danmark, kan du klage til EU-Kommissionens online klageportal her \u2013<a href=\"http:\/\/ec.europa.eu\/odr\" target=\"_blank\" rel=\"noopener\">http:\/\/ec.europa.eu\/odr<\/a><\/p>\n<p>&nbsp;<\/p>\n<\/div>\n<\/div>\n<\/div>\n<\/div>\n<\/div>\n<\/div>\n<\/div>\n<\/article>\n","protected":false},"excerpt":{"rendered":"<p>Generelle oplysninger 1 \u2013 Generelt 1.1 \u2013 K\u00f8b S\u00e5 snart vi har modtaget din ordre, f\u00e5r du en E-mail med din ordrebekr\u00e6ftelse. 1.2 \u2013 Priser Alle priser er som udgangspunkt eksl. 25% moms og afgifter, med mindre andet er angivet. Alle priser er opgivet i Euro (EUR). Den angive pris p\u00e5 bestillingstidspunktet er varens pris. [&hellip;]<\/p>\n","protected":false},"author":1,"featured_media":0,"parent":0,"menu_order":55,"comment_status":"closed","ping_status":"closed","template":"","meta":{"_acf_changed":false,"ocean_post_layout":"","ocean_both_sidebars_style":"","ocean_both_sidebars_content_width":0,"ocean_both_sidebars_sidebars_width":0,"ocean_sidebar":"0","ocean_second_sidebar":"0","ocean_disable_margins":"enable","ocean_add_body_class":"","ocean_shortcode_before_top_bar":"","ocean_shortcode_after_top_bar":"","ocean_shortcode_before_header":"","ocean_shortcode_after_header":"","ocean_has_shortcode":"","ocean_shortcode_after_title":"","ocean_shortcode_before_footer_widgets":"","ocean_shortcode_after_footer_widgets":"","ocean_shortcode_before_footer_bottom":"","ocean_shortcode_after_footer_bottom":"","ocean_display_top_bar":"default","ocean_display_header":"default","ocean_header_style":"","ocean_center_header_left_menu":"0","ocean_custom_header_template":"0","ocean_custom_logo":0,"ocean_custom_retina_logo":0,"ocean_custom_logo_max_width":0,"ocean_custom_logo_tablet_max_width":0,"ocean_custom_logo_mobile_max_width":0,"ocean_custom_logo_max_height":0,"ocean_custom_logo_tablet_max_height":0,"ocean_custom_logo_mobile_max_height":0,"ocean_header_custom_menu":"0","ocean_menu_typo_font_family":"0","ocean_menu_typo_font_subset":"","ocean_menu_typo_font_size":0,"ocean_menu_typo_font_size_tablet":0,"ocean_menu_typo_font_size_mobile":0,"ocean_menu_typo_font_size_unit":"px","ocean_menu_typo_font_weight":"","ocean_menu_typo_font_weight_tablet":"","ocean_menu_typo_font_weight_mobile":"","ocean_menu_typo_transform":"","ocean_menu_typo_transform_tablet":"","ocean_menu_typo_transform_mobile":"","ocean_menu_typo_line_height":0,"ocean_menu_typo_line_height_tablet":0,"ocean_menu_typo_line_height_mobile":0,"ocean_menu_typo_line_height_unit":"","ocean_menu_typo_spacing":0,"ocean_menu_typo_spacing_tablet":0,"ocean_menu_typo_spacing_mobile":0,"ocean_menu_typo_spacing_unit":"","ocean_menu_link_color":"","ocean_menu_link_color_hover":"","ocean_menu_link_color_active":"","ocean_menu_link_background":"","ocean_menu_link_hover_background":"","ocean_menu_link_active_background":"","ocean_menu_social_links_bg":"","ocean_menu_social_hover_links_bg":"","ocean_menu_social_links_color":"","ocean_menu_social_hover_links_color":"","ocean_disable_title":"default","ocean_disable_heading":"default","ocean_post_title":"","ocean_post_subheading":"","ocean_post_title_style":"","ocean_post_title_background_color":"","ocean_post_title_background":0,"ocean_post_title_bg_image_position":"","ocean_post_title_bg_image_attachment":"","ocean_post_title_bg_image_repeat":"","ocean_post_title_bg_image_size":"","ocean_post_title_height":0,"ocean_post_title_bg_overlay":0.5,"ocean_post_title_bg_overlay_color":"","ocean_disable_breadcrumbs":"default","ocean_breadcrumbs_color":"","ocean_breadcrumbs_separator_color":"","ocean_breadcrumbs_links_color":"","ocean_breadcrumbs_links_hover_color":"","ocean_display_footer_widgets":"default","ocean_display_footer_bottom":"default","ocean_custom_footer_template":"0","footnotes":""},"class_list":["post-238","page","type-page","status-publish","hentry","entry","owp-thumbs-layout-horizontal","owp-btn-big","owp-tabs-layout-horizontal","has-no-thumbnails"],"acf":[],"_links":{"self":[{"href":"https:\/\/www.angle.design\/da\/wp-json\/wp\/v2\/pages\/238","targetHints":{"allow":["GET"]}}],"collection":[{"href":"https:\/\/www.angle.design\/da\/wp-json\/wp\/v2\/pages"}],"about":[{"href":"https:\/\/www.angle.design\/da\/wp-json\/wp\/v2\/types\/page"}],"author":[{"embeddable":true,"href":"https:\/\/www.angle.design\/da\/wp-json\/wp\/v2\/users\/1"}],"replies":[{"embeddable":true,"href":"https:\/\/www.angle.design\/da\/wp-json\/wp\/v2\/comments?post=238"}],"version-history":[{"count":0,"href":"https:\/\/www.angle.design\/da\/wp-json\/wp\/v2\/pages\/238\/revisions"}],"wp:attachment":[{"href":"https:\/\/www.angle.design\/da\/wp-json\/wp\/v2\/media?parent=238"}],"curies":[{"name":"wp","href":"https:\/\/api.w.org\/{rel}","templated":true}]}}