{"id":264,"date":"2018-09-19T11:28:22","date_gmt":"2018-09-19T09:28:22","guid":{"rendered":"https:\/\/angle.intoto-udv.dk\/?page_id=264"},"modified":"2022-10-14T20:28:51","modified_gmt":"2022-10-14T18:28:51","slug":"om-angle-design","status":"publish","type":"page","link":"https:\/\/www.angle.design\/da\/om-angle-design\/","title":{"rendered":"Om Angle.design"},"content":{"rendered":"\t\t<div data-elementor-type=\"wp-post\" data-elementor-id=\"264\" class=\"elementor elementor-264\" data-elementor-post-type=\"page\">\n\t\t\t\t\t\t<section class=\"elementor-section elementor-top-section elementor-element elementor-element-15f04cbd elementor-section-boxed elementor-section-height-default elementor-section-height-default\" data-id=\"15f04cbd\" data-element_type=\"section\">\n\t\t\t\t\t\t<div class=\"elementor-container elementor-column-gap-default\">\n\t\t\t\t\t<div class=\"elementor-column elementor-col-100 elementor-top-column elementor-element elementor-element-7b18b500\" data-id=\"7b18b500\" data-element_type=\"column\">\n\t\t\t<div class=\"elementor-widget-wrap elementor-element-populated\">\n\t\t\t\t\t\t<div class=\"elementor-element elementor-element-57e85f3 elementor-widget elementor-widget-text-editor\" data-id=\"57e85f3\" data-element_type=\"widget\" data-widget_type=\"text-editor.default\">\n\t\t\t\t<div class=\"elementor-widget-container\">\n\t\t\t\t\t\t\t\t\t<h2>Det her m\u00e5 kunne g\u00f8res lettere og bedre<\/h2>\r\nDen f\u00f8rste id\u00e9 til vinkelsk\u00e6rers\u00e6ttet opstod for 20 \u00e5r siden, da t\u00f8mrer Niels Freitag endnu en gang stod b\u00f8jet over pladerne for at sk\u00e6re dem til. Med blyant og tommestok brugte han store m\u00e6ngder tid p\u00e5 den omhyggelige opm\u00e5ling, s\u00e5 pladerne blev udnyttet bedst muligt. Hver gang t\u00e6nkte han \u201dDet her m\u00e5 kunne g\u00f8res lettere og bedre\u201d.\r\n<h2>Hurtigere, lettere og mere pr\u00e6cis opm\u00e5ling<\/h2>\r\nSom med mange andre gode opfindelser kom Angle.design til verden, fordi der var et behov. Efter endnu en opm\u00e5ling med tommestok og blyant satte Niels Freitag sig for at forbedre den klassiske skinne fra 1964. Resultatet blev den helt nye vinkelskinne, der g\u00f8r opm\u00e5lingen hurtigere, lettere og mere pr\u00e6cis.\r\n\r\n&nbsp;\r\n\r\n<img fetchpriority=\"high\" decoding=\"async\" class=\"aligncenter wp-image-112 size-large\" src=\"https:\/\/www.angle.design\/wp-content\/uploads\/2018\/09\/forside-hero-angle-design-light-1024x576.jpg\" alt=\"\" width=\"1024\" height=\"576\" srcset=\"https:\/\/www.angle.design\/wp-content\/uploads\/2018\/09\/forside-hero-angle-design-light-1024x576.jpg 1024w, https:\/\/www.angle.design\/wp-content\/uploads\/2018\/09\/forside-hero-angle-design-light-300x169.jpg 300w, https:\/\/www.angle.design\/wp-content\/uploads\/2018\/09\/forside-hero-angle-design-light-768x432.jpg 768w, https:\/\/www.angle.design\/wp-content\/uploads\/2018\/09\/forside-hero-angle-design-light-600x338.jpg 600w, https:\/\/www.angle.design\/wp-content\/uploads\/2018\/09\/forside-hero-angle-design-light.jpg 1920w\" sizes=\"(max-width: 1024px) 100vw, 1024px\" \/>\r\n\r\n&nbsp;\r\n<h2>Udviklet af h\u00e5ndv\u00e6rkere til h\u00e5ndv\u00e6rkere<\/h2>\r\nNiels udviklede f\u00f8rst en prototype af vinkelsk\u00e6rers\u00e6ttet, som han selv brugte i en \u00e5rr\u00e6kke. En dag opfordrede hans forretningspartner, Henrik Nielsen, ham til at videreudvikle s\u00e6ttet, s\u00e5 andre ogs\u00e5 kunne f\u00e5 gl\u00e6de af det. Der er nemlig mange situationer p\u00e5 byggepladsen, hvor h\u00e5ndteringen kan minimeres.\r\n<h2>Spar tid og \u00f8g kvaliteten<\/h2>\r\nSom sagt s\u00e5 gjort. Niels gik i gang med at udvikle vinkelsk\u00e6rers\u00e6ttet i en version 2.0, der er s\u00e5 anderledes fra andre v\u00e6rkt\u00f8jer, at Niels og Henrik har f\u00e5et patent p\u00e5 det. Angle.design er derfor opst\u00e5et ud fra en almindelig h\u00e5ndv\u00e6rksvirksomhed, hvor ejerne bag har et \u00f8nske om at hj\u00e6lpe andre med at sparre tid og \u00f8ge kvaliteten.\r\n<h3>&gt;&gt; <a href=\"https:\/\/www.angle.design\/da\/produkter\/\">SE PRODUKTERNE HER<\/a> &lt;&lt;<\/h3>\r\n&nbsp;\t\t\t\t\t\t\t\t<\/div>\n\t\t\t\t<\/div>\n\t\t\t\t\t<\/div>\n\t\t<\/div>\n\t\t\t\t\t<\/div>\n\t\t<\/section>\n\t\t\t\t<\/div>\n\t\t","protected":false},"excerpt":{"rendered":"<p>Det her m\u00e5 kunne g\u00f8res lettere og bedre Den f\u00f8rste id\u00e9 til vinkelsk\u00e6rers\u00e6ttet opstod for 20 \u00e5r siden, da t\u00f8mrer Niels Freitag endnu en gang stod b\u00f8jet over pladerne for at sk\u00e6re dem til. Med blyant og tommestok brugte han store m\u00e6ngder tid p\u00e5 den omhyggelige opm\u00e5ling, s\u00e5 pladerne blev udnyttet bedst muligt. Hver gang [&hellip;]<\/p>\n","protected":false},"author":1,"featured_media":199,"parent":0,"menu_order":100,"comment_status":"closed","ping_status":"closed","template":"","meta":{"_acf_changed":false,"ocean_post_layout":"","ocean_both_sidebars_style":"","ocean_both_sidebars_content_width":0,"ocean_both_sidebars_sidebars_width":0,"ocean_sidebar":"0","ocean_second_sidebar":"0","ocean_disable_margins":"enable","ocean_add_body_class":"","ocean_shortcode_before_top_bar":"","ocean_shortcode_after_top_bar":"","ocean_shortcode_before_header":"","ocean_shortcode_after_header":"","ocean_has_shortcode":"","ocean_shortcode_after_title":"","ocean_shortcode_before_footer_widgets":"","ocean_shortcode_after_footer_widgets":"","ocean_shortcode_before_footer_bottom":"","ocean_shortcode_after_footer_bottom":"","ocean_display_top_bar":"default","ocean_display_header":"default","ocean_header_style":"","ocean_center_header_left_menu":"0","ocean_custom_header_template":"0","ocean_custom_logo":0,"ocean_custom_retina_logo":0,"ocean_custom_logo_max_width":0,"ocean_custom_logo_tablet_max_width":0,"ocean_custom_logo_mobile_max_width":0,"ocean_custom_logo_max_height":0,"ocean_custom_logo_tablet_max_height":0,"ocean_custom_logo_mobile_max_height":0,"ocean_header_custom_menu":"0","ocean_menu_typo_font_family":"0","ocean_menu_typo_font_subset":"","ocean_menu_typo_font_size":0,"ocean_menu_typo_font_size_tablet":0,"ocean_menu_typo_font_size_mobile":0,"ocean_menu_typo_font_size_unit":"px","ocean_menu_typo_font_weight":"","ocean_menu_typo_font_weight_tablet":"","ocean_menu_typo_font_weight_mobile":"","ocean_menu_typo_transform":"","ocean_menu_typo_transform_tablet":"","ocean_menu_typo_transform_mobile":"","ocean_menu_typo_line_height":0,"ocean_menu_typo_line_height_tablet":0,"ocean_menu_typo_line_height_mobile":0,"ocean_menu_typo_line_height_unit":"","ocean_menu_typo_spacing":0,"ocean_menu_typo_spacing_tablet":0,"ocean_menu_typo_spacing_mobile":0,"ocean_menu_typo_spacing_unit":"","ocean_menu_link_color":"","ocean_menu_link_color_hover":"","ocean_menu_link_color_active":"","ocean_menu_link_background":"","ocean_menu_link_hover_background":"","ocean_menu_link_active_background":"","ocean_menu_social_links_bg":"","ocean_menu_social_hover_links_bg":"","ocean_menu_social_links_color":"","ocean_menu_social_hover_links_color":"","ocean_disable_title":"default","ocean_disable_heading":"default","ocean_post_title":"","ocean_post_subheading":"","ocean_post_title_style":"","ocean_post_title_background_color":"","ocean_post_title_background":0,"ocean_post_title_bg_image_position":"","ocean_post_title_bg_image_attachment":"","ocean_post_title_bg_image_repeat":"","ocean_post_title_bg_image_size":"","ocean_post_title_height":0,"ocean_post_title_bg_overlay":0.5,"ocean_post_title_bg_overlay_color":"","ocean_disable_breadcrumbs":"default","ocean_breadcrumbs_color":"","ocean_breadcrumbs_separator_color":"","ocean_breadcrumbs_links_color":"","ocean_breadcrumbs_links_hover_color":"","ocean_display_footer_widgets":"default","ocean_display_footer_bottom":"default","ocean_custom_footer_template":"0","footnotes":""},"class_list":["post-264","page","type-page","status-publish","has-post-thumbnail","hentry","entry","has-media","owp-thumbs-layout-horizontal","owp-btn-big","owp-tabs-layout-horizontal","has-no-thumbnails"],"acf":[],"_links":{"self":[{"href":"https:\/\/www.angle.design\/da\/wp-json\/wp\/v2\/pages\/264","targetHints":{"allow":["GET"]}}],"collection":[{"href":"https:\/\/www.angle.design\/da\/wp-json\/wp\/v2\/pages"}],"about":[{"href":"https:\/\/www.angle.design\/da\/wp-json\/wp\/v2\/types\/page"}],"author":[{"embeddable":true,"href":"https:\/\/www.angle.design\/da\/wp-json\/wp\/v2\/users\/1"}],"replies":[{"embeddable":true,"href":"https:\/\/www.angle.design\/da\/wp-json\/wp\/v2\/comments?post=264"}],"version-history":[{"count":0,"href":"https:\/\/www.angle.design\/da\/wp-json\/wp\/v2\/pages\/264\/revisions"}],"wp:featuredmedia":[{"embeddable":true,"href":"https:\/\/www.angle.design\/da\/wp-json\/wp\/v2\/media\/199"}],"wp:attachment":[{"href":"https:\/\/www.angle.design\/da\/wp-json\/wp\/v2\/media?parent=264"}],"curies":[{"name":"wp","href":"https:\/\/api.w.org\/{rel}","templated":true}]}}