{"id":1490,"date":"2018-11-23T15:06:41","date_gmt":"2018-11-23T14:06:41","guid":{"rendered":"https:\/\/angle.intoto-udv.dk\/produkt\/stort-vinkelsaet\/"},"modified":"2023-06-17T03:52:11","modified_gmt":"2023-06-17T01:52:11","slug":"stort-vinkelsaet","status":"publish","type":"product","link":"https:\/\/www.angle.design\/da\/produkt\/stort-vinkelsaet\/","title":{"rendered":"AG300 Stort vinkels\u00e6t"},"content":{"rendered":"<p>F\u00e5 d\u00e6kket n\u00e6sten alle dine sk\u00e6reopgaver med det store AG300 vinkels\u00e6t fra Angle.design og g\u00f8r arbejdet hurtigere med mindre risiko for m\u00e5lefejl. Stil blot skinnen p\u00e5 det \u00f8nskede m\u00e5l, s\u00e5 sk\u00e6rer du din plade i pr\u00e6cis den smig eller vinkel, du har brug for. Fra transportstilling kan du samle vinklen p\u00e5 3-4 sekunder.<\/p>\n<p>Du beh\u00f8ver ikke lave en eneste streg med din blyant, n\u00e5r du bruger f\u00f8ringsskinnemodellen. B\u00f8sningerne i skinnerne er nemlig placeret med f\u00e5 hundredeles n\u00f8jagtighed, s\u00e5 dit f\u00e6rdige arbejde er garanteret lave tolerancer.<\/p>\n<p>Sk\u00e6r dine fibergipsplader, tr\u00e6betonplader, MDF-plader, st\u00e5lplader og facadeisolering i pladebredder p\u00e5 op til 40 cm, 60 cm, 90 cm eller 120 cm med de forskellige f\u00f8ringsskinner. Eller saml dem, s\u00e5 du kan sk\u00e6re pladebredder p\u00e5 op til 240 cm (husk tilk\u00f8b af 1 samlebeslag er n\u00f8dvendigt for samling af 3 f\u00f8ringsskinner). Hovedskinnen har m\u00e5l p\u00e5 op til 251 cm, og s\u00e6ttet leveres med to mekaniske endestop, s\u00e5 du kan lave alle de gentagelser\/forbandter, du beh\u00f8ver \u2013 uden at m\u00e5le hver enkelt op.<\/p>\n<p>Samler du f\u00f8ringsskinnen p\u00e5 51 cm med hovedskinnen fra vinklen sammen med et endestop, s\u00e5 har du et ideelt v\u00e6rkt\u00f8j til at sk\u00e6re t\u00f8mmer eller eternitbr\u00e6dder. Enheden s\u00f8rger nemlig b\u00e5de for at lave din vinkel og l\u00e6ngden p\u00e5 det t\u00f8mmer, du skal sk\u00e6re.<\/p>\n<p>Det store vinkels\u00e6t indeholder ogs\u00e5 en rendejernsudfr\u00e6ser, som du kan bruge som model til at udfr\u00e6se rendejern. Med rendejernsmodellen laver du nemt b\u00e5de retning for udfr\u00e6sningen, afstanden mellem rendejernene og holder maskinen fast, s\u00e5 vinklen bliver lige.<\/p>\n<p><strong>Arbejdsomr\u00e5de for vinklen<br \/>\n<\/strong>Pladebredde: 40 cm, 60 cm, 90 cm og 120 cm<br \/>\nUdm\u00e5ling af pladel\u00e6ngde: 122 cm eller 251 cm<br \/>\nVinkel: +75\u00b0 \/ -75\u00b0<\/p>\n","protected":false},"excerpt":{"rendered":"<p>F\u00e5 d\u00e6kket n\u00e6sten alle dine sk\u00e6reopgaver med det store AG300\u00a0vinkels\u00e6t fra Angle.design og g\u00f8r arbejdet hurtigere med mindre risiko for m\u00e5lefejl.<\/p>\n","protected":false},"featured_media":5892,"template":"","meta":{"_acf_changed":false,"ocean_post_layout":"","ocean_both_sidebars_style":"","ocean_both_sidebars_content_width":0,"ocean_both_sidebars_sidebars_width":0,"ocean_sidebar":"0","ocean_second_sidebar":"0","ocean_disable_margins":"enable","ocean_add_body_class":"","ocean_shortcode_before_top_bar":"","ocean_shortcode_after_top_bar":"","ocean_shortcode_before_header":"","ocean_shortcode_after_header":"","ocean_has_shortcode":"","ocean_shortcode_after_title":"","ocean_shortcode_before_footer_widgets":"","ocean_shortcode_after_footer_widgets":"","ocean_shortcode_before_footer_bottom":"","ocean_shortcode_after_footer_bottom":"","ocean_display_top_bar":"default","ocean_display_header":"default","ocean_header_style":"","ocean_center_header_left_menu":"0","ocean_custom_header_template":"0","ocean_custom_logo":0,"ocean_custom_retina_logo":0,"ocean_custom_logo_max_width":0,"ocean_custom_logo_tablet_max_width":0,"ocean_custom_logo_mobile_max_width":0,"ocean_custom_logo_max_height":0,"ocean_custom_logo_tablet_max_height":0,"ocean_custom_logo_mobile_max_height":0,"ocean_header_custom_menu":"0","ocean_menu_typo_font_family":"0","ocean_menu_typo_font_subset":"","ocean_menu_typo_font_size":0,"ocean_menu_typo_font_size_tablet":0,"ocean_menu_typo_font_size_mobile":0,"ocean_menu_typo_font_size_unit":"px","ocean_menu_typo_font_weight":"","ocean_menu_typo_font_weight_tablet":"","ocean_menu_typo_font_weight_mobile":"","ocean_menu_typo_transform":"","ocean_menu_typo_transform_tablet":"","ocean_menu_typo_transform_mobile":"","ocean_menu_typo_line_height":0,"ocean_menu_typo_line_height_tablet":0,"ocean_menu_typo_line_height_mobile":0,"ocean_menu_typo_line_height_unit":"","ocean_menu_typo_spacing":0,"ocean_menu_typo_spacing_tablet":0,"ocean_menu_typo_spacing_mobile":0,"ocean_menu_typo_spacing_unit":"","ocean_menu_link_color":"","ocean_menu_link_color_hover":"","ocean_menu_link_color_active":"","ocean_menu_link_background":"","ocean_menu_link_hover_background":"","ocean_menu_link_active_background":"","ocean_menu_social_links_bg":"","ocean_menu_social_hover_links_bg":"","ocean_menu_social_links_color":"","ocean_menu_social_hover_links_color":"","ocean_disable_title":"default","ocean_disable_heading":"default","ocean_post_title":"","ocean_post_subheading":"","ocean_post_title_style":"","ocean_post_title_background_color":"","ocean_post_title_background":0,"ocean_post_title_bg_image_position":"","ocean_post_title_bg_image_attachment":"","ocean_post_title_bg_image_repeat":"","ocean_post_title_bg_image_size":"","ocean_post_title_height":0,"ocean_post_title_bg_overlay":0.5,"ocean_post_title_bg_overlay_color":"","ocean_disable_breadcrumbs":"default","ocean_breadcrumbs_color":"","ocean_breadcrumbs_separator_color":"","ocean_breadcrumbs_links_color":"","ocean_breadcrumbs_links_hover_color":"","ocean_display_footer_widgets":"default","ocean_display_footer_bottom":"default","ocean_custom_footer_template":"0"},"product_brand":[],"product_cat":[24],"product_tag":[],"class_list":{"0":"post-1490","1":"product","2":"type-product","3":"status-publish","4":"has-post-thumbnail","6":"product_cat-vinkelskaerersaet","7":"product_shipping_class-danish","9":"entry","10":"has-media","12":"first","13":"instock","14":"taxable","15":"shipping-taxable","16":"purchasable","17":"product-type-variable","18":"col","19":"span_1_of_2","20":"owp-content-center","21":"owp-thumbs-layout-horizontal","22":"owp-btn-big","23":"owp-tabs-layout-horizontal"},"acf":[],"_links":{"self":[{"href":"https:\/\/www.angle.design\/da\/wp-json\/wp\/v2\/product\/1490","targetHints":{"allow":["GET"]}}],"collection":[{"href":"https:\/\/www.angle.design\/da\/wp-json\/wp\/v2\/product"}],"about":[{"href":"https:\/\/www.angle.design\/da\/wp-json\/wp\/v2\/types\/product"}],"version-history":[{"count":0,"href":"https:\/\/www.angle.design\/da\/wp-json\/wp\/v2\/product\/1490\/revisions"}],"wp:featuredmedia":[{"embeddable":true,"href":"https:\/\/www.angle.design\/da\/wp-json\/wp\/v2\/media\/5892"}],"wp:attachment":[{"href":"https:\/\/www.angle.design\/da\/wp-json\/wp\/v2\/media?parent=1490"}],"wp:term":[{"taxonomy":"product_brand","embeddable":true,"href":"https:\/\/www.angle.design\/da\/wp-json\/wp\/v2\/product_brand?post=1490"},{"taxonomy":"product_cat","embeddable":true,"href":"https:\/\/www.angle.design\/da\/wp-json\/wp\/v2\/product_cat?post=1490"},{"taxonomy":"product_tag","embeddable":true,"href":"https:\/\/www.angle.design\/da\/wp-json\/wp\/v2\/product_tag?post=1490"}],"curies":[{"name":"wp","href":"https:\/\/api.w.org\/{rel}","templated":true}]}}