{"id":1491,"date":"2018-11-23T15:05:52","date_gmt":"2018-11-23T14:05:52","guid":{"rendered":"https:\/\/angle.intoto-udv.dk\/produkt\/mellem-vinkelsaet\/"},"modified":"2023-06-17T03:53:45","modified_gmt":"2023-06-17T01:53:45","slug":"mellem-vinkelsaet-120","status":"publish","type":"product","link":"https:\/\/www.angle.design\/da\/produkt\/mellem-vinkelsaet-120\/","title":{"rendered":"AG201 Mellem vinkels\u00e6t &#8211; 120"},"content":{"rendered":"<p>G\u00f8r de fleste af dine sk\u00e6reopgaver hurtigere og nemmere med AG201 vinkels\u00e6ttet, der g\u00f8r risikoen for m\u00e5lefejl meget mindre end ved opm\u00e5ling med blyant og tommestok. Du indstiller bare skinnerne p\u00e5 det \u00f8nskede m\u00e5l, s\u00e5 sk\u00e6rer du hurtigt og pr\u00e6cist din plade 100 % i vinkel eller i den smig, du har brug for.<\/p>\n<p>For at sikre et f\u00e6rdigt resultat med lave tolerancer er b\u00f8sningerne i skinnerne placeret med f\u00e5 hundredeles n\u00f8jagtighed. Det giver dig garanti for pr\u00e6cise m\u00e5l hver gang. Og hele vinklen er nem at samle p\u00e5 blot 3-4 sekunder.<\/p>\n<p>Med f\u00f8ringsskinnerne i dette s\u00e6t kan du sk\u00e6re pladebredder p\u00e5 op til 90 cm eller 120 cm. Og du kan samle skinnerne, s\u00e5 du har mulighed for at sk\u00e6re en pladebredde p\u00e5 op til 240 cm. Hovedskinnen har m\u00e5l p\u00e5 op til 251 cm og et mekanisk endestop, s\u00e5 du nemt kan sk\u00e6re ens enheder uden at m\u00e5le op til hver enkelt.<\/p>\n<p>Brug s\u00e6ttet til at sk\u00e6re alle former for fibergipsplader, tr\u00e6beton, MDF, st\u00e5lplader og facadeisolering. Eller brug de enkelte dele som m\u00e5leenhed, smigvinkel eller til at afkorte tr\u00e6 eller s\u00e6tte vinkler p\u00e5 v\u00e6gge. S\u00e6ttet giver dig mange forskellige muligheder for anvendelse i dit daglige arbejde.<\/p>\n<p><strong>Arbejdsomr\u00e5de<br \/>\n<\/strong>Pladebredde: 90 cm og 120 cm<br \/>\nUdm\u00e5ling af pladel\u00e6ngde: 122 cm eller 251 cm<br \/>\nVinkel: +75\u00b0 \/ -75\u00b0<\/p>\n","protected":false},"excerpt":{"rendered":"<p>G\u00f8r de fleste af dine sk\u00e6reopgaver hurtigere og nemmere med AG201 vinkels\u00e6ttet, der g\u00f8r risikoen for m\u00e5lefejl meget mindre end ved opm\u00e5ling med blyant og tommestok.<\/p>\n","protected":false},"featured_media":5887,"template":"","meta":{"_acf_changed":false,"ocean_post_layout":"","ocean_both_sidebars_style":"","ocean_both_sidebars_content_width":0,"ocean_both_sidebars_sidebars_width":0,"ocean_sidebar":"0","ocean_second_sidebar":"0","ocean_disable_margins":"enable","ocean_add_body_class":"","ocean_shortcode_before_top_bar":"","ocean_shortcode_after_top_bar":"","ocean_shortcode_before_header":"","ocean_shortcode_after_header":"","ocean_has_shortcode":"","ocean_shortcode_after_title":"","ocean_shortcode_before_footer_widgets":"","ocean_shortcode_after_footer_widgets":"","ocean_shortcode_before_footer_bottom":"","ocean_shortcode_after_footer_bottom":"","ocean_display_top_bar":"default","ocean_display_header":"default","ocean_header_style":"","ocean_center_header_left_menu":"0","ocean_custom_header_template":"0","ocean_custom_logo":0,"ocean_custom_retina_logo":0,"ocean_custom_logo_max_width":0,"ocean_custom_logo_tablet_max_width":0,"ocean_custom_logo_mobile_max_width":0,"ocean_custom_logo_max_height":0,"ocean_custom_logo_tablet_max_height":0,"ocean_custom_logo_mobile_max_height":0,"ocean_header_custom_menu":"0","ocean_menu_typo_font_family":"0","ocean_menu_typo_font_subset":"","ocean_menu_typo_font_size":0,"ocean_menu_typo_font_size_tablet":0,"ocean_menu_typo_font_size_mobile":0,"ocean_menu_typo_font_size_unit":"px","ocean_menu_typo_font_weight":"","ocean_menu_typo_font_weight_tablet":"","ocean_menu_typo_font_weight_mobile":"","ocean_menu_typo_transform":"","ocean_menu_typo_transform_tablet":"","ocean_menu_typo_transform_mobile":"","ocean_menu_typo_line_height":0,"ocean_menu_typo_line_height_tablet":0,"ocean_menu_typo_line_height_mobile":0,"ocean_menu_typo_line_height_unit":"","ocean_menu_typo_spacing":0,"ocean_menu_typo_spacing_tablet":0,"ocean_menu_typo_spacing_mobile":0,"ocean_menu_typo_spacing_unit":"","ocean_menu_link_color":"","ocean_menu_link_color_hover":"","ocean_menu_link_color_active":"","ocean_menu_link_background":"","ocean_menu_link_hover_background":"","ocean_menu_link_active_background":"","ocean_menu_social_links_bg":"","ocean_menu_social_hover_links_bg":"","ocean_menu_social_links_color":"","ocean_menu_social_hover_links_color":"","ocean_disable_title":"default","ocean_disable_heading":"default","ocean_post_title":"","ocean_post_subheading":"","ocean_post_title_style":"","ocean_post_title_background_color":"","ocean_post_title_background":0,"ocean_post_title_bg_image_position":"","ocean_post_title_bg_image_attachment":"","ocean_post_title_bg_image_repeat":"","ocean_post_title_bg_image_size":"","ocean_post_title_height":0,"ocean_post_title_bg_overlay":0.5,"ocean_post_title_bg_overlay_color":"","ocean_disable_breadcrumbs":"default","ocean_breadcrumbs_color":"","ocean_breadcrumbs_separator_color":"","ocean_breadcrumbs_links_color":"","ocean_breadcrumbs_links_hover_color":"","ocean_display_footer_widgets":"default","ocean_display_footer_bottom":"default","ocean_custom_footer_template":"0"},"product_brand":[],"product_cat":[24],"product_tag":[],"class_list":{"0":"post-1491","1":"product","2":"type-product","3":"status-publish","4":"has-post-thumbnail","6":"product_cat-vinkelskaerersaet","7":"product_shipping_class-danish","9":"entry","10":"has-media","12":"first","13":"instock","14":"taxable","15":"shipping-taxable","16":"purchasable","17":"product-type-variable","18":"col","19":"span_1_of_2","20":"owp-content-center","21":"owp-thumbs-layout-horizontal","22":"owp-btn-big","23":"owp-tabs-layout-horizontal"},"acf":[],"_links":{"self":[{"href":"https:\/\/www.angle.design\/da\/wp-json\/wp\/v2\/product\/1491","targetHints":{"allow":["GET"]}}],"collection":[{"href":"https:\/\/www.angle.design\/da\/wp-json\/wp\/v2\/product"}],"about":[{"href":"https:\/\/www.angle.design\/da\/wp-json\/wp\/v2\/types\/product"}],"version-history":[{"count":0,"href":"https:\/\/www.angle.design\/da\/wp-json\/wp\/v2\/product\/1491\/revisions"}],"wp:featuredmedia":[{"embeddable":true,"href":"https:\/\/www.angle.design\/da\/wp-json\/wp\/v2\/media\/5887"}],"wp:attachment":[{"href":"https:\/\/www.angle.design\/da\/wp-json\/wp\/v2\/media?parent=1491"}],"wp:term":[{"taxonomy":"product_brand","embeddable":true,"href":"https:\/\/www.angle.design\/da\/wp-json\/wp\/v2\/product_brand?post=1491"},{"taxonomy":"product_cat","embeddable":true,"href":"https:\/\/www.angle.design\/da\/wp-json\/wp\/v2\/product_cat?post=1491"},{"taxonomy":"product_tag","embeddable":true,"href":"https:\/\/www.angle.design\/da\/wp-json\/wp\/v2\/product_tag?post=1491"}],"curies":[{"name":"wp","href":"https:\/\/api.w.org\/{rel}","templated":true}]}}