{"id":1493,"date":"2018-11-23T15:03:23","date_gmt":"2018-11-23T14:03:23","guid":{"rendered":"https:\/\/angle.intoto-udv.dk\/produkt\/fraesemodel-til-rendejern\/"},"modified":"2023-12-18T09:48:14","modified_gmt":"2023-12-18T08:48:14","slug":"gb100-vinkelanslag-med-udfraeser-til-rendejern","status":"publish","type":"product","link":"https:\/\/www.angle.design\/da\/produkt\/gb100-vinkelanslag-med-udfraeser-til-rendejern\/","title":{"rendered":"GB100 Vinkelanslag &#8211; med udfr\u00e6ser til rendejern"},"content":{"rendered":"<p>Dette vinkelanslag giver dig rig mulighed for nem afl\u00e6sning af vinkler fra -70\u00b0 til +50\u00b0, som i kombination med en rundsav er en let og b\u00e6rbar afkortersav.<\/p>\n<p>S\u00e6ttet indeholder ogs\u00e5 s\u00e6rligt v\u00e6rkt\u00f8j til nem udfr\u00e6sning til rendejern, n\u00e5r du skal montere tagrender. Renderne kan udfr\u00e6ses i tagfoden, uanset om det er tagkrydsfiner eller br\u00e6dder.<\/p>\n<p>Med denne enhed i h\u00e5nden kan du nemt holde afstanden mellem dine rendejern, lave en pr\u00e6cis retning for udfr\u00e6sningen og holde maskinen fast, s\u00e5 den ikke tr\u00e6kker til den ene side. Du skal blot stille s\u00e6ttet p\u00e5 det \u00f8nskede m\u00e5l, og s\u00e5 er du klar til at fr\u00e6se rendejern p\u00e5 en hel tagside p\u00e5 langt kortere tid, end n\u00e5r du m\u00e5ler op med din tommestok og blyant. Ingen m\u00e5lefejl, da enheden holder det pr\u00e6cise m\u00e5l ved hver eneste udfr\u00e6sning.<\/p>\n<p>Man kan forl\u00e6nge Angle.designs f\u00f8ringsskinner med egne og flere andre producenters f\u00f8ringsskinner. Du skal blot bruge TR 110 Samlebeslaget til at samle dem.<\/p>\n<p><strong>Arbejdsomr\u00e5de<\/strong><\/p>\n<p>Afstand mellem rendejern: op til 61 cm<\/p>\n<p>\u00d8nsker du l\u00e6ngere afstand imellem rendejernene, vil vi anbefale dig at bruge MM101 Hovedskinnen. Denne giver dig mulighed for op til 122 cm imellem udfr\u00e6sningerne til rendejern.<\/p>\n","protected":false},"excerpt":{"rendered":"<p>G\u00f8r afl\u00e6sning og sk\u00e6ring af vinkler til en leg. I dette s\u00e6t f\u00e5r du ogs\u00e5 v\u00e6rkt\u00f8j til nem udfr\u00e6sning til rendejern.<\/p>\n","protected":false},"featured_media":5897,"template":"","meta":{"_acf_changed":false,"ocean_post_layout":"","ocean_both_sidebars_style":"","ocean_both_sidebars_content_width":0,"ocean_both_sidebars_sidebars_width":0,"ocean_sidebar":"0","ocean_second_sidebar":"0","ocean_disable_margins":"enable","ocean_add_body_class":"","ocean_shortcode_before_top_bar":"","ocean_shortcode_after_top_bar":"","ocean_shortcode_before_header":"","ocean_shortcode_after_header":"","ocean_has_shortcode":"","ocean_shortcode_after_title":"","ocean_shortcode_before_footer_widgets":"","ocean_shortcode_after_footer_widgets":"","ocean_shortcode_before_footer_bottom":"","ocean_shortcode_after_footer_bottom":"","ocean_display_top_bar":"default","ocean_display_header":"default","ocean_header_style":"","ocean_center_header_left_menu":"0","ocean_custom_header_template":"0","ocean_custom_logo":0,"ocean_custom_retina_logo":0,"ocean_custom_logo_max_width":0,"ocean_custom_logo_tablet_max_width":0,"ocean_custom_logo_mobile_max_width":0,"ocean_custom_logo_max_height":0,"ocean_custom_logo_tablet_max_height":0,"ocean_custom_logo_mobile_max_height":0,"ocean_header_custom_menu":"0","ocean_menu_typo_font_family":"0","ocean_menu_typo_font_subset":"","ocean_menu_typo_font_size":0,"ocean_menu_typo_font_size_tablet":0,"ocean_menu_typo_font_size_mobile":0,"ocean_menu_typo_font_size_unit":"px","ocean_menu_typo_font_weight":"","ocean_menu_typo_font_weight_tablet":"","ocean_menu_typo_font_weight_mobile":"","ocean_menu_typo_transform":"","ocean_menu_typo_transform_tablet":"","ocean_menu_typo_transform_mobile":"","ocean_menu_typo_line_height":0,"ocean_menu_typo_line_height_tablet":0,"ocean_menu_typo_line_height_mobile":0,"ocean_menu_typo_line_height_unit":"","ocean_menu_typo_spacing":0,"ocean_menu_typo_spacing_tablet":0,"ocean_menu_typo_spacing_mobile":0,"ocean_menu_typo_spacing_unit":"","ocean_menu_link_color":"","ocean_menu_link_color_hover":"","ocean_menu_link_color_active":"","ocean_menu_link_background":"","ocean_menu_link_hover_background":"","ocean_menu_link_active_background":"","ocean_menu_social_links_bg":"","ocean_menu_social_hover_links_bg":"","ocean_menu_social_links_color":"","ocean_menu_social_hover_links_color":"","ocean_disable_title":"default","ocean_disable_heading":"default","ocean_post_title":"","ocean_post_subheading":"","ocean_post_title_style":"","ocean_post_title_background_color":"","ocean_post_title_background":0,"ocean_post_title_bg_image_position":"","ocean_post_title_bg_image_attachment":"","ocean_post_title_bg_image_repeat":"","ocean_post_title_bg_image_size":"","ocean_post_title_height":0,"ocean_post_title_bg_overlay":0.5,"ocean_post_title_bg_overlay_color":"","ocean_disable_breadcrumbs":"default","ocean_breadcrumbs_color":"","ocean_breadcrumbs_separator_color":"","ocean_breadcrumbs_links_color":"","ocean_breadcrumbs_links_hover_color":"","ocean_display_footer_widgets":"default","ocean_display_footer_bottom":"default","ocean_custom_footer_template":"0"},"product_brand":[],"product_cat":[24],"product_tag":[],"class_list":{"0":"post-1493","1":"product","2":"type-product","3":"status-publish","4":"has-post-thumbnail","6":"product_cat-vinkelskaerersaet","7":"product_shipping_class-danish","9":"entry","10":"has-media","12":"first","13":"instock","14":"taxable","15":"shipping-taxable","16":"purchasable","17":"product-type-variable","18":"col","19":"span_1_of_2","20":"owp-content-center","21":"owp-thumbs-layout-horizontal","22":"owp-btn-big","23":"owp-tabs-layout-horizontal"},"acf":[],"_links":{"self":[{"href":"https:\/\/www.angle.design\/da\/wp-json\/wp\/v2\/product\/1493","targetHints":{"allow":["GET"]}}],"collection":[{"href":"https:\/\/www.angle.design\/da\/wp-json\/wp\/v2\/product"}],"about":[{"href":"https:\/\/www.angle.design\/da\/wp-json\/wp\/v2\/types\/product"}],"version-history":[{"count":0,"href":"https:\/\/www.angle.design\/da\/wp-json\/wp\/v2\/product\/1493\/revisions"}],"wp:featuredmedia":[{"embeddable":true,"href":"https:\/\/www.angle.design\/da\/wp-json\/wp\/v2\/media\/5897"}],"wp:attachment":[{"href":"https:\/\/www.angle.design\/da\/wp-json\/wp\/v2\/media?parent=1493"}],"wp:term":[{"taxonomy":"product_brand","embeddable":true,"href":"https:\/\/www.angle.design\/da\/wp-json\/wp\/v2\/product_brand?post=1493"},{"taxonomy":"product_cat","embeddable":true,"href":"https:\/\/www.angle.design\/da\/wp-json\/wp\/v2\/product_cat?post=1493"},{"taxonomy":"product_tag","embeddable":true,"href":"https:\/\/www.angle.design\/da\/wp-json\/wp\/v2\/product_tag?post=1493"}],"curies":[{"name":"wp","href":"https:\/\/api.w.org\/{rel}","templated":true}]}}