{"id":3284,"date":"2019-09-22T01:45:02","date_gmt":"2019-09-21T23:45:02","guid":{"rendered":"https:\/\/www.angle.design\/?post_type=product&#038;p=3284"},"modified":"2023-06-17T03:35:47","modified_gmt":"2023-06-17T01:35:47","slug":"lille-vinkelsaet-90","status":"publish","type":"product","link":"https:\/\/www.angle.design\/da\/produkt\/lille-vinkelsaet-90\/","title":{"rendered":"AG100 Lille vinkels\u00e6t &#8211; 90"},"content":{"rendered":"<p>G\u00f8r dine mindre sk\u00e6reopgaver meget hurtigere og minimer samtidig m\u00e5lefejl betydeligt med det lille vinkels\u00e6t AG100 fra Angle.design. Brug s\u00e6ttet alle de steder, hvor du skal sk\u00e6re hurtigt og pr\u00e6cist, for eksempel p\u00e5 alle former for fibergipsplader, tr\u00e6beton, MDF, st\u00e5lplader og facadeisolering.<\/p>\n<p>F\u00f8ringsskinnen kan du bruge til en pladebredde p\u00e5 op til 60 cm. Med dette s\u00e6t skal du ikke l\u00e6ngere s\u00e6tte m\u00e5l, men blot placere skinnen p\u00e5 det \u00f8nskede m\u00e5l. Du er sikker p\u00e5 at sk\u00e6re din plade 100 % i vinkel eller i den smig, du har brug for. Og vinklen er samlet p\u00e5 kun 3-4 sekunder fra transportstilling.<\/p>\n<p>Skinnerne har b\u00f8sninger, der er placeret med f\u00e5 hundredeles n\u00f8jagtighed for at sikre, at det f\u00e6rdige arbejde bliver s\u00e5 pr\u00e6cist som muligt. Brug ogs\u00e5 vinkelf\u00f8ringsskinnen som smigvinkel, m\u00e5leenhed, til at afkorte tr\u00e6 eller til at s\u00e6tte vinkler p\u00e5 v\u00e6gge.<\/p>\n<p><strong>Arbejdsomr\u00e5de<br \/>\n<\/strong>Pladebredde: 60 cm<br \/>\nUdm\u00e5ling af pladel\u00e6ngde: 122 cm<br \/>\nVinkel: +75\u00b0 \/ -26\u00b0<\/p>\n","protected":false},"excerpt":{"rendered":"<p>G\u00f8r dine mindre sk\u00e6reopgaver meget hurtigere og minimer samtidig m\u00e5lefejl betydeligt med det lille vinkels\u00e6t AG100 fra Angle.design.<\/p>\n","protected":false},"featured_media":5872,"template":"","meta":{"_acf_changed":false,"ocean_post_layout":"","ocean_both_sidebars_style":"","ocean_both_sidebars_content_width":0,"ocean_both_sidebars_sidebars_width":0,"ocean_sidebar":"0","ocean_second_sidebar":"0","ocean_disable_margins":"enable","ocean_add_body_class":"","ocean_shortcode_before_top_bar":"","ocean_shortcode_after_top_bar":"","ocean_shortcode_before_header":"","ocean_shortcode_after_header":"","ocean_has_shortcode":"","ocean_shortcode_after_title":"","ocean_shortcode_before_footer_widgets":"","ocean_shortcode_after_footer_widgets":"","ocean_shortcode_before_footer_bottom":"","ocean_shortcode_after_footer_bottom":"","ocean_display_top_bar":"default","ocean_display_header":"default","ocean_header_style":"","ocean_center_header_left_menu":"0","ocean_custom_header_template":"0","ocean_custom_logo":0,"ocean_custom_retina_logo":0,"ocean_custom_logo_max_width":0,"ocean_custom_logo_tablet_max_width":0,"ocean_custom_logo_mobile_max_width":0,"ocean_custom_logo_max_height":0,"ocean_custom_logo_tablet_max_height":0,"ocean_custom_logo_mobile_max_height":0,"ocean_header_custom_menu":"0","ocean_menu_typo_font_family":"0","ocean_menu_typo_font_subset":"","ocean_menu_typo_font_size":0,"ocean_menu_typo_font_size_tablet":0,"ocean_menu_typo_font_size_mobile":0,"ocean_menu_typo_font_size_unit":"px","ocean_menu_typo_font_weight":"","ocean_menu_typo_font_weight_tablet":"","ocean_menu_typo_font_weight_mobile":"","ocean_menu_typo_transform":"","ocean_menu_typo_transform_tablet":"","ocean_menu_typo_transform_mobile":"","ocean_menu_typo_line_height":0,"ocean_menu_typo_line_height_tablet":0,"ocean_menu_typo_line_height_mobile":0,"ocean_menu_typo_line_height_unit":"","ocean_menu_typo_spacing":0,"ocean_menu_typo_spacing_tablet":0,"ocean_menu_typo_spacing_mobile":0,"ocean_menu_typo_spacing_unit":"","ocean_menu_link_color":"","ocean_menu_link_color_hover":"","ocean_menu_link_color_active":"","ocean_menu_link_background":"","ocean_menu_link_hover_background":"","ocean_menu_link_active_background":"","ocean_menu_social_links_bg":"","ocean_menu_social_hover_links_bg":"","ocean_menu_social_links_color":"","ocean_menu_social_hover_links_color":"","ocean_disable_title":"default","ocean_disable_heading":"default","ocean_post_title":"","ocean_post_subheading":"","ocean_post_title_style":"","ocean_post_title_background_color":"","ocean_post_title_background":0,"ocean_post_title_bg_image_position":"","ocean_post_title_bg_image_attachment":"","ocean_post_title_bg_image_repeat":"","ocean_post_title_bg_image_size":"","ocean_post_title_height":0,"ocean_post_title_bg_overlay":0.5,"ocean_post_title_bg_overlay_color":"","ocean_disable_breadcrumbs":"default","ocean_breadcrumbs_color":"","ocean_breadcrumbs_separator_color":"","ocean_breadcrumbs_links_color":"","ocean_breadcrumbs_links_hover_color":"","ocean_display_footer_widgets":"default","ocean_display_footer_bottom":"default","ocean_custom_footer_template":"0"},"product_brand":[],"product_cat":[24],"product_tag":[],"class_list":{"0":"post-3284","1":"product","2":"type-product","3":"status-publish","4":"has-post-thumbnail","6":"product_cat-vinkelskaerersaet","7":"product_shipping_class-danish","9":"entry","10":"has-media","12":"first","13":"instock","14":"taxable","15":"shipping-taxable","16":"purchasable","17":"product-type-variable","18":"col","19":"span_1_of_2","20":"owp-content-center","21":"owp-thumbs-layout-horizontal","22":"owp-btn-big","23":"owp-tabs-layout-horizontal"},"acf":[],"_links":{"self":[{"href":"https:\/\/www.angle.design\/da\/wp-json\/wp\/v2\/product\/3284","targetHints":{"allow":["GET"]}}],"collection":[{"href":"https:\/\/www.angle.design\/da\/wp-json\/wp\/v2\/product"}],"about":[{"href":"https:\/\/www.angle.design\/da\/wp-json\/wp\/v2\/types\/product"}],"version-history":[{"count":0,"href":"https:\/\/www.angle.design\/da\/wp-json\/wp\/v2\/product\/3284\/revisions"}],"wp:featuredmedia":[{"embeddable":true,"href":"https:\/\/www.angle.design\/da\/wp-json\/wp\/v2\/media\/5872"}],"wp:attachment":[{"href":"https:\/\/www.angle.design\/da\/wp-json\/wp\/v2\/media?parent=3284"}],"wp:term":[{"taxonomy":"product_brand","embeddable":true,"href":"https:\/\/www.angle.design\/da\/wp-json\/wp\/v2\/product_brand?post=3284"},{"taxonomy":"product_cat","embeddable":true,"href":"https:\/\/www.angle.design\/da\/wp-json\/wp\/v2\/product_cat?post=3284"},{"taxonomy":"product_tag","embeddable":true,"href":"https:\/\/www.angle.design\/da\/wp-json\/wp\/v2\/product_tag?post=3284"}],"curies":[{"name":"wp","href":"https:\/\/api.w.org\/{rel}","templated":true}]}}