{"id":6209,"date":"2023-11-22T15:48:09","date_gmt":"2023-11-22T14:48:09","guid":{"rendered":"https:\/\/www.angle.design\/?post_type=product&#038;p=6209"},"modified":"2024-01-19T13:28:05","modified_gmt":"2024-01-19T12:28:05","slug":"gb150-vinkelanslag-med-endestop-51","status":"publish","type":"product","link":"https:\/\/www.angle.design\/da\/produkt\/gb150-vinkelanslag-med-endestop-51\/","title":{"rendered":"GB150 Vinkelanslag med endestop &#8211; 51"},"content":{"rendered":"<p>Nem, pr\u00e6cis og effektiv afl\u00e6sning af vinkler f\u00e5r du i dette s\u00e6t med en fast integreret f\u00f8ringsskinne, s\u00e5 du slipper for de tunge l\u00f8ft af tr\u00e6 over til kap-\/geringssaven. Du skal bl.a. se dette s\u00e6t som en b\u00e6rbar afkortersav. Glem alt om blyant og tommestok, n\u00e5r du har dette s\u00e6t i h\u00e5nden. Du har her ogs\u00e5 en smigvinkel, der er helt klar til din rundsav, og du kan sk\u00e6re materialet lige der, hvor lastbilen har leveret det.<\/p>\n<p>Vinkler fra -70\u00b0 til +50\u00b0 kan nemt afl\u00e6ses til dit arbejde med f.eks. vindskeder, gavlbekl\u00e6dning, sp\u00e6rtr\u00e6, vinduesplader, vindueslysninger, vinduesstenplader, gulve, gulvplanker, terrassebr\u00e6dder og meget mere. Der er ikke mange station\u00e6re save, der tilbyder helt op til -70\u00b0 i smig.<\/p>\n<p>S\u00e6ttet er vendbart, s\u00e5 du kan afkorte i b\u00e5de h\u00f8jre og venstre side af det materiale, du skal bearbejde til pr\u00e6cis den placering, som materialet skal benyttes til.<\/p>\n<p>Mange t\u00f8mrere tager dette s\u00e6t i brug p\u00e5 daglig basis, da der er mange forskellige m\u00e5der, det kan benyttes p\u00e5. Kun fantasien s\u00e6tter gr\u00e6nser.<\/p>\n<p>Man kan forl\u00e6nge Angle.designs f\u00f8ringsskinner med egne og flere andre producenters f\u00f8ringsskinner. Du skal blot bruge TR 110 Samlebeslaget til at samle dem.<\/p>\n","protected":false},"excerpt":{"rendered":"<p>Formidabelt v\u00e6rkt\u00f8j som b\u00e6rbar afkortersav og vinkelanslag til nem afl\u00e6sning af vinkler fra -70\u00b0 til +50\u00b0. Passer til alle kendte m\u00e6rker af rundsave.<\/p>\n","protected":false},"featured_media":6222,"template":"","meta":{"_acf_changed":false,"ocean_post_layout":"","ocean_both_sidebars_style":"","ocean_both_sidebars_content_width":0,"ocean_both_sidebars_sidebars_width":0,"ocean_sidebar":"","ocean_second_sidebar":"","ocean_disable_margins":"enable","ocean_add_body_class":"","ocean_shortcode_before_top_bar":"","ocean_shortcode_after_top_bar":"","ocean_shortcode_before_header":"","ocean_shortcode_after_header":"","ocean_has_shortcode":"","ocean_shortcode_after_title":"","ocean_shortcode_before_footer_widgets":"","ocean_shortcode_after_footer_widgets":"","ocean_shortcode_before_footer_bottom":"","ocean_shortcode_after_footer_bottom":"","ocean_display_top_bar":"default","ocean_display_header":"default","ocean_header_style":"","ocean_center_header_left_menu":"","ocean_custom_header_template":"","ocean_custom_logo":0,"ocean_custom_retina_logo":0,"ocean_custom_logo_max_width":0,"ocean_custom_logo_tablet_max_width":0,"ocean_custom_logo_mobile_max_width":0,"ocean_custom_logo_max_height":0,"ocean_custom_logo_tablet_max_height":0,"ocean_custom_logo_mobile_max_height":0,"ocean_header_custom_menu":"","ocean_menu_typo_font_family":"","ocean_menu_typo_font_subset":"","ocean_menu_typo_font_size":0,"ocean_menu_typo_font_size_tablet":0,"ocean_menu_typo_font_size_mobile":0,"ocean_menu_typo_font_size_unit":"px","ocean_menu_typo_font_weight":"","ocean_menu_typo_font_weight_tablet":"","ocean_menu_typo_font_weight_mobile":"","ocean_menu_typo_transform":"","ocean_menu_typo_transform_tablet":"","ocean_menu_typo_transform_mobile":"","ocean_menu_typo_line_height":0,"ocean_menu_typo_line_height_tablet":0,"ocean_menu_typo_line_height_mobile":0,"ocean_menu_typo_line_height_unit":"","ocean_menu_typo_spacing":0,"ocean_menu_typo_spacing_tablet":0,"ocean_menu_typo_spacing_mobile":0,"ocean_menu_typo_spacing_unit":"","ocean_menu_link_color":"","ocean_menu_link_color_hover":"","ocean_menu_link_color_active":"","ocean_menu_link_background":"","ocean_menu_link_hover_background":"","ocean_menu_link_active_background":"","ocean_menu_social_links_bg":"","ocean_menu_social_hover_links_bg":"","ocean_menu_social_links_color":"","ocean_menu_social_hover_links_color":"","ocean_disable_title":"default","ocean_disable_heading":"default","ocean_post_title":"","ocean_post_subheading":"","ocean_post_title_style":"","ocean_post_title_background_color":"","ocean_post_title_background":0,"ocean_post_title_bg_image_position":"","ocean_post_title_bg_image_attachment":"","ocean_post_title_bg_image_repeat":"","ocean_post_title_bg_image_size":"","ocean_post_title_height":0,"ocean_post_title_bg_overlay":0.5,"ocean_post_title_bg_overlay_color":"","ocean_disable_breadcrumbs":"default","ocean_breadcrumbs_color":"","ocean_breadcrumbs_separator_color":"","ocean_breadcrumbs_links_color":"","ocean_breadcrumbs_links_hover_color":"","ocean_display_footer_widgets":"default","ocean_display_footer_bottom":"default","ocean_custom_footer_template":""},"product_brand":[],"product_cat":[24],"product_tag":[],"class_list":{"0":"post-6209","1":"product","2":"type-product","3":"status-publish","4":"has-post-thumbnail","6":"product_cat-vinkelskaerersaet","7":"product_shipping_class-danish","9":"entry","10":"has-media","12":"first","13":"instock","14":"taxable","15":"shipping-taxable","16":"purchasable","17":"product-type-variable","18":"col","19":"span_1_of_2","20":"owp-content-center","21":"owp-thumbs-layout-horizontal","22":"owp-btn-big","23":"owp-tabs-layout-horizontal"},"acf":[],"_links":{"self":[{"href":"https:\/\/www.angle.design\/da\/wp-json\/wp\/v2\/product\/6209","targetHints":{"allow":["GET"]}}],"collection":[{"href":"https:\/\/www.angle.design\/da\/wp-json\/wp\/v2\/product"}],"about":[{"href":"https:\/\/www.angle.design\/da\/wp-json\/wp\/v2\/types\/product"}],"version-history":[{"count":0,"href":"https:\/\/www.angle.design\/da\/wp-json\/wp\/v2\/product\/6209\/revisions"}],"wp:featuredmedia":[{"embeddable":true,"href":"https:\/\/www.angle.design\/da\/wp-json\/wp\/v2\/media\/6222"}],"wp:attachment":[{"href":"https:\/\/www.angle.design\/da\/wp-json\/wp\/v2\/media?parent=6209"}],"wp:term":[{"taxonomy":"product_brand","embeddable":true,"href":"https:\/\/www.angle.design\/da\/wp-json\/wp\/v2\/product_brand?post=6209"},{"taxonomy":"product_cat","embeddable":true,"href":"https:\/\/www.angle.design\/da\/wp-json\/wp\/v2\/product_cat?post=6209"},{"taxonomy":"product_tag","embeddable":true,"href":"https:\/\/www.angle.design\/da\/wp-json\/wp\/v2\/product_tag?post=6209"}],"curies":[{"name":"wp","href":"https:\/\/api.w.org\/{rel}","templated":true}]}}