{"id":6239,"date":"2023-11-22T16:27:24","date_gmt":"2023-11-22T15:27:24","guid":{"rendered":"https:\/\/www.angle.design\/?post_type=product&#038;p=6239"},"modified":"2024-01-19T13:33:15","modified_gmt":"2024-01-19T12:33:15","slug":"gb200-vinkelanslag-med-endestop-90","status":"publish","type":"product","link":"https:\/\/www.angle.design\/da\/produkt\/gb200-vinkelanslag-med-endestop-90\/","title":{"rendered":"GB200 Vinkelanslag med endestop \u2013 90"},"content":{"rendered":"<p>Med 2 forskellige l\u00e6ngder af f\u00f8ringsskinner i dette vinkelanslag udvider du dine brugsomr\u00e5der rigtig meget. F.eks. er tilpasning af sp\u00e6rtr\u00e6 perfekt med 51 cm f\u00f8ringsskinnen, og ops\u00e6tning af loftsplader er perfekt med 90 cm f\u00f8ringsskinnen, som kan benyttes til materialebredder op til 60 cm.<\/p>\n<p>Bygger du tagkonstruktioner kan tr\u00e6et v\u00e6re enormt tungt og besv\u00e6rligt at b\u00e6re over til din kap-\/geringssav eller formatsav. Med dette vinkelanslag kan du nemt, pr\u00e6cist og effektivt afl\u00e6se din n\u00e6ste vinkel fra -70\u00b0 til +50\u00b0 og sk\u00e6re tr\u00e6et p\u00e5 stedet, hvor lastbilen har l\u00e6sset det af. Du sparer p\u00e5 den m\u00e5de mange tunge l\u00f8ft og tid, og derudover er der ikke mange station\u00e6re save, der tilbyder helt op til -70\u00b0 i smig. Det er en stor fordel ved tagh\u00e6ldninger p\u00e5 20\u00b0.<\/p>\n<p>Denne smigvinkel kan bruges med alle kendte m\u00e6rker af save, som passer til f\u00f8ringsskinner. Rundsave, dyksave, sv\u00e6rdsave osv. Det giver dig nem og effektiv afl\u00e6sning af vinkler, hvis du arbejder med f.eks. vindskeder, gavlbekl\u00e6dning, sp\u00e6rtr\u00e6, vinduesplader, vindueslysninger, vinduesstenplader, gulve, gulvplanker, terrassebr\u00e6dder og meget mere.<\/p>\n<p>Alle f\u00f8ringsskinner fra Angle.design er vendbare, s\u00e5 du kan sk\u00e6re med sav langs den ene side (ved gummilisten) og med kniv langs den anden side (uden gummiliste).<\/p>\n<p>51 cm f\u00f8ringsskinnen har en ekstra detalje. Du kan afl\u00e6se grader i b\u00e5de h\u00f8jre og venstre side af f\u00f8ringsskinnen, s\u00e5 du kan afkorte i b\u00e5de h\u00f8jre og venstre side af det materiale, du skal bearbejde. Dermed passer materialet perfekt ind ved montering.<\/p>\n<p>Kombineres dette vinkelanslag med k\u00e6derne fra Angle.design, kan det benyttes som et gasbetons\u00e6t. For mere information om k\u00e6derne, kontakt venligst <a href=\"mailto:info@angle.design\">info@angle.design<\/a> eller tlf. 22 22 88 55.<\/p>\n<p>Man kan forl\u00e6nge Angle.designs f\u00f8ringsskinner med egne og flere andre producenters f\u00f8ringsskinner. Du skal blot bruge TR 110 Samlebeslaget til at samle dem.<\/p>\n","protected":false},"excerpt":{"rendered":"<p>B\u00e6rbar smigvinkel med f\u00f8ringsskinner, der passer til alle kendte m\u00e6rker af rundsave. Vinkelanslaget giver dig nem afl\u00e6sning af vinkler fra -70\u00b0 til +50\u00b0.<\/p>\n","protected":false},"featured_media":6227,"template":"","meta":{"_acf_changed":false,"ocean_post_layout":"","ocean_both_sidebars_style":"","ocean_both_sidebars_content_width":0,"ocean_both_sidebars_sidebars_width":0,"ocean_sidebar":"","ocean_second_sidebar":"","ocean_disable_margins":"enable","ocean_add_body_class":"","ocean_shortcode_before_top_bar":"","ocean_shortcode_after_top_bar":"","ocean_shortcode_before_header":"","ocean_shortcode_after_header":"","ocean_has_shortcode":"","ocean_shortcode_after_title":"","ocean_shortcode_before_footer_widgets":"","ocean_shortcode_after_footer_widgets":"","ocean_shortcode_before_footer_bottom":"","ocean_shortcode_after_footer_bottom":"","ocean_display_top_bar":"default","ocean_display_header":"default","ocean_header_style":"","ocean_center_header_left_menu":"","ocean_custom_header_template":"","ocean_custom_logo":0,"ocean_custom_retina_logo":0,"ocean_custom_logo_max_width":0,"ocean_custom_logo_tablet_max_width":0,"ocean_custom_logo_mobile_max_width":0,"ocean_custom_logo_max_height":0,"ocean_custom_logo_tablet_max_height":0,"ocean_custom_logo_mobile_max_height":0,"ocean_header_custom_menu":"","ocean_menu_typo_font_family":"","ocean_menu_typo_font_subset":"","ocean_menu_typo_font_size":0,"ocean_menu_typo_font_size_tablet":0,"ocean_menu_typo_font_size_mobile":0,"ocean_menu_typo_font_size_unit":"px","ocean_menu_typo_font_weight":"","ocean_menu_typo_font_weight_tablet":"","ocean_menu_typo_font_weight_mobile":"","ocean_menu_typo_transform":"","ocean_menu_typo_transform_tablet":"","ocean_menu_typo_transform_mobile":"","ocean_menu_typo_line_height":0,"ocean_menu_typo_line_height_tablet":0,"ocean_menu_typo_line_height_mobile":0,"ocean_menu_typo_line_height_unit":"","ocean_menu_typo_spacing":0,"ocean_menu_typo_spacing_tablet":0,"ocean_menu_typo_spacing_mobile":0,"ocean_menu_typo_spacing_unit":"","ocean_menu_link_color":"","ocean_menu_link_color_hover":"","ocean_menu_link_color_active":"","ocean_menu_link_background":"","ocean_menu_link_hover_background":"","ocean_menu_link_active_background":"","ocean_menu_social_links_bg":"","ocean_menu_social_hover_links_bg":"","ocean_menu_social_links_color":"","ocean_menu_social_hover_links_color":"","ocean_disable_title":"default","ocean_disable_heading":"default","ocean_post_title":"","ocean_post_subheading":"","ocean_post_title_style":"","ocean_post_title_background_color":"","ocean_post_title_background":0,"ocean_post_title_bg_image_position":"","ocean_post_title_bg_image_attachment":"","ocean_post_title_bg_image_repeat":"","ocean_post_title_bg_image_size":"","ocean_post_title_height":0,"ocean_post_title_bg_overlay":0.5,"ocean_post_title_bg_overlay_color":"","ocean_disable_breadcrumbs":"default","ocean_breadcrumbs_color":"","ocean_breadcrumbs_separator_color":"","ocean_breadcrumbs_links_color":"","ocean_breadcrumbs_links_hover_color":"","ocean_display_footer_widgets":"default","ocean_display_footer_bottom":"default","ocean_custom_footer_template":""},"product_brand":[],"product_cat":[24],"product_tag":[],"class_list":{"0":"post-6239","1":"product","2":"type-product","3":"status-publish","4":"has-post-thumbnail","6":"product_cat-vinkelskaerersaet","7":"product_shipping_class-danish","9":"entry","10":"has-media","12":"first","13":"instock","14":"taxable","15":"shipping-taxable","16":"purchasable","17":"product-type-variable","18":"col","19":"span_1_of_2","20":"owp-content-center","21":"owp-thumbs-layout-horizontal","22":"owp-btn-big","23":"owp-tabs-layout-horizontal"},"acf":[],"_links":{"self":[{"href":"https:\/\/www.angle.design\/da\/wp-json\/wp\/v2\/product\/6239","targetHints":{"allow":["GET"]}}],"collection":[{"href":"https:\/\/www.angle.design\/da\/wp-json\/wp\/v2\/product"}],"about":[{"href":"https:\/\/www.angle.design\/da\/wp-json\/wp\/v2\/types\/product"}],"version-history":[{"count":0,"href":"https:\/\/www.angle.design\/da\/wp-json\/wp\/v2\/product\/6239\/revisions"}],"wp:featuredmedia":[{"embeddable":true,"href":"https:\/\/www.angle.design\/da\/wp-json\/wp\/v2\/media\/6227"}],"wp:attachment":[{"href":"https:\/\/www.angle.design\/da\/wp-json\/wp\/v2\/media?parent=6239"}],"wp:term":[{"taxonomy":"product_brand","embeddable":true,"href":"https:\/\/www.angle.design\/da\/wp-json\/wp\/v2\/product_brand?post=6239"},{"taxonomy":"product_cat","embeddable":true,"href":"https:\/\/www.angle.design\/da\/wp-json\/wp\/v2\/product_cat?post=6239"},{"taxonomy":"product_tag","embeddable":true,"href":"https:\/\/www.angle.design\/da\/wp-json\/wp\/v2\/product_tag?post=6239"}],"curies":[{"name":"wp","href":"https:\/\/api.w.org\/{rel}","templated":true}]}}