{"id":2446,"date":"2019-04-01T17:20:56","date_gmt":"2019-04-01T15:20:56","guid":{"rendered":"https:\/\/angle.intoto-udv.dk\/cookies-und-datenschutz\/"},"modified":"2019-04-01T17:20:56","modified_gmt":"2019-04-01T15:20:56","slug":"cookies-und-datenschutz","status":"publish","type":"page","link":"https:\/\/www.angle.design\/de\/cookies-und-datenschutz\/","title":{"rendered":"Cookies und datenschutz"},"content":{"rendered":"<div id=\"post-1019\" class=\"post page clearfix post-1019 type-page status-publish hentry\">\n<div class=\"entry clearfix\">\n<h3>Einleitung<\/h3>\n<p>Wenn Sie unsere Website <strong>https:\/\/www.angle.design<\/strong> besuchen, werden Informationen \u00fcber Sie erfasst, die dazu dienen, unsere Inhalte anzupassen und zu verbessern sowie den Wert der auf der Website angezeigten Anzeigen zu steigern. Wenn Sie nicht m\u00f6chten, dass Informationen erfasst werden, sollten Sie Ihre Cookies l\u00f6schen (<a href=\"http:\/\/minecookies.org\/cookiehandtering\" target=\"_blank\" rel=\"noopener\">siehe Anleitung<\/a>) und die Website nicht weiter nutzen. Im Folgenden erl\u00e4utern wir, welche Informationen zu welchem Zweck erhoben werden und welche Drittparteien Zugriff darauf haben.<\/p>\n<h3>Cookies<\/h3>\n<p>Diese Website verwendet \u201eCookies\u201c. Hierbei handelt es sich um Textdateien, die lokal auf Ihrem Rechner, Mobiltelefon oder einem \u00e4hnlichen Ger\u00e4t gespeichert und dazu genutzt werden, dieses Ger\u00e4t wiederzuerkennen, Einstellungen zu speichern, Statistiken zu erstellen und zielgerichtete Werbung anzuzeigen. Cookies k\u00f6nnen keinen sch\u00e4dlichen Code, wie z. B. Viren, enthalten.<\/p>\n<p>Sie k\u00f6nnen Cookies l\u00f6schen oder blockieren. Siehe Anleitung unter: <a href=\"http:\/\/minecookies.org\/cookiehandtering\" target=\"_blank\" rel=\"noopener\">http:\/\/minecookies.org\/cookiehandtering<\/a><\/p>\n<p>Wenn Sie Cookies l\u00f6schen oder blockieren, ist die Ihnen angezeigte Werbung m\u00f6glicherweise weniger interessant und erscheint h\u00e4ufiger. Zudem kann es sein, dass die Webseite nicht optimal funktioniert und Sie keinen Zugriff auf bestimmte Inhalte haben.<\/p>\n<p>Die Website enth\u00e4lt Cookies von Dritten, zu denen in unterschiedlichem Umfang folgende geh\u00f6ren k\u00f6nnen:<\/p>\n<ul>\n<li>Google<\/li>\n<li>Facebook<\/li>\n<li>LinkedIn<\/li>\n<\/ul>\n<h2>Personenbezogene daten<\/h2>\n<h3>Allgemein<\/h3>\n<p>Personenbezogene Daten sind Informationen aller Art, die in irgendeiner Weise auf Sie zur\u00fcckgef\u00fchrt werden k\u00f6nnen. Wenn Sie unsere Website nutzen, erfassen und verarbeiten wir eine Reihe solcher Informationen. Dies geschieht z. B. bei allgemeinem Zugriff auf Inhalte unserer Website, wenn Sie unseren Newsletter abonnieren, an Gewinnspielen oder Umfragen teilnehmen, sich als Benutzer oder Abonnement registrieren oder auf andere Weise unsere Dienste in Anspruch nehmen oder auf unserer Webseite einkaufen.<\/p>\n<p>Eine eindeutige ID und technische Angaben zu Ihrem Computer, Tablet oder Mobiltelefon, Ihre IP-Adresse, Ihren geografischen Standort sowie auf welche Seiten Sie klicken (Ihre Interessen). Wenn Sie ausdr\u00fccklich Ihre Zustimmung erteilen und selbst folgende Informationen eingeben, verarbeiten wir zudem: Ihren Namen, Ihre Telefonnummer, E-Mail-Adresse, Adresse und Zahlungsangaben. Dies erfolgt f\u00fcr gew\u00f6hnlich im Zusammenhang mit dem Erstellen eines Benutzerkontos oder bei Online-Eink\u00e4ufen.<\/p>\n<h3>Sicherheit<\/h3>\n<p>Wir haben technische und organisatorische Ma\u00dfnahmen ergriffen, damit Ihre Informationen nicht unabsichtlich oder unrechtm\u00e4\u00dfig gel\u00f6scht oder ver\u00f6ffentlicht werden, verloren gehen, besch\u00e4digt werden oder Unbefugten zur Kenntnis gelangen, missbraucht oder auf sonstige Weise unrechtm\u00e4\u00dfig verarbeitet werden.<\/p>\n<h3>Zweck<\/h3>\n<p>Die Informationen werden verwendet, um Sie als Benutzer zu identifizieren und Ihnen die Werbung anzuzeigen, die mit gr\u00f6\u00dfter Wahrscheinlichkeit f\u00fcr Sie relevant ist, um Ihre Eink\u00e4ufe und Zahlungen zu registrieren sowie um Ihnen die Leistungen zu erbringen, die Sie angefordert haben, z. B. Zusenden eines Newsletters. Dar\u00fcber hinaus werden die Informationen verwendet, um unsere Dienste und Inhalte zu optimieren.<\/p>\n<h3>Aufbewahrungszeitraum<\/h3>\n<p>Die Informationen werden f\u00fcr den gesetzlich zul\u00e4ssigen Zeitraum aufbewahrt, und wir l\u00f6schen diese, wenn sie nicht l\u00e4nger ben\u00f6tigt werden. Der Zeitraum h\u00e4ngt von der Art der Information und dem Grund f\u00fcr das Aufbewahren ab. Daher ist es nicht m\u00f6glich, einen allgemeinen Zeitraum anzugeben, nach dem die Informationen gel\u00f6scht werden.<\/p>\n<h3>Weitergabe von informationen<\/h3>\n<p>Daten zu Ihrer Nutzung der Webseite, zu dargestellten und gegebenenfalls angeklickten Werbeanzeigen, Ihrem geografischen Standort, Geschlecht und Ihrer Altersgruppe usw. werden nur in dem Umfang an Dritte weitergegeben, in dem diese Angaben bekannt sind. Im obigen Abschnitt \u201eCookies\u201c k\u00f6nnen Sie sehen, welche Drittparteien dies betrifft. Die Informationen werden f\u00fcr zielgerichtete Werbung verwendet.<\/p>\n<p>Dar\u00fcber hinaus arbeiten wir mit einer Reihe von Drittparteien f\u00fcr die Aufbewahrung und Verarbeitung von Daten zusammen. Diese verarbeiten ausschlie\u00dflich Informationen in unserem Auftrag und d\u00fcrfen diese nicht f\u00fcr eigene Zwecke verwenden.<\/p>\n<p>Die Weitergabe von personenbezogenen Daten wie Ihrem Name und Ihrer E-Mail-Adresse usw. erfolgt nur mit Ihrer Zustimmung. Wir arbeiten ausschlie\u00dflich mit Datenverarbeitern in der EU oder in L\u00e4ndern, in denen Ihre Informationen ausreichend gesch\u00fctzt sind.<\/p>\n<h3>Einsichtnahme und beschwerde<\/h3>\n<p>Sie haben das Recht zu erfahren, welche personenbezogenen Daten wir \u00fcber sie verarbeiten. Zudem k\u00f6nnen Sie jederzeit der Verwendung von Informationen widersprechen. Sie k\u00f6nnen auch Ihre Zustimmung zur Verarbeitung von Informationen \u00fcber Sie widerrufen. Wenn die Informationen, die \u00fcber Sie verarbeitet werden, falsch sind, haben Sie das Recht, diese korrigieren oder l\u00f6schen zu lassen. Wenden Sie sich hierzu an: <a href=\"mailto:post@angle.design\">post@angle.design<\/a>. Wenn Sie gegen unsere Verarbeitung Ihrer personenbezogenen Daten Beschwerde einreichen m\u00f6chten, k\u00f6nnen Sie sich auch an die d\u00e4nische Datenschutzbeh\u00f6rde <a href=\"https:\/\/www.datatilsynet.dk\" target=\"_blank\" rel=\"noopener\">Datatilsynet <\/a>wenden.<\/p>\n<h3>Herausgeber<\/h3>\n<p>Die Website https:\/\/www.angle.design ist Eigentum und wird ver\u00f6ffentlicht von:<\/p>\n<p><strong>Angle.Design ApS<\/strong><br \/>\nBoestoftevej 26 A<br \/>\nHavnelev<br \/>\n4673 R\u00f8dvig Stevns<br \/>\nCVR: 37645419<\/p>\n<p>&nbsp;<\/p>\n<\/div>\n<\/div>\n","protected":false},"excerpt":{"rendered":"<p>Einleitung Wenn Sie unsere Website https:\/\/www.angle.design besuchen, werden Informationen \u00fcber Sie erfasst, die dazu dienen, unsere Inhalte anzupassen und zu verbessern sowie den Wert der auf der Website angezeigten Anzeigen zu steigern. Wenn Sie nicht m\u00f6chten, dass Informationen erfasst werden, sollten Sie Ihre Cookies l\u00f6schen (siehe Anleitung) und die Website nicht weiter nutzen. Im Folgenden [&hellip;]<\/p>\n","protected":false},"author":1,"featured_media":541,"parent":0,"menu_order":50,"comment_status":"closed","ping_status":"closed","template":"","meta":{"_acf_changed":false,"ocean_post_layout":"","ocean_both_sidebars_style":"","ocean_both_sidebars_content_width":0,"ocean_both_sidebars_sidebars_width":0,"ocean_sidebar":"0","ocean_second_sidebar":"0","ocean_disable_margins":"enable","ocean_add_body_class":"","ocean_shortcode_before_top_bar":"","ocean_shortcode_after_top_bar":"","ocean_shortcode_before_header":"","ocean_shortcode_after_header":"","ocean_has_shortcode":"","ocean_shortcode_after_title":"","ocean_shortcode_before_footer_widgets":"","ocean_shortcode_after_footer_widgets":"","ocean_shortcode_before_footer_bottom":"","ocean_shortcode_after_footer_bottom":"","ocean_display_top_bar":"default","ocean_display_header":"default","ocean_header_style":"","ocean_center_header_left_menu":"0","ocean_custom_header_template":"0","ocean_custom_logo":0,"ocean_custom_retina_logo":0,"ocean_custom_logo_max_width":0,"ocean_custom_logo_tablet_max_width":0,"ocean_custom_logo_mobile_max_width":0,"ocean_custom_logo_max_height":0,"ocean_custom_logo_tablet_max_height":0,"ocean_custom_logo_mobile_max_height":0,"ocean_header_custom_menu":"0","ocean_menu_typo_font_family":"0","ocean_menu_typo_font_subset":"","ocean_menu_typo_font_size":0,"ocean_menu_typo_font_size_tablet":0,"ocean_menu_typo_font_size_mobile":0,"ocean_menu_typo_font_size_unit":"px","ocean_menu_typo_font_weight":"","ocean_menu_typo_font_weight_tablet":"","ocean_menu_typo_font_weight_mobile":"","ocean_menu_typo_transform":"","ocean_menu_typo_transform_tablet":"","ocean_menu_typo_transform_mobile":"","ocean_menu_typo_line_height":0,"ocean_menu_typo_line_height_tablet":0,"ocean_menu_typo_line_height_mobile":0,"ocean_menu_typo_line_height_unit":"","ocean_menu_typo_spacing":0,"ocean_menu_typo_spacing_tablet":0,"ocean_menu_typo_spacing_mobile":0,"ocean_menu_typo_spacing_unit":"","ocean_menu_link_color":"","ocean_menu_link_color_hover":"","ocean_menu_link_color_active":"","ocean_menu_link_background":"","ocean_menu_link_hover_background":"","ocean_menu_link_active_background":"","ocean_menu_social_links_bg":"","ocean_menu_social_hover_links_bg":"","ocean_menu_social_links_color":"","ocean_menu_social_hover_links_color":"","ocean_disable_title":"default","ocean_disable_heading":"default","ocean_post_title":"","ocean_post_subheading":"","ocean_post_title_style":"","ocean_post_title_background_color":"","ocean_post_title_background":0,"ocean_post_title_bg_image_position":"","ocean_post_title_bg_image_attachment":"","ocean_post_title_bg_image_repeat":"","ocean_post_title_bg_image_size":"","ocean_post_title_height":0,"ocean_post_title_bg_overlay":0.5,"ocean_post_title_bg_overlay_color":"","ocean_disable_breadcrumbs":"default","ocean_breadcrumbs_color":"","ocean_breadcrumbs_separator_color":"","ocean_breadcrumbs_links_color":"","ocean_breadcrumbs_links_hover_color":"","ocean_display_footer_widgets":"default","ocean_display_footer_bottom":"default","ocean_custom_footer_template":"0","footnotes":""},"class_list":["post-2446","page","type-page","status-publish","has-post-thumbnail","hentry","entry","has-media","owp-thumbs-layout-horizontal","owp-btn-big","owp-tabs-layout-horizontal","has-no-thumbnails"],"acf":[],"_links":{"self":[{"href":"https:\/\/www.angle.design\/de\/wp-json\/wp\/v2\/pages\/2446","targetHints":{"allow":["GET"]}}],"collection":[{"href":"https:\/\/www.angle.design\/de\/wp-json\/wp\/v2\/pages"}],"about":[{"href":"https:\/\/www.angle.design\/de\/wp-json\/wp\/v2\/types\/page"}],"author":[{"embeddable":true,"href":"https:\/\/www.angle.design\/de\/wp-json\/wp\/v2\/users\/1"}],"replies":[{"embeddable":true,"href":"https:\/\/www.angle.design\/de\/wp-json\/wp\/v2\/comments?post=2446"}],"version-history":[{"count":0,"href":"https:\/\/www.angle.design\/de\/wp-json\/wp\/v2\/pages\/2446\/revisions"}],"wp:featuredmedia":[{"embeddable":true,"href":"https:\/\/www.angle.design\/de\/wp-json\/wp\/v2\/media\/541"}],"wp:attachment":[{"href":"https:\/\/www.angle.design\/de\/wp-json\/wp\/v2\/media?parent=2446"}],"curies":[{"name":"wp","href":"https:\/\/api.w.org\/{rel}","templated":true}]}}