{"id":2447,"date":"2019-04-01T17:48:14","date_gmt":"2019-04-01T15:48:14","guid":{"rendered":"https:\/\/angle.intoto-udv.dk\/allgemeine-geschaeftsbedingungen\/"},"modified":"2022-03-08T17:27:50","modified_gmt":"2022-03-08T16:27:50","slug":"allgemeine-geschaeftsbedingungen","status":"publish","type":"page","link":"https:\/\/www.angle.design\/de\/allgemeine-geschaeftsbedingungen\/","title":{"rendered":"Allgemeine gesch\u00e4ftsbedingungen"},"content":{"rendered":"<article id=\"single-blocks\" class=\"single-page-article wpex-clr\">\n<div class=\"single-page-content entry clr\">\n<div class=\"vc_row wpb_row vc_row-fluid\">\n<div class=\"wpb_column vc_column_container vc_col-sm-12\">\n<div class=\"vc_column-inner \">\n<div class=\"wpb_wrapper\">\n<div class=\"wpb_text_column wpb_content_element \">\n<div class=\"wpb_wrapper\">\n<h2><strong>Allgemeine informationen<\/strong><\/h2>\n<p><strong>1 \u2013 Allgemeines<\/strong><br \/>\n<strong>1.1 \u2013 Kauf<br \/>\n<\/strong>Sobald Ihre Bestellung bei uns eingegangen ist, erhalten Sie von uns eine E-Mail mit Ihrer Bestellbest\u00e4tigung.<\/p>\n<p><strong>1.2 \u2013 Preise<br \/>\n<\/strong>Sofern nicht anders angegeben, verstehen sich alle Preise ausschliel. Ich 25 % Mehrwertsteuer und Geb\u00fchren. Alle Preise in Euro (EUR).<\/p>\n<p>Der angegebene Preis zum Zeitpunkt der Bestellung ist der Preis der Ware. Das bedeutet, dass sich der von Ihnen zu zahlende Preis ab dem Zeitpunkt der Bestellung nicht \u00e4ndert, auch wenn der Warenpreis steigt oder sinkt. H\u00f6here Gewalt vorbehalten.<br \/>\nDer Betrag wird erst von Ihrer Kreditkarte abgebucht, wenn die Ware versandt wird.<\/p>\n<p><strong>1.3 \u2013 Zahlung<br \/>\n<\/strong>Folgende Zahlungsmethoden sind m\u00f6glich:<br \/>\nVorkasse (der Betrag ist innerhalb von f\u00fcnf Werktagen auf unser Konto zu \u00fcberweisen). Hinweis: Bei Zahlung per Bank\u00fcberweisung verzichten Sie auf Ihre Rechte gem\u00e4\u00df d\u00e4nischer \u201eIndsigelsesordning\u201c.<br \/>\nBarzahlung bei Abholung im Gesch\u00e4ft (die Abholung muss innerhalb von f\u00fcnf Werktagen erfolgen).<\/p>\n<p><strong>2 \u2013 Versand<br \/>\n2.1 \u2013 Versandarten<\/strong><br \/>\nDer Versand bei Angle.design erfolgt \u00fcber die d\u00e4nische Post \u201ePost Danmark\u201c oder das d\u00e4nische Transportunternehmen \u201eDanske Fragtm\u00e6nd\u201c und deren jeweilige Versandarten.<\/p>\n<p><strong>2.2 \u2013 Lieferzeit<\/strong><br \/>\nIhre Bestellung wird von uns so schnell wie m\u00f6glich versandt. In der Regel betr\u00e4gt die Lieferzeit 1 bis 3 Tage ab Bestellung. Die Angaben der Lieferzeiten sind Richtwerte und k\u00f6nnen variieren.<\/p>\n<p><strong>2.3 \u2013 Versand: Haftung<br \/>\n<\/strong>VBeim Transport von Angle.design ApS zum Kunden haftet Angle.design ApS, wenn das Produkt besch\u00e4digt wird oder verloren geht. Beim Transport vom Kunden zu Angle.design ApS haftet der Kunde, wenn das Produkt besch\u00e4digt wird oder verloren geht.<\/p>\n<p><strong>2.4 \u2013 Rechnungen<br \/>\n<\/strong>Eine Rechnung wird in der Regel der Bestellung beigelegt.<\/p>\n<p><strong>3 \u2013 R\u00fcckgabe von Waren<\/strong><br \/>\n<strong>3.1 \u2013 Sie sind mit der Ware nicht zufrieden?<br \/>\n<\/strong>Bei Kauf einer Ware online oder telefonisch haben Sie als Verbraucher ein Widerrufsrecht von 14 Tagen.<br \/>\nDie Widerrufsfrist beginnt am Tag des Empfangs der Ware. Sollten Sie den Kauf innerhalb der Widerrufsfrist widerrufen, ist eine R\u00fccksendung der Ware m\u00f6glich und wir erstatten den Kaufbetrag. Sie m\u00fcssen uns innerhalb von 14 Tagen ab Empfang \u00fcber Ihren Entschluss, Ihren Kauf zu widerrufen, informieren. Die Mitteilung k\u00f6nnen Sie per E-Mail an <a href=\"mailto:post@angle.design\">post@angle.design<\/a> senden, oder Sie verwenden das <a href=\"https:\/\/www.emaerket.dk\/external-files\/pdf\/standardfortrydelsesformular.pdf\" target=\"_blank\" rel=\"noopener\">Muster-Widerrufsformular<\/a>. Die Mitteilung muss eine eindeutige Erkl\u00e4rung Ihrerseits enthalten, dass Sie von Ihrem Widerrufsrecht Gebrauch machen m\u00f6chten.<\/p>\n<p><strong>3.2 \u2013 R\u00fcckgabebedingungen<\/strong><br \/>\nSie m\u00fcssen Ihre Bestellung unverz\u00fcglich, sp\u00e4testens jedoch 14 Tage nach Ihrer Mitteilung an uns, dass Sie Ihren Kauf widerrufen m\u00f6chten, an uns zur\u00fccksenden. Sie tragen die unmittelbaren Kosten der R\u00fccksendung der Ware. Ab dem Zeitpunkt der Lieferung der Ware tragen Sie das Risiko f\u00fcr die Ware.<\/p>\n<p><strong>Zustand der Ware bei R\u00fccksendung<\/strong><\/p>\n<p>Sie m\u00fcssen f\u00fcr einen etwaigen Wertverlust der Ware nur dann aufkommen, wenn dieser Wertverlust auf einen zur Pr\u00fcfung der Art, Beschaffenheit und Funktionsweise der Ware nicht notwendigen Umgang mit ihr zur\u00fcckzuf\u00fchren ist. Mit anderen Worten, Sie d\u00fcrfen die Ware auf die gleiche Weise ausprobieren, als h\u00e4tten Sie sie in einem Ladengesch\u00e4ft getestet, d\u00fcrfen sie allerdings nicht in der Praxis verwenden. Wenn die Ware \u00fcber das blo\u00dfe Testen, wie oben beschrieben, hinaus genutzt wurde, betrachten wir sie als gebraucht. Das bedeutet, dass wir, wenn Sie den Kauf widerrufen, bei R\u00fccksendung je nach Warenwert lediglich einen Teil des Kaufbetrags zur\u00fcckerstatten bzw. den Kaufbetrag vollst\u00e4ndig einbehalten.<\/p>\n<p><strong>R\u00fcckzahlung des Kaufbetrags<\/strong><\/p>\n<p>Wenn Sie den Kauf widerrufen, erhalten Sie den an uns gezahlten Betrag zur\u00fcck. Bei einem von Ihnen zu verantwortenden Wertverlust wird der entsprechende Betrag vom Kaufbetrag abgezogen. Wenn Sie von Ihrem Widerrufsrecht Gebrauch machen, erhalten Sie alle Zahlungen, die wir von Ihnen erhalten haben, einschlie\u00dflich Lieferkosten (ausgenommen zus\u00e4tzlicher Kosten, die sich daraus ergeben haben, dass Sie eine andere Lieferart als die von uns angebotene, g\u00fcnstigste Standardlieferung gew\u00e4hlt haben), unverz\u00fcglich und sp\u00e4testens binnen vierzehn Tagen ab dem Tag zur\u00fcck, an dem die Mitteilung \u00fcber Ihren Widerruf des Vertrags bei uns eingegangen ist. F\u00fcr diese R\u00fcckzahlung verwenden wir dasselbe Zahlungsmittel, das Sie bei der urspr\u00fcnglichen Transaktion eingesetzt haben, es sei denn, mit Ihnen wurde ausdr\u00fccklich etwas anderes vereinbart.<\/p>\n<p>Wir k\u00f6nnen die R\u00fcckzahlung zur\u00fcckhalten, bis wir die Ware wieder zur\u00fcckerhalten haben oder bis Sie einen Nachweis \u00fcber die R\u00fccksendung der Ware erbracht haben. Wir nehmen weder Pakete ohne Zustellung noch per Nachnahme gesendete Pakete an.<\/p>\n<p><strong>Bei Widerruf des Kaufs erfolgt die R\u00fccksendung der Ware an folgende Adresse:<\/strong><\/p>\n<p>Angle.Design ApS<br \/>\nBoestoftevej 26 A<br \/>\nHavnelev<br \/>\n4673 R\u00f8dvig Stevns<\/p>\n<p>Nach vorheriger Vereinbarung kann die Ware auch an vorstehender Adresse \u00fcbergeben werden.<\/p>\n<p><strong>4 \u2013 Reklamation<\/strong><br \/>\nBeim Warenkauf k\u00f6nnen die kaufrechtlichen Bestimmungen zu M\u00e4ngeln Anwendung finden.<br \/>\nWenn Sie bei uns als Verbraucher einkaufen, haben Sie<strong>24 Monate Gew\u00e4hrleistung<\/strong>. Das hei\u00dft, je nach Situation k\u00f6nnen Sie die Ware reparieren lassen, umtauschen oder den Kaufbetrag ganz oder teilweise zur\u00fcckerhalten. Voraussetzung daf\u00fcr ist, dass die Reklamation berechtigt ist und der Mangel nicht durch fehlerhaften Gebrauch des Produkts oder sonstiges sch\u00e4digendes Verhalten verursacht wurde.<\/p>\n<p>Bei erheblicher Verz\u00f6gerung der Sendung oder Fehlern an der Ware senden Sie bitte eine E-Mail an <a href=\"mailto:post@angle.design\">post@angle.design<\/a>.<\/p>\n<p>Reklamationen wegen M\u00e4ngeln an der Ware m\u00fcssen innerhalb einer angemessenen Frist erfolgen, nachdem Sie den Fehler entdeckt haben oder bei einer allgemeinen \u00dcberpr\u00fcfung der Ware h\u00e4tten feststellen m\u00fcssen. Die Reklamation kann schriftlich oder m\u00fcndlich erfolgen.<\/p>\n<p>Bei Erhalt einer Reklamation einer Ware wird diese von Angle.design ApS schnellstm\u00f6glich bearbeitet. Angle.design ApS entscheidet, ob die Ware repariert, umgetauscht oder eine Preissenkung vorgenommen wird.<\/p>\n<p>Muss die Ware an Angle.design ApS zur\u00fcckgesendet werden, erfolgt dies ohne Mehrkosten f\u00fcr den Kunden, indem Angle.design ApS bei berechtigten Reklamationen die angemessenen Versandkosten \u00fcbernimmt. Die Ware muss in ordnungsgem\u00e4\u00dfer Verpackung zur\u00fcckgesendet werden.<\/p>\n<p><strong>Angle.Design ApS<\/strong><br \/>\nBoestoftevej 26 A<br \/>\nHavnelev<br \/>\n4673 R\u00f8dvig Stevns<\/p>\n<p><strong>5 \u2013 Haftung<\/strong><br \/>\nAngle.Design ApS haftet nicht f\u00fcr eventuelle Folgen der Nutzung von Waren und Dienstleistungen des Online-Shops von Angle.Design ApS.<\/p>\n<p>Ferner \u00fcbernehmen wir keine Garantie, dass der Online-Shop jederzeit fehlerfrei ist und vollumf\u00e4nglich funktioniert. Irrt\u00fcmer, Ungenauigkeiten oder fehlende Aktualit\u00e4t im Zusammenhang mit Aktualisierungen des Shops oder Uploads in den Shop vorbehalten.<\/p>\n<p>Angle.Design ApS unterliegt jederzeit den geltenden Gesetzen und Vorschriften zur Produkthaftung in D\u00e4nemark und der EU. Etwaige Streitigkeiten und Klagen sind von d\u00e4nischen Gerichten nach d\u00e4nischem Recht zu entscheiden.<\/p>\n<p><strong>Schutz personenbezogener Daten <\/strong><br \/>\nDamit Sie mit uns einen Vertrag schlie\u00dfen k\u00f6nnen, ben\u00f6tigen wir folgende Informationen:<br \/>\nWeb-Bestellnummer, Name, Adresse, Telefonnummer und E-Mail-Adresse.<\/p>\n<p>Wir erfassen Ihre personenbezogenen Daten zu dem Zweck, dass wir Ihnen Waren liefern k\u00f6nnen. Die personenbezogenen Daten werden bei Angle.Design ApS gespeichert und nach einer Aufbewahrungszeit von f\u00fcnf Jahren gel\u00f6scht.<\/p>\n<p>Eine Weitergabe von personenbezogenen Daten an Dritte erfolgt nicht.<\/p>\n<p>Sie k\u00f6nnen Ihre Einwilligung der Speicherung Ihrer Daten bei Angle.Design ApS jederzeit widerrufen. Dar\u00fcber hinaus haben Sie gem\u00e4\u00df Datenschutzgesetz das Recht auf Auskunft dar\u00fcber, welche Daten \u00fcber Sie gespeichert sind. Wenden Sie sich diesbez\u00fcglich bitte schriftlich an: <a href=\"mailto:post@angle.design\">post@angle.design <\/a><\/p>\n<p><strong>Beschwerden<\/strong><\/p>\n<p>Wenn Sie bez\u00fcglich Ihres Kaufs Beschwerde einreichen m\u00f6chten, senden Sie bitte eine E-Mail an <a href=\"mailto:post@angle.design\">post@angle.design<\/a>.<\/p>\n<p>Wenn wir keine L\u00f6sung finden, k\u00f6nnen Sie eine Beschwerde bei den zust\u00e4ndigen Beh\u00f6rden in der Region einreichen, sofern die Voraussetzungen daf\u00fcr erf\u00fcllt sind.<\/p>\n<p>Konkurrence- og Forbrugerstyrelsen (D\u00e4nische Wettbewerbs- und Verbraucherbeh\u00f6rde)<br \/>\nCarl Jacobsens vej 35, 2500 Valby<br \/>\n<a href=\"http:\/\/www.forbrug.dk\/\" target=\"_blank\" rel=\"noopener\">www.forbrug.dk<\/a><\/p>\n<p>Wenn Sie Verbraucher mit Wohnsitz in einem anderen EU-Land als D\u00e4nemark sind, k\u00f6nnen Sie Ihre Beschwerde \u00fcber die Plattform f\u00fcr Online-Streitbeilegung der EU-Kommission auf \u2013 <a href=\"http:\/\/ec.europa.eu\/odr\" target=\"_blank\" rel=\"noopener\">http:\/\/ec.europa.eu\/odr<\/a> einreichen.<\/p>\n<p>&nbsp;<\/p>\n<\/div>\n<\/div>\n<\/div>\n<\/div>\n<\/div>\n<\/div>\n<\/div>\n<\/article>\n","protected":false},"excerpt":{"rendered":"<p>Allgemeine informationen 1 \u2013 Allgemeines 1.1 \u2013 Kauf Sobald Ihre Bestellung bei uns eingegangen ist, erhalten Sie von uns eine E-Mail mit Ihrer Bestellbest\u00e4tigung. 1.2 \u2013 Preise Sofern nicht anders angegeben, verstehen sich alle Preise ausschliel. Ich 25 % Mehrwertsteuer und Geb\u00fchren. Alle Preise in Euro (EUR). Der angegebene Preis zum Zeitpunkt der Bestellung ist [&hellip;]<\/p>\n","protected":false},"author":1,"featured_media":0,"parent":0,"menu_order":55,"comment_status":"closed","ping_status":"closed","template":"","meta":{"_acf_changed":false,"ocean_post_layout":"","ocean_both_sidebars_style":"","ocean_both_sidebars_content_width":0,"ocean_both_sidebars_sidebars_width":0,"ocean_sidebar":"0","ocean_second_sidebar":"0","ocean_disable_margins":"enable","ocean_add_body_class":"","ocean_shortcode_before_top_bar":"","ocean_shortcode_after_top_bar":"","ocean_shortcode_before_header":"","ocean_shortcode_after_header":"","ocean_has_shortcode":"","ocean_shortcode_after_title":"","ocean_shortcode_before_footer_widgets":"","ocean_shortcode_after_footer_widgets":"","ocean_shortcode_before_footer_bottom":"","ocean_shortcode_after_footer_bottom":"","ocean_display_top_bar":"default","ocean_display_header":"default","ocean_header_style":"","ocean_center_header_left_menu":"0","ocean_custom_header_template":"0","ocean_custom_logo":0,"ocean_custom_retina_logo":0,"ocean_custom_logo_max_width":0,"ocean_custom_logo_tablet_max_width":0,"ocean_custom_logo_mobile_max_width":0,"ocean_custom_logo_max_height":0,"ocean_custom_logo_tablet_max_height":0,"ocean_custom_logo_mobile_max_height":0,"ocean_header_custom_menu":"0","ocean_menu_typo_font_family":"0","ocean_menu_typo_font_subset":"","ocean_menu_typo_font_size":0,"ocean_menu_typo_font_size_tablet":0,"ocean_menu_typo_font_size_mobile":0,"ocean_menu_typo_font_size_unit":"px","ocean_menu_typo_font_weight":"","ocean_menu_typo_font_weight_tablet":"","ocean_menu_typo_font_weight_mobile":"","ocean_menu_typo_transform":"","ocean_menu_typo_transform_tablet":"","ocean_menu_typo_transform_mobile":"","ocean_menu_typo_line_height":0,"ocean_menu_typo_line_height_tablet":0,"ocean_menu_typo_line_height_mobile":0,"ocean_menu_typo_line_height_unit":"","ocean_menu_typo_spacing":0,"ocean_menu_typo_spacing_tablet":0,"ocean_menu_typo_spacing_mobile":0,"ocean_menu_typo_spacing_unit":"","ocean_menu_link_color":"","ocean_menu_link_color_hover":"","ocean_menu_link_color_active":"","ocean_menu_link_background":"","ocean_menu_link_hover_background":"","ocean_menu_link_active_background":"","ocean_menu_social_links_bg":"","ocean_menu_social_hover_links_bg":"","ocean_menu_social_links_color":"","ocean_menu_social_hover_links_color":"","ocean_disable_title":"default","ocean_disable_heading":"default","ocean_post_title":"","ocean_post_subheading":"","ocean_post_title_style":"","ocean_post_title_background_color":"","ocean_post_title_background":0,"ocean_post_title_bg_image_position":"","ocean_post_title_bg_image_attachment":"","ocean_post_title_bg_image_repeat":"","ocean_post_title_bg_image_size":"","ocean_post_title_height":0,"ocean_post_title_bg_overlay":0.5,"ocean_post_title_bg_overlay_color":"","ocean_disable_breadcrumbs":"default","ocean_breadcrumbs_color":"","ocean_breadcrumbs_separator_color":"","ocean_breadcrumbs_links_color":"","ocean_breadcrumbs_links_hover_color":"","ocean_display_footer_widgets":"default","ocean_display_footer_bottom":"default","ocean_custom_footer_template":"0","footnotes":""},"class_list":["post-2447","page","type-page","status-publish","hentry","entry","owp-thumbs-layout-horizontal","owp-btn-big","owp-tabs-layout-horizontal","has-no-thumbnails"],"acf":[],"_links":{"self":[{"href":"https:\/\/www.angle.design\/de\/wp-json\/wp\/v2\/pages\/2447","targetHints":{"allow":["GET"]}}],"collection":[{"href":"https:\/\/www.angle.design\/de\/wp-json\/wp\/v2\/pages"}],"about":[{"href":"https:\/\/www.angle.design\/de\/wp-json\/wp\/v2\/types\/page"}],"author":[{"embeddable":true,"href":"https:\/\/www.angle.design\/de\/wp-json\/wp\/v2\/users\/1"}],"replies":[{"embeddable":true,"href":"https:\/\/www.angle.design\/de\/wp-json\/wp\/v2\/comments?post=2447"}],"version-history":[{"count":0,"href":"https:\/\/www.angle.design\/de\/wp-json\/wp\/v2\/pages\/2447\/revisions"}],"wp:attachment":[{"href":"https:\/\/www.angle.design\/de\/wp-json\/wp\/v2\/media?parent=2447"}],"curies":[{"name":"wp","href":"https:\/\/api.w.org\/{rel}","templated":true}]}}