{"id":2592,"date":"2018-11-23T15:05:52","date_gmt":"2019-04-04T08:33:23","guid":{"rendered":"https:\/\/angle.intoto-udv.dk\/produkt\/mittleres-winkelset\/"},"modified":"2023-03-13T17:32:32","modified_gmt":"2023-03-13T16:32:32","slug":"mittleres-winkelset-120","status":"publish","type":"product","link":"https:\/\/www.angle.design\/de\/produkt\/mittleres-winkelset-120\/","title":{"rendered":"AG201 Mittleres Winkelset &#8211; 120"},"content":{"rendered":"<p>Mit dem mittelgro\u00dfen Winkelset AG201 erledigen Sie die meisten Ihrer Schneideaufgaben schneller und einfacher und vermeiden Messfehler, die sonst beim Anzeichnen mit Bleistift und Zollstock leicht passieren. Stellen Sie einfach die Schienen auf das gew\u00fcnschte Ma\u00df ein. Dann schneiden Sie die Platte schnell und pr\u00e4zise mit dem Winkel bzw. der Abfasung, die Sie ben\u00f6tigen.<\/p>\n<p>F\u00fcr ein bestm\u00f6gliches Ergebnis sind die L\u00f6cher in den Schienen aufs Hundertstel genau positioniert. So ist jedes Mal ein genaues Ma\u00df garantiert. Und dabei ist das gesamte System innerhalb von nur 3 bis 4 Sekunden montiert.<\/p>\n<p>Mit den F\u00fchrungsschienen dieses Systems lassen sich Platten bis zu einer Breite von 90 cm bzw. 120 cm schneiden. Dar\u00fcber hinaus k\u00f6nnen Sie die Schienen verbinden und haben damit die M\u00f6glichkeit, Platten bis zu einer Breite von 240 cm zu bearbeiten. Die Hauptschiene verf\u00fcgt \u00fcber eine Ma\u00dfskala bis 251 cm und einen mechanischen Endanschlag. So k\u00f6nnen Sie m\u00fchelos einzelne Abschnitte schneiden, ohne jeden einzeln anzeichnen zu m\u00fcssen.<\/p>\n<p>Verwenden Sie das System zum Schneiden jeglicher Arten von Gipsfaserplatten, Holzbeton, MDF, Stahlplatten und Fassadend\u00e4mmungen. Die einzelnen Systemteile k\u00f6nnen Sie auch als Messvorrichtung, Abfaswinkel, zum K\u00fcrzen von Holz oder zum Winkelmessen an der Wand verwenden. Das System bietet Ihnen diverse M\u00f6glichkeiten f\u00fcr den t\u00e4glichen Arbeitseinsatz.<\/p>\n<p><strong>Anwendungsbereich<br \/>\n<\/strong>Plattenbreite: 90 cm und 120 cm<br \/>\nPlattenl\u00e4nge: 122 cm oder 251 cm<br \/>\nWinkel: +75\u00b0 \/ -75\u00b0<\/p>\n","protected":false},"excerpt":{"rendered":"<p>Mit dem mittelgro\u00dfen Winkelset AG201 erledigen Sie die meisten Ihrer Schneideaufgaben schneller und einfacher und vermeiden Messfehler, die sonst beim Anzeichnen mit Bleistift und Zollstock leicht passieren.<\/p>\n","protected":false},"featured_media":5889,"template":"","meta":{"_acf_changed":false,"ocean_post_layout":"","ocean_both_sidebars_style":"","ocean_both_sidebars_content_width":0,"ocean_both_sidebars_sidebars_width":0,"ocean_sidebar":"0","ocean_second_sidebar":"0","ocean_disable_margins":"enable","ocean_add_body_class":"","ocean_shortcode_before_top_bar":"","ocean_shortcode_after_top_bar":"","ocean_shortcode_before_header":"","ocean_shortcode_after_header":"","ocean_has_shortcode":"","ocean_shortcode_after_title":"","ocean_shortcode_before_footer_widgets":"","ocean_shortcode_after_footer_widgets":"","ocean_shortcode_before_footer_bottom":"","ocean_shortcode_after_footer_bottom":"","ocean_display_top_bar":"default","ocean_display_header":"default","ocean_header_style":"","ocean_center_header_left_menu":"0","ocean_custom_header_template":"0","ocean_custom_logo":0,"ocean_custom_retina_logo":0,"ocean_custom_logo_max_width":0,"ocean_custom_logo_tablet_max_width":0,"ocean_custom_logo_mobile_max_width":0,"ocean_custom_logo_max_height":0,"ocean_custom_logo_tablet_max_height":0,"ocean_custom_logo_mobile_max_height":0,"ocean_header_custom_menu":"0","ocean_menu_typo_font_family":"0","ocean_menu_typo_font_subset":"","ocean_menu_typo_font_size":0,"ocean_menu_typo_font_size_tablet":0,"ocean_menu_typo_font_size_mobile":0,"ocean_menu_typo_font_size_unit":"px","ocean_menu_typo_font_weight":"","ocean_menu_typo_font_weight_tablet":"","ocean_menu_typo_font_weight_mobile":"","ocean_menu_typo_transform":"","ocean_menu_typo_transform_tablet":"","ocean_menu_typo_transform_mobile":"","ocean_menu_typo_line_height":0,"ocean_menu_typo_line_height_tablet":0,"ocean_menu_typo_line_height_mobile":0,"ocean_menu_typo_line_height_unit":"","ocean_menu_typo_spacing":0,"ocean_menu_typo_spacing_tablet":0,"ocean_menu_typo_spacing_mobile":0,"ocean_menu_typo_spacing_unit":"","ocean_menu_link_color":"","ocean_menu_link_color_hover":"","ocean_menu_link_color_active":"","ocean_menu_link_background":"","ocean_menu_link_hover_background":"","ocean_menu_link_active_background":"","ocean_menu_social_links_bg":"","ocean_menu_social_hover_links_bg":"","ocean_menu_social_links_color":"","ocean_menu_social_hover_links_color":"","ocean_disable_title":"default","ocean_disable_heading":"default","ocean_post_title":"","ocean_post_subheading":"","ocean_post_title_style":"","ocean_post_title_background_color":"","ocean_post_title_background":0,"ocean_post_title_bg_image_position":"","ocean_post_title_bg_image_attachment":"","ocean_post_title_bg_image_repeat":"","ocean_post_title_bg_image_size":"","ocean_post_title_height":0,"ocean_post_title_bg_overlay":0.5,"ocean_post_title_bg_overlay_color":"","ocean_disable_breadcrumbs":"default","ocean_breadcrumbs_color":"","ocean_breadcrumbs_separator_color":"","ocean_breadcrumbs_links_color":"","ocean_breadcrumbs_links_hover_color":"","ocean_display_footer_widgets":"default","ocean_display_footer_bottom":"default","ocean_custom_footer_template":"0"},"product_brand":[],"product_cat":[88],"product_tag":[],"class_list":{"0":"post-2592","1":"product","2":"type-product","3":"status-publish","4":"has-post-thumbnail","6":"product_cat-winkelschneideset","7":"product_shipping_class-german","9":"entry","10":"has-media","12":"first","13":"instock","14":"taxable","15":"shipping-taxable","16":"purchasable","17":"product-type-variable","18":"col","19":"span_1_of_2","20":"owp-content-center","21":"owp-thumbs-layout-horizontal","22":"owp-btn-big","23":"owp-tabs-layout-horizontal"},"acf":[],"_links":{"self":[{"href":"https:\/\/www.angle.design\/de\/wp-json\/wp\/v2\/product\/2592","targetHints":{"allow":["GET"]}}],"collection":[{"href":"https:\/\/www.angle.design\/de\/wp-json\/wp\/v2\/product"}],"about":[{"href":"https:\/\/www.angle.design\/de\/wp-json\/wp\/v2\/types\/product"}],"version-history":[{"count":0,"href":"https:\/\/www.angle.design\/de\/wp-json\/wp\/v2\/product\/2592\/revisions"}],"wp:featuredmedia":[{"embeddable":true,"href":"https:\/\/www.angle.design\/de\/wp-json\/wp\/v2\/media\/5889"}],"wp:attachment":[{"href":"https:\/\/www.angle.design\/de\/wp-json\/wp\/v2\/media?parent=2592"}],"wp:term":[{"taxonomy":"product_brand","embeddable":true,"href":"https:\/\/www.angle.design\/de\/wp-json\/wp\/v2\/product_brand?post=2592"},{"taxonomy":"product_cat","embeddable":true,"href":"https:\/\/www.angle.design\/de\/wp-json\/wp\/v2\/product_cat?post=2592"},{"taxonomy":"product_tag","embeddable":true,"href":"https:\/\/www.angle.design\/de\/wp-json\/wp\/v2\/product_tag?post=2592"}],"curies":[{"name":"wp","href":"https:\/\/api.w.org\/{rel}","templated":true}]}}