{"id":2595,"date":"2018-11-23T15:01:50","date_gmt":"2019-04-04T09:14:48","guid":{"rendered":"https:\/\/angle.intoto-udv.dk\/produkt\/fuehrungsschienen\/"},"modified":"2023-03-13T17:34:37","modified_gmt":"2023-03-13T16:34:37","slug":"fuehrungsschienen","status":"publish","type":"product","link":"https:\/\/www.angle.design\/de\/produkt\/fuehrungsschienen\/","title":{"rendered":"F\u00fchrungsschienen"},"content":{"rendered":"<p>Die F\u00fchrungsschienen von Angle.design eignen sich f\u00fcr den Einsatz mit Tauchs\u00e4gen, sind aber ebenso f\u00fcr das Schneiden mit dem Messer ausgelegt. Sie k\u00f6nnen die Schienen mit Ihren gew\u00f6hnlichen F\u00fchrungsschienen kombinieren, denn das Prinzip ist identisch. Auch Schraubzwingen usw. passen.<\/p>\n<p>Da das Haftband auf der R\u00fcckseite der Schienen einen sehr hohen Reibungswiderstand aufweist, k\u00f6nnen Sie sicher sein, dass die Schienen nicht verrutschen. Sie k\u00f6nnen die Schienen einzeln oder zusammen mit der Winkeleinheit zum Schneiden jeglicher Arten von Gipsfaserplatten, Holzbeton, MDF, Stahlplatten und Fassadend\u00e4mmungen verwenden.<\/p>\n<p>Wenn bei der Arbeit h\u00f6chste Pr\u00e4zision gefragt ist, sollten Sie eine Schiene verwenden, die 30 cm l\u00e4nger ist als das zu schneidende Werkst\u00fcck. Wichtig dabei ist, dass sich die S\u00e4ge auf einem festen Untergrund befindet, bevor Sie mit dem S\u00e4gen beginnen.<\/p>\n<p><strong>Anwendungsbereich<br \/>\n<\/strong>Die Schienen sind vor allem zum Schneiden von Platten vorgesehen, die 30 cm k\u00fcrzer sind als die Schienen.<br \/>\nMit Verbindungsschienen k\u00f6nnen Sie die F\u00fchrungsschienen ganz einfach miteinander verbinden und haben damit eine l\u00e4ngere F\u00fchrungsschiene zum Arbeiten.<\/p>\n","protected":false},"excerpt":{"rendered":"<p>Die F\u00fchrungsschienen von Angle.design eignen sich f\u00fcr den Einsatz mit Tauchs\u00e4gen, sind aber ebenso f\u00fcr das Schneiden mit dem Messer ausgelegt.<\/p>\n","protected":false},"featured_media":4736,"template":"","meta":{"_acf_changed":false,"ocean_post_layout":"","ocean_both_sidebars_style":"","ocean_both_sidebars_content_width":0,"ocean_both_sidebars_sidebars_width":0,"ocean_sidebar":"0","ocean_second_sidebar":"0","ocean_disable_margins":"enable","ocean_add_body_class":"","ocean_shortcode_before_top_bar":"","ocean_shortcode_after_top_bar":"","ocean_shortcode_before_header":"","ocean_shortcode_after_header":"","ocean_has_shortcode":"","ocean_shortcode_after_title":"","ocean_shortcode_before_footer_widgets":"","ocean_shortcode_after_footer_widgets":"","ocean_shortcode_before_footer_bottom":"","ocean_shortcode_after_footer_bottom":"","ocean_display_top_bar":"default","ocean_display_header":"default","ocean_header_style":"","ocean_center_header_left_menu":"0","ocean_custom_header_template":"0","ocean_custom_logo":0,"ocean_custom_retina_logo":0,"ocean_custom_logo_max_width":0,"ocean_custom_logo_tablet_max_width":0,"ocean_custom_logo_mobile_max_width":0,"ocean_custom_logo_max_height":0,"ocean_custom_logo_tablet_max_height":0,"ocean_custom_logo_mobile_max_height":0,"ocean_header_custom_menu":"0","ocean_menu_typo_font_family":"0","ocean_menu_typo_font_subset":"","ocean_menu_typo_font_size":0,"ocean_menu_typo_font_size_tablet":0,"ocean_menu_typo_font_size_mobile":0,"ocean_menu_typo_font_size_unit":"px","ocean_menu_typo_font_weight":"","ocean_menu_typo_font_weight_tablet":"","ocean_menu_typo_font_weight_mobile":"","ocean_menu_typo_transform":"","ocean_menu_typo_transform_tablet":"","ocean_menu_typo_transform_mobile":"","ocean_menu_typo_line_height":0,"ocean_menu_typo_line_height_tablet":0,"ocean_menu_typo_line_height_mobile":0,"ocean_menu_typo_line_height_unit":"","ocean_menu_typo_spacing":0,"ocean_menu_typo_spacing_tablet":0,"ocean_menu_typo_spacing_mobile":0,"ocean_menu_typo_spacing_unit":"","ocean_menu_link_color":"","ocean_menu_link_color_hover":"","ocean_menu_link_color_active":"","ocean_menu_link_background":"","ocean_menu_link_hover_background":"","ocean_menu_link_active_background":"","ocean_menu_social_links_bg":"","ocean_menu_social_hover_links_bg":"","ocean_menu_social_links_color":"","ocean_menu_social_hover_links_color":"","ocean_disable_title":"default","ocean_disable_heading":"default","ocean_post_title":"","ocean_post_subheading":"","ocean_post_title_style":"","ocean_post_title_background_color":"","ocean_post_title_background":0,"ocean_post_title_bg_image_position":"","ocean_post_title_bg_image_attachment":"","ocean_post_title_bg_image_repeat":"","ocean_post_title_bg_image_size":"","ocean_post_title_height":0,"ocean_post_title_bg_overlay":0.5,"ocean_post_title_bg_overlay_color":"","ocean_disable_breadcrumbs":"default","ocean_breadcrumbs_color":"","ocean_breadcrumbs_separator_color":"","ocean_breadcrumbs_links_color":"","ocean_breadcrumbs_links_hover_color":"","ocean_display_footer_widgets":"default","ocean_display_footer_bottom":"default","ocean_custom_footer_template":"0"},"product_brand":[],"product_cat":[88],"product_tag":[],"class_list":{"0":"post-2595","1":"product","2":"type-product","3":"status-publish","4":"has-post-thumbnail","6":"product_cat-winkelschneideset","7":"product_shipping_class-german","9":"entry","10":"has-media","12":"first","13":"instock","14":"taxable","15":"shipping-taxable","16":"purchasable","17":"product-type-variable","18":"col","19":"span_1_of_2","20":"owp-content-center","21":"owp-thumbs-layout-horizontal","22":"owp-btn-big","23":"owp-tabs-layout-horizontal"},"acf":[],"_links":{"self":[{"href":"https:\/\/www.angle.design\/de\/wp-json\/wp\/v2\/product\/2595","targetHints":{"allow":["GET"]}}],"collection":[{"href":"https:\/\/www.angle.design\/de\/wp-json\/wp\/v2\/product"}],"about":[{"href":"https:\/\/www.angle.design\/de\/wp-json\/wp\/v2\/types\/product"}],"version-history":[{"count":0,"href":"https:\/\/www.angle.design\/de\/wp-json\/wp\/v2\/product\/2595\/revisions"}],"wp:featuredmedia":[{"embeddable":true,"href":"https:\/\/www.angle.design\/de\/wp-json\/wp\/v2\/media\/4736"}],"wp:attachment":[{"href":"https:\/\/www.angle.design\/de\/wp-json\/wp\/v2\/media?parent=2595"}],"wp:term":[{"taxonomy":"product_brand","embeddable":true,"href":"https:\/\/www.angle.design\/de\/wp-json\/wp\/v2\/product_brand?post=2595"},{"taxonomy":"product_cat","embeddable":true,"href":"https:\/\/www.angle.design\/de\/wp-json\/wp\/v2\/product_cat?post=2595"},{"taxonomy":"product_tag","embeddable":true,"href":"https:\/\/www.angle.design\/de\/wp-json\/wp\/v2\/product_tag?post=2595"}],"curies":[{"name":"wp","href":"https:\/\/api.w.org\/{rel}","templated":true}]}}