{"id":3285,"date":"2019-09-22T01:45:02","date_gmt":"2019-09-21T23:45:02","guid":{"rendered":"https:\/\/www.angle.design\/?post_type=product&#038;p=3285"},"modified":"2023-03-13T17:30:34","modified_gmt":"2023-03-13T16:30:34","slug":"kleines-winkelset-90","status":"publish","type":"product","link":"https:\/\/www.angle.design\/de\/produkt\/kleines-winkelset-90\/","title":{"rendered":"AG100 Kleines Winkelset &#8211; 90"},"content":{"rendered":"<p>Mithilfe des kleinen Winkelsets AG100 von Angle.design erledigen Sie kleinere Schneideaufgaben viel schneller und minimieren dabei Messfehler erheblich. Dieses System k\u00f6nnen Sie \u00fcberall dort einsetzen, wo es schnelle und pr\u00e4zise Schnitte braucht, z. B. bei jeglichen Arten von Gipsfaserplatten, Holzbeton, MDF, Stahlplatten und Fassadend\u00e4mmplatten.<\/p>\n<p>Die F\u00fchrungsschiene eignet sich bis zu einer Plattenbreite von 60 cm. Mit diesem Set m\u00fcssen Sie nichts mehr anzeichnen, sondern die Schiene nur noch auf das gew\u00fcnschte Ma\u00df einstellen. So k\u00f6nnen Sie 100 % sicher sein, dass Sie Ihre Platten mit dem Winkel bzw. der Abfasung schneiden, die Sie ben\u00f6tigen. Und dabei ist das System innerhalb von nur 3 bis 4 Sekunden montiert.<\/p>\n<p>Die Schienen sind mit L\u00f6chern ausgestattet, die aufs Hundertstel genau positioniert sind, damit ein m\u00f6glichst pr\u00e4zises Arbeitsergebnis erzielt wird. Die Winkelf\u00fchrungsschiene ist auch als Abfaswinkel, Messvorrichtung, zum K\u00fcrzen von Holz oder zum Winkelmessen an der Wand geeignet.<\/p>\n<p><strong>Anwendungsbereich<br \/>\n<\/strong>Plattenbreite: 60 cm<br \/>\nPlattenl\u00e4nge: 122 cm<br \/>\nWinkel: +75\u00b0 \/ -26\u00b0<\/p>\n","protected":false},"excerpt":{"rendered":"<p>Mithilfe des kleinen Winkelsets AG100 von Angle.design erledigen Sie kleinere Schneideaufgaben viel schneller und minimieren dabei Messfehler erheblich.<\/p>\n","protected":false},"featured_media":5874,"template":"","meta":{"_acf_changed":false,"ocean_post_layout":"","ocean_both_sidebars_style":"","ocean_both_sidebars_content_width":0,"ocean_both_sidebars_sidebars_width":0,"ocean_sidebar":"0","ocean_second_sidebar":"0","ocean_disable_margins":"enable","ocean_add_body_class":"","ocean_shortcode_before_top_bar":"","ocean_shortcode_after_top_bar":"","ocean_shortcode_before_header":"","ocean_shortcode_after_header":"","ocean_has_shortcode":"","ocean_shortcode_after_title":"","ocean_shortcode_before_footer_widgets":"","ocean_shortcode_after_footer_widgets":"","ocean_shortcode_before_footer_bottom":"","ocean_shortcode_after_footer_bottom":"","ocean_display_top_bar":"default","ocean_display_header":"default","ocean_header_style":"","ocean_center_header_left_menu":"0","ocean_custom_header_template":"0","ocean_custom_logo":0,"ocean_custom_retina_logo":0,"ocean_custom_logo_max_width":0,"ocean_custom_logo_tablet_max_width":0,"ocean_custom_logo_mobile_max_width":0,"ocean_custom_logo_max_height":0,"ocean_custom_logo_tablet_max_height":0,"ocean_custom_logo_mobile_max_height":0,"ocean_header_custom_menu":"0","ocean_menu_typo_font_family":"0","ocean_menu_typo_font_subset":"","ocean_menu_typo_font_size":0,"ocean_menu_typo_font_size_tablet":0,"ocean_menu_typo_font_size_mobile":0,"ocean_menu_typo_font_size_unit":"px","ocean_menu_typo_font_weight":"","ocean_menu_typo_font_weight_tablet":"","ocean_menu_typo_font_weight_mobile":"","ocean_menu_typo_transform":"","ocean_menu_typo_transform_tablet":"","ocean_menu_typo_transform_mobile":"","ocean_menu_typo_line_height":0,"ocean_menu_typo_line_height_tablet":0,"ocean_menu_typo_line_height_mobile":0,"ocean_menu_typo_line_height_unit":"","ocean_menu_typo_spacing":0,"ocean_menu_typo_spacing_tablet":0,"ocean_menu_typo_spacing_mobile":0,"ocean_menu_typo_spacing_unit":"","ocean_menu_link_color":"","ocean_menu_link_color_hover":"","ocean_menu_link_color_active":"","ocean_menu_link_background":"","ocean_menu_link_hover_background":"","ocean_menu_link_active_background":"","ocean_menu_social_links_bg":"","ocean_menu_social_hover_links_bg":"","ocean_menu_social_links_color":"","ocean_menu_social_hover_links_color":"","ocean_disable_title":"default","ocean_disable_heading":"default","ocean_post_title":"","ocean_post_subheading":"","ocean_post_title_style":"","ocean_post_title_background_color":"","ocean_post_title_background":0,"ocean_post_title_bg_image_position":"","ocean_post_title_bg_image_attachment":"","ocean_post_title_bg_image_repeat":"","ocean_post_title_bg_image_size":"","ocean_post_title_height":0,"ocean_post_title_bg_overlay":0.5,"ocean_post_title_bg_overlay_color":"","ocean_disable_breadcrumbs":"default","ocean_breadcrumbs_color":"","ocean_breadcrumbs_separator_color":"","ocean_breadcrumbs_links_color":"","ocean_breadcrumbs_links_hover_color":"","ocean_display_footer_widgets":"default","ocean_display_footer_bottom":"default","ocean_custom_footer_template":"0"},"product_brand":[],"product_cat":[88],"product_tag":[],"class_list":{"0":"post-3285","1":"product","2":"type-product","3":"status-publish","4":"has-post-thumbnail","6":"product_cat-winkelschneideset","7":"product_shipping_class-german","9":"entry","10":"has-media","12":"first","13":"instock","14":"taxable","15":"shipping-taxable","16":"purchasable","17":"product-type-variable","18":"col","19":"span_1_of_2","20":"owp-content-center","21":"owp-thumbs-layout-horizontal","22":"owp-btn-big","23":"owp-tabs-layout-horizontal"},"acf":[],"_links":{"self":[{"href":"https:\/\/www.angle.design\/de\/wp-json\/wp\/v2\/product\/3285","targetHints":{"allow":["GET"]}}],"collection":[{"href":"https:\/\/www.angle.design\/de\/wp-json\/wp\/v2\/product"}],"about":[{"href":"https:\/\/www.angle.design\/de\/wp-json\/wp\/v2\/types\/product"}],"version-history":[{"count":0,"href":"https:\/\/www.angle.design\/de\/wp-json\/wp\/v2\/product\/3285\/revisions"}],"wp:featuredmedia":[{"embeddable":true,"href":"https:\/\/www.angle.design\/de\/wp-json\/wp\/v2\/media\/5874"}],"wp:attachment":[{"href":"https:\/\/www.angle.design\/de\/wp-json\/wp\/v2\/media?parent=3285"}],"wp:term":[{"taxonomy":"product_brand","embeddable":true,"href":"https:\/\/www.angle.design\/de\/wp-json\/wp\/v2\/product_brand?post=3285"},{"taxonomy":"product_cat","embeddable":true,"href":"https:\/\/www.angle.design\/de\/wp-json\/wp\/v2\/product_cat?post=3285"},{"taxonomy":"product_tag","embeddable":true,"href":"https:\/\/www.angle.design\/de\/wp-json\/wp\/v2\/product_tag?post=3285"}],"curies":[{"name":"wp","href":"https:\/\/api.w.org\/{rel}","templated":true}]}}