{"id":2343,"date":"2019-03-31T01:32:46","date_gmt":"2019-03-31T00:32:46","guid":{"rendered":"https:\/\/angle.intoto-udv.dk\/om-angle-design\/"},"modified":"2019-04-04T16:37:07","modified_gmt":"2019-04-04T14:37:07","slug":"om-angle-design","status":"publish","type":"page","link":"https:\/\/www.angle.design\/no\/om-angle-design\/","title":{"rendered":"Om Angle.design"},"content":{"rendered":"<h2>Dette m\u00e5 kunne gj\u00f8res lettere og bedre<\/h2>\n<p>Den f\u00f8rste ideen til vinkelskj\u00e6rersettet oppstod for 20 \u00e5r siden, da t\u00f8mreren Niels Freitag nok en gang stod b\u00f8yd over noen plater som han skulle skj\u00e6re til. Med blyant og tommestokk brukte han lang tid p\u00e5 den omhyggelige m\u00e5lingen, slik at platene kunne utnyttes best mulig. Hver gang tenkte han: \u00abDette m\u00e5 kunne gj\u00f8res lettere og bedre\u00bb.<\/p>\n<h2>Raskere, lettere og mere presis m\u00e5ling<\/h2>\n<p>Som med mange andre gode oppfinnelser kom Angle.design til verden fordi det fantes et behov. Etter enda en oppm\u00e5ling med tommestokk og blyant satte Niels Freitag seg ned for \u00e5 forbedre den klassiske skinnen fra 1964. Resultatet ble den nye vinkelskinnen, som gj\u00f8r m\u00e5ling raskere, lettere og mere presis.<\/p>\n<p>&nbsp;<\/p>\n<p><img fetchpriority=\"high\" decoding=\"async\" class=\"aligncenter wp-image-112 size-large\" src=\"https:\/\/www.angle.design\/wp-content\/uploads\/2018\/09\/forside-hero-angle-design-light-1024x576.jpg\" alt=\"\" width=\"1024\" height=\"576\" srcset=\"https:\/\/www.angle.design\/wp-content\/uploads\/2018\/09\/forside-hero-angle-design-light-1024x576.jpg 1024w, https:\/\/www.angle.design\/wp-content\/uploads\/2018\/09\/forside-hero-angle-design-light-300x169.jpg 300w, https:\/\/www.angle.design\/wp-content\/uploads\/2018\/09\/forside-hero-angle-design-light-768x432.jpg 768w, https:\/\/www.angle.design\/wp-content\/uploads\/2018\/09\/forside-hero-angle-design-light-600x338.jpg 600w, https:\/\/www.angle.design\/wp-content\/uploads\/2018\/09\/forside-hero-angle-design-light.jpg 1920w\" sizes=\"(max-width: 1024px) 100vw, 1024px\" \/><\/p>\n<p>&nbsp;<\/p>\n<h2>Utviklet av h\u00e5ndverkere, for h\u00e5ndverkere<\/h2>\n<p>Niels utviklet f\u00f8rst en prototype av vinkelskj\u00e6rersettet, som han selv brukte i en \u00e5rrekke. En dag ble han oppfordret av forretningspartneren sin, Henrik Nielsen, til \u00e5 videreutvikle settet, s\u00e5 andre ogs\u00e5 kunne f\u00e5 glede av det. Det er nemlig mange situasjoner p\u00e5 en byggeplass hvor h\u00e5ndtering kan reduseres.<\/p>\n<h2>Spar tid og h\u00f8yne kvaliteten<\/h2>\n<p>Som sagt, s\u00e5 gjort. Niels gikk i gang med \u00e5 utvikle vinkelskj\u00e6rersettet i en versjon 2.0, som er s\u00e5 annerledes fra andre verkt\u00f8y at Niels og Henrik har f\u00e5tt patent p\u00e5 det. Angle.design er alts\u00e5 oppst\u00e5tt fra en alminnelig h\u00e5ndverksbedrift, der eierne har et \u00f8nske om \u00e5 hjelpe andre med \u00e5 spare tid og h\u00f8yne kvaliteten.<\/p>\n<h3>&gt;&gt; <a href=\"https:\/\/www.angle.design\/da\/produkter\/\">SE PRODUKTENE HER<\/a> &lt;&lt;<\/h3>\n<p>&nbsp;<\/p>\n","protected":false},"excerpt":{"rendered":"<p>Dette m\u00e5 kunne gj\u00f8res lettere og bedre Den f\u00f8rste ideen til vinkelskj\u00e6rersettet oppstod for 20 \u00e5r siden, da t\u00f8mreren Niels Freitag nok en gang stod b\u00f8yd over noen plater som han skulle skj\u00e6re til. Med blyant og tommestokk brukte han lang tid p\u00e5 den omhyggelige m\u00e5lingen, slik at platene kunne utnyttes best mulig. Hver gang [&hellip;]<\/p>\n","protected":false},"author":1,"featured_media":1780,"parent":0,"menu_order":100,"comment_status":"closed","ping_status":"closed","template":"","meta":{"_acf_changed":false,"ocean_post_layout":"","ocean_both_sidebars_style":"","ocean_both_sidebars_content_width":0,"ocean_both_sidebars_sidebars_width":0,"ocean_sidebar":"0","ocean_second_sidebar":"0","ocean_disable_margins":"enable","ocean_add_body_class":"","ocean_shortcode_before_top_bar":"","ocean_shortcode_after_top_bar":"","ocean_shortcode_before_header":"","ocean_shortcode_after_header":"","ocean_has_shortcode":"","ocean_shortcode_after_title":"","ocean_shortcode_before_footer_widgets":"","ocean_shortcode_after_footer_widgets":"","ocean_shortcode_before_footer_bottom":"","ocean_shortcode_after_footer_bottom":"","ocean_display_top_bar":"default","ocean_display_header":"default","ocean_header_style":"","ocean_center_header_left_menu":"0","ocean_custom_header_template":"0","ocean_custom_logo":0,"ocean_custom_retina_logo":0,"ocean_custom_logo_max_width":0,"ocean_custom_logo_tablet_max_width":0,"ocean_custom_logo_mobile_max_width":0,"ocean_custom_logo_max_height":0,"ocean_custom_logo_tablet_max_height":0,"ocean_custom_logo_mobile_max_height":0,"ocean_header_custom_menu":"0","ocean_menu_typo_font_family":"0","ocean_menu_typo_font_subset":"","ocean_menu_typo_font_size":0,"ocean_menu_typo_font_size_tablet":0,"ocean_menu_typo_font_size_mobile":0,"ocean_menu_typo_font_size_unit":"px","ocean_menu_typo_font_weight":"","ocean_menu_typo_font_weight_tablet":"","ocean_menu_typo_font_weight_mobile":"","ocean_menu_typo_transform":"","ocean_menu_typo_transform_tablet":"","ocean_menu_typo_transform_mobile":"","ocean_menu_typo_line_height":0,"ocean_menu_typo_line_height_tablet":0,"ocean_menu_typo_line_height_mobile":0,"ocean_menu_typo_line_height_unit":"","ocean_menu_typo_spacing":0,"ocean_menu_typo_spacing_tablet":0,"ocean_menu_typo_spacing_mobile":0,"ocean_menu_typo_spacing_unit":"","ocean_menu_link_color":"","ocean_menu_link_color_hover":"","ocean_menu_link_color_active":"","ocean_menu_link_background":"","ocean_menu_link_hover_background":"","ocean_menu_link_active_background":"","ocean_menu_social_links_bg":"","ocean_menu_social_hover_links_bg":"","ocean_menu_social_links_color":"","ocean_menu_social_hover_links_color":"","ocean_disable_title":"default","ocean_disable_heading":"default","ocean_post_title":"","ocean_post_subheading":"","ocean_post_title_style":"","ocean_post_title_background_color":"","ocean_post_title_background":0,"ocean_post_title_bg_image_position":"","ocean_post_title_bg_image_attachment":"","ocean_post_title_bg_image_repeat":"","ocean_post_title_bg_image_size":"","ocean_post_title_height":0,"ocean_post_title_bg_overlay":0.5,"ocean_post_title_bg_overlay_color":"","ocean_disable_breadcrumbs":"default","ocean_breadcrumbs_color":"","ocean_breadcrumbs_separator_color":"","ocean_breadcrumbs_links_color":"","ocean_breadcrumbs_links_hover_color":"","ocean_display_footer_widgets":"default","ocean_display_footer_bottom":"default","ocean_custom_footer_template":"0","footnotes":""},"class_list":["post-2343","page","type-page","status-publish","has-post-thumbnail","hentry","entry","has-media","owp-thumbs-layout-horizontal","owp-btn-big","owp-tabs-layout-horizontal","has-no-thumbnails"],"acf":[],"_links":{"self":[{"href":"https:\/\/www.angle.design\/no\/wp-json\/wp\/v2\/pages\/2343","targetHints":{"allow":["GET"]}}],"collection":[{"href":"https:\/\/www.angle.design\/no\/wp-json\/wp\/v2\/pages"}],"about":[{"href":"https:\/\/www.angle.design\/no\/wp-json\/wp\/v2\/types\/page"}],"author":[{"embeddable":true,"href":"https:\/\/www.angle.design\/no\/wp-json\/wp\/v2\/users\/1"}],"replies":[{"embeddable":true,"href":"https:\/\/www.angle.design\/no\/wp-json\/wp\/v2\/comments?post=2343"}],"version-history":[{"count":0,"href":"https:\/\/www.angle.design\/no\/wp-json\/wp\/v2\/pages\/2343\/revisions"}],"wp:featuredmedia":[{"embeddable":true,"href":"https:\/\/www.angle.design\/no\/wp-json\/wp\/v2\/media\/1780"}],"wp:attachment":[{"href":"https:\/\/www.angle.design\/no\/wp-json\/wp\/v2\/media?parent=2343"}],"curies":[{"name":"wp","href":"https:\/\/api.w.org\/{rel}","templated":true}]}}