{"id":3108,"date":"2019-06-03T11:21:28","date_gmt":"2019-06-03T09:21:28","guid":{"rendered":"https:\/\/angle.intoto-udv.dk\/kjopbetingelser\/"},"modified":"2022-03-08T17:26:31","modified_gmt":"2022-03-08T16:26:31","slug":"kjopbetingelser","status":"publish","type":"page","link":"https:\/\/www.angle.design\/no\/kjopbetingelser\/","title":{"rendered":"Kj\u00f8pbetingelser"},"content":{"rendered":"<article id=\"single-blocks\" class=\"single-page-article wpex-clr\">\n<div class=\"single-page-content entry clr\">\n<div class=\"vc_row wpb_row vc_row-fluid\">\n<div class=\"wpb_column vc_column_container vc_col-sm-12\">\n<div class=\"vc_column-inner \">\n<div class=\"wpb_wrapper\">\n<div class=\"wpb_text_column wpb_content_element \">\n<div class=\"wpb_wrapper\">\n<h2><strong>Generelle opplysninger<\/strong><\/h2>\n<p><strong>1 \u2013 Generelt<\/strong><br \/>\n<strong>1.1 \u2013 Kj\u00f8p<br \/>\n<\/strong>S\u00e5 snart vi har mottatt ordren din, f\u00e5r du en e-post med ordrebekreftelse.<\/p>\n<p><strong>1.2 \u2013 Priser<br \/>\n<\/strong>Alle priser er i utgangspunktet uten 25 % mva og avgifter, med mindre annet er angitt. Alle priser i Euro (EUR).<\/p>\n<p>Den angitte prisen p\u00e5 bestillingstidspunktet er varens pris. Det betyr at selv om prisen faller eller stiger, endrer ikke din pris seg fra bestillingstidspunktet. Det tas forbehold for force majeure.<br \/>\nKortet ditt belastes f\u00f8rst n\u00e5r varen sendes.<\/p>\n<p><strong>1.3 \u2013 Betaling<br \/>\n<\/strong>F\u00f8lgende betalingsmetoder kan benyttes:<br \/>\nForh\u00e5ndsbetaling (Bel\u00f8pet m\u00e5 v\u00e6re overf\u00f8rt til banken innen fem virkedager). V\u00e6r oppmerksom p\u00e5 at ved betaling via bankoverf\u00f8ring, er du ikke beskyttet av klageretten.<br \/>\nKontant ved henting i butikk (Henting m\u00e5 skje innen fem virkedager)<\/p>\n<p><strong>2 \u2013 Levering<br \/>\n2.1 \u2013 Leveringsformer<\/strong><br \/>\nAngle.design benytter Post Danmark eller Danske Fragtm\u00e6nd, og deres leveringsformer, til samtlige leveringer.<\/p>\n<p><strong>2.2 \u2013 Leveringstid<\/strong><br \/>\nVi sender bestillingen din s\u00e5 fort som mulig. betyr at varen vanligvis er hos deg 1\u20133 virkedager etter bestilling. Leveringstidene er veiledende og kan variere.<\/p>\n<p><strong>2.3 \u2013 Leveringsansvar<br \/>\n<\/strong>Ved transport fra Angle.design ApS til kunden er Angle.design ApS ansvarlig hvis produktet blir skadet eller forsvinner under transporten. Ved transport fra kunden til Angle.design ApS er kunden ansvarlig hvis produktet blir skadet eller forsvinner under transporten.<\/p>\n<p><strong>2.4 \u2013 Faktura<br \/>\n<\/strong>Faktura er som regel vedlagt varen.<\/p>\n<p><strong>3 \u2013 Retur av varer<\/strong><br \/>\n<strong>3.1 \u2013 Er du misforn\u00f8yd med varen?<br \/>\n<\/strong>Ved kj\u00f8p av en vare, p\u00e5 nettet eller via telefon, har du som forbruker 14 dagers angrerett.<br \/>\nAngreretten l\u00f8per fra mottaksdatoen. Hvis du angrer p\u00e5 kj\u00f8pet f\u00f8r angreretten l\u00f8per ut, kan varen returneres og vi betaler tilbake kj\u00f8pesummen. Du m\u00e5 melde fra til oss innen 14 dager om at du \u00f8nsker \u00e5 heve kj\u00f8pet. Meldingen skal sendes til <a href=\"mailto:post@angle.design\">post@angle.design<\/a> eller ved \u00e5 bruke <a href=\"https:\/\/www.emaerket.dk\/external-files\/pdf\/standardfortrydelsesformular.pdf\" target=\"_blank\" rel=\"noopener\">angrerettskjemaet<\/a>. I meldingen m\u00e5 du tydelig uttrykke at du \u00f8nsker \u00e5 benytte deg av angreretten.<\/p>\n<p><strong>3.2 \u2013 Betingelser for retur<\/strong><br \/>\nDu m\u00e5 sende varen i retur til oss uten un\u00f8dig forsinkelse, og senest 14 dager etter at du har varslet oss om at du \u00f8nsker \u00e5 heve kj\u00f8pet. Du m\u00e5 betale kostnadene i forbindelse med returforsendelse av varen. Du har ansvar for varen fra tidspunktet da varen ble levert til deg.<\/p>\n<p><strong>Varens stand n\u00e5r du sender den i retur<\/strong><\/p>\n<p>Du er bare ansvarlig for eventuell redusert verdi av varen som skyldes en annen h\u00e5ndtering enn den som er n\u00f8dvendig for \u00e5 fastsl\u00e5 varens art, egenskaper og m\u00e5ten den fungerer p\u00e5. Det vil si at du kan pr\u00f8ve varen p\u00e5 samme m\u00e5te som i en butikk, men du kan ikke ta den i bruk. Hvis varen er pr\u00f8vd utover det som er beskrevet ovenfor, betrakter vi den som brukt. Derfor f\u00e5r du bare en del eller ingenting av kj\u00f8pesummen tilbake hvis du hever kj\u00f8pet, avhengig av varens kommersielle verdi.<\/p>\n<p><strong>Tilbakebetaling av kj\u00f8pesummen<\/strong><\/p>\n<p>Hvis du hever kj\u00f8pet, f\u00e5r du det bel\u00f8pet du har betalt til oss, tilbake. Hvis verdien er forringet og du er ansvarlig for det, trekkes dette fra kj\u00f8pesummen. Hvis du benytter deg av angreretten, refunderer vi alle betalinger vi har mottatt fra deg, inkludert leveringskostnader (dog ikke ekstra kostnader som f\u00f8lge av ditt eget valg av en annen leveringsmetode enn den billigste metoden for standardlevering, som vi tilbyr). Dette skal skje uten un\u00f8dig forsinkelse og under alle omstendigheter senest 14 dager fra den datoen vi mottok varselet om at du hadde besluttet \u00e5 heve denne avtalen. Vi gjennomf\u00f8rer en slik tilbakebetaling med samme betalingsmiddel som du benyttet ved den opprinnelige transaksjonen, med mindre du uttrykkelig har godtatt noe annet.<\/p>\n<p>Vi kan holde tilbake refusjonen til vi har mottatt den returnerte varen, med mindre du kan bevise at du har returnert den f\u00f8r det. Vi tar ikke imot kolli som ikke leveres p\u00e5 d\u00f8ren eller kolli sendt mot etterkrav.<\/p>\n<p><strong>Hvis du angrer p\u00e5 kj\u00f8pet, skal varen sendes til:<\/strong><\/p>\n<p>Angle.Design ApS<br \/>\nBoestoftevej 26 A<br \/>\nHavnelev<br \/>\n4673 R\u00f8dvig Stevns<\/p>\n<p>Varen kan ogs\u00e5 etter avtale leveres p\u00e5 ovennevnte adresse.<\/p>\n<p><strong>4 \u2013 Reklamasjon<\/strong><br \/>\nKj\u00f8pslovens regler om mangler kan gjelde for kj\u00f8p av varer.<br \/>\nN\u00e5r du som forbruker handler hos oss, har du <strong>24 m\u00e5neders reklamasjonsrett<\/strong>. Det betyr at du enten kan f\u00e5 varen reparert eller byttet, pengene tilbake eller avslag i prisen, avhengig av den konkrete situasjonen. Det kreves at reklamasjonen er berettiget, og at mangelen ikke er oppst\u00e5tt som f\u00f8lge av feilaktig bruk av produktet eller annen \u00f8deleggelse.<\/p>\n<p>Hvis varen er vesentlig forsinket eller har en feil, kan du kontakte <a href=\"mailto:post@angle.design\">post@angle.design<\/a>.<\/p>\n<p>Klager over feil ved varen skal skje innen rimelig tid etter at du har oppdaget feilen eller burde ha oppdaget den ved en alminnelig gjennomgang av varen. Du kan klage skriftlig eller muntlig.<\/p>\n<p>N\u00e5r Angle.design ApS mottar en klage p\u00e5 en vare, behandles klagen s\u00e5 raskt som mulig. Angle.design ApS avgj\u00f8r om varen skal repareres eller byttes, eller om det skal gis et prisavslag.<\/p>\n<p>Hvis varen m\u00e5 sendes tilbake til Angle.design ApS, vil ikke dette koste kunden noe, ettersom Angle.design ApS betaler for rimelige fraktkostnader ved berettigede reklamasjoner. Varen m\u00e5 sendes tilbake i forsvarlig emballasje.<\/p>\n<p><strong>Angle.Design ApS<\/strong><br \/>\nBoestoftevej 26 A<br \/>\nHavnelev<br \/>\n4673 R\u00f8dvig Stevns<\/p>\n<p><strong>5 \u2013 Ansvar<\/strong><br \/>\nAngle.Design ApS kan ikke holdes ansvarlig for eventuelle konsekvenser av bruk av varer og tjenester fra Angle.Design ApS\u2019 nettbutikk.<\/p>\n<p>Vi gir dessuten ingen garantier for at butikken til enhver tid vil v\u00e6re feilfri og i full drift. Vi tar forbehold for enhver form for feil, un\u00f8yaktighet eller aktualitet som kan ha oppst\u00e5tt i forbindelse med oppdatering og opplasting til butikken.<\/p>\n<p>Angle.Design ApS er underlagt gjeldende lover og regler om produktansvar i Danmark og EU. Eventuelle tvister og s\u00f8ksm\u00e5l skal avgj\u00f8res av danske domstoler i henhold til dansk lov.<\/p>\n<p><strong>Personvern <\/strong><br \/>\nFor at du skal kunne inng\u00e5 en avtale med oss, trenger vi f\u00f8lgende opplysninger:<br \/>\nNettordrenummer, navn, adresse, telefonnummer og e-postadresse.<\/p>\n<p>Vi registrerer personopplysningene dine med det form\u00e5let \u00e5 kunne levere varen til deg. Personopplysningene registreres hos Angle.Design ApS og oppbevares i fem \u00e5r. Deretter slettes de.<\/p>\n<p>Personopplysningene utleveres ikke til andre.<\/p>\n<p>Som registrert hos Angle.Design ApS, har du alltid rett til \u00e5 gj\u00f8re innsigelser mot registreringen. Du har ogs\u00e5 rett til innsikt i hvilke opplysninger som er registrert om deg. Disse rettighetene har du i henhold til personvernloven, og henvendelser i den forbindelse kan sendes til: <a href=\"mailto:post@angle.design\">post@angle.design <\/a><\/p>\n<p><strong>Klageadgang<\/strong><\/p>\n<p>Hvis du vil klage over kj\u00f8pet, kan du kontakte <a href=\"mailto:post@angle.design\">post@angle.design<\/a>.<\/p>\n<p>Hvis vi ikke lykkes i \u00e5 finne en l\u00f8sning sammen, kan du sende en klage til en relevant nemnd p\u00e5 omr\u00e5det, s\u00e5 lenge betingelsene for dette er oppfylt.<\/p>\n<p>Konkurrence- og Forbrugerstyrelsen<br \/>\nCarl Jacobsens vej 35, 2500 Valby<br \/>\n<a href=\"http:\/\/www.forbrug.dk\/\" target=\"_blank\" rel=\"noopener\">www.forbrug.dk<\/a><\/p>\n<p>Hvis du er en forbruker bosatt i et annet EU-land enn Danmark, kan du klage til EU-kommisjonens klageportal p\u00e5 nettet: \u2013<a href=\"http:\/\/ec.europa.eu\/odr\" target=\"_blank\" rel=\"noopener\">http:\/\/ec.europa.eu\/odr<\/a><\/p>\n<p>&nbsp;<\/p>\n<\/div>\n<\/div>\n<\/div>\n<\/div>\n<\/div>\n<\/div>\n<\/div>\n<\/article>\n","protected":false},"excerpt":{"rendered":"<p>Generelle opplysninger 1 \u2013 Generelt 1.1 \u2013 Kj\u00f8p S\u00e5 snart vi har mottatt ordren din, f\u00e5r du en e-post med ordrebekreftelse. 1.2 \u2013 Priser Alle priser er i utgangspunktet uten 25 % mva og avgifter, med mindre annet er angitt. Alle priser i Euro (EUR). Den angitte prisen p\u00e5 bestillingstidspunktet er varens pris. Det betyr [&hellip;]<\/p>\n","protected":false},"author":1,"featured_media":0,"parent":0,"menu_order":55,"comment_status":"closed","ping_status":"closed","template":"","meta":{"_acf_changed":false,"ocean_post_layout":"","ocean_both_sidebars_style":"","ocean_both_sidebars_content_width":0,"ocean_both_sidebars_sidebars_width":0,"ocean_sidebar":"0","ocean_second_sidebar":"0","ocean_disable_margins":"enable","ocean_add_body_class":"","ocean_shortcode_before_top_bar":"","ocean_shortcode_after_top_bar":"","ocean_shortcode_before_header":"","ocean_shortcode_after_header":"","ocean_has_shortcode":"","ocean_shortcode_after_title":"","ocean_shortcode_before_footer_widgets":"","ocean_shortcode_after_footer_widgets":"","ocean_shortcode_before_footer_bottom":"","ocean_shortcode_after_footer_bottom":"","ocean_display_top_bar":"default","ocean_display_header":"default","ocean_header_style":"","ocean_center_header_left_menu":"0","ocean_custom_header_template":"0","ocean_custom_logo":0,"ocean_custom_retina_logo":0,"ocean_custom_logo_max_width":0,"ocean_custom_logo_tablet_max_width":0,"ocean_custom_logo_mobile_max_width":0,"ocean_custom_logo_max_height":0,"ocean_custom_logo_tablet_max_height":0,"ocean_custom_logo_mobile_max_height":0,"ocean_header_custom_menu":"0","ocean_menu_typo_font_family":"0","ocean_menu_typo_font_subset":"","ocean_menu_typo_font_size":0,"ocean_menu_typo_font_size_tablet":0,"ocean_menu_typo_font_size_mobile":0,"ocean_menu_typo_font_size_unit":"px","ocean_menu_typo_font_weight":"","ocean_menu_typo_font_weight_tablet":"","ocean_menu_typo_font_weight_mobile":"","ocean_menu_typo_transform":"","ocean_menu_typo_transform_tablet":"","ocean_menu_typo_transform_mobile":"","ocean_menu_typo_line_height":0,"ocean_menu_typo_line_height_tablet":0,"ocean_menu_typo_line_height_mobile":0,"ocean_menu_typo_line_height_unit":"","ocean_menu_typo_spacing":0,"ocean_menu_typo_spacing_tablet":0,"ocean_menu_typo_spacing_mobile":0,"ocean_menu_typo_spacing_unit":"","ocean_menu_link_color":"","ocean_menu_link_color_hover":"","ocean_menu_link_color_active":"","ocean_menu_link_background":"","ocean_menu_link_hover_background":"","ocean_menu_link_active_background":"","ocean_menu_social_links_bg":"","ocean_menu_social_hover_links_bg":"","ocean_menu_social_links_color":"","ocean_menu_social_hover_links_color":"","ocean_disable_title":"default","ocean_disable_heading":"default","ocean_post_title":"","ocean_post_subheading":"","ocean_post_title_style":"","ocean_post_title_background_color":"","ocean_post_title_background":0,"ocean_post_title_bg_image_position":"","ocean_post_title_bg_image_attachment":"","ocean_post_title_bg_image_repeat":"","ocean_post_title_bg_image_size":"","ocean_post_title_height":0,"ocean_post_title_bg_overlay":0.5,"ocean_post_title_bg_overlay_color":"","ocean_disable_breadcrumbs":"default","ocean_breadcrumbs_color":"","ocean_breadcrumbs_separator_color":"","ocean_breadcrumbs_links_color":"","ocean_breadcrumbs_links_hover_color":"","ocean_display_footer_widgets":"default","ocean_display_footer_bottom":"default","ocean_custom_footer_template":"0","footnotes":""},"class_list":["post-3108","page","type-page","status-publish","hentry","entry","owp-thumbs-layout-horizontal","owp-btn-big","owp-tabs-layout-horizontal","has-no-thumbnails"],"acf":[],"_links":{"self":[{"href":"https:\/\/www.angle.design\/no\/wp-json\/wp\/v2\/pages\/3108","targetHints":{"allow":["GET"]}}],"collection":[{"href":"https:\/\/www.angle.design\/no\/wp-json\/wp\/v2\/pages"}],"about":[{"href":"https:\/\/www.angle.design\/no\/wp-json\/wp\/v2\/types\/page"}],"author":[{"embeddable":true,"href":"https:\/\/www.angle.design\/no\/wp-json\/wp\/v2\/users\/1"}],"replies":[{"embeddable":true,"href":"https:\/\/www.angle.design\/no\/wp-json\/wp\/v2\/comments?post=3108"}],"version-history":[{"count":0,"href":"https:\/\/www.angle.design\/no\/wp-json\/wp\/v2\/pages\/3108\/revisions"}],"wp:attachment":[{"href":"https:\/\/www.angle.design\/no\/wp-json\/wp\/v2\/media?parent=3108"}],"curies":[{"name":"wp","href":"https:\/\/api.w.org\/{rel}","templated":true}]}}