{"id":3109,"date":"2019-06-03T11:30:54","date_gmt":"2019-06-03T09:30:54","guid":{"rendered":"https:\/\/angle.intoto-udv.dk\/retningslinjer-om-informasjonkapsler-og-personvern\/"},"modified":"2019-06-03T11:30:54","modified_gmt":"2019-06-03T09:30:54","slug":"retningslinjer-om-informasjonkapsler-og-personvern","status":"publish","type":"page","link":"https:\/\/www.angle.design\/no\/retningslinjer-om-informasjonkapsler-og-personvern\/","title":{"rendered":"RETNINGSLINJER OM INFORMASJONKAPSLER OG PERSONVERN"},"content":{"rendered":"<div id=\"post-1019\" class=\"post page clearfix post-1019 type-page status-publish hentry\">\n<div class=\"entry clearfix\">\n<h3>INTRODUKSJON<\/h3>\n<p>N\u00e5r du bes\u00f8ker nettstedet v\u00e5rt, <strong>https:\/\/www.angle.design<\/strong> samles det inn informasjon om deg, som brukes til \u00e5 tilpasse og forbedre innholdet v\u00e5rt, og til \u00e5 \u00f8ke verdien av annonsene som vises p\u00e5 siden. Hvis du ikke vil at slik informasjon skal samles inn, b\u00f8r du slette informasjonkapslene dine (<a href=\"http:\/\/minecookies.org\/cookiehandtering\" target=\"_blank\" rel=\"noopener\">se veiledning<\/a>) og avst\u00e5 fra videre bruk av nettstedet. Nedenfor har vi utdypet hvilke opplysninger som samles inn, deres form\u00e5l og hvilke tredjeparter som har tilgang til dem.<\/p>\n<h3>INFORMASJONKAPSLER<\/h3>\n<p>Nettstedet bruker informasjonskapsler, eller \u00abcookies\u00bb, som lagres p\u00e5 datamaskinen, mobilen din eller lignende, med det form\u00e5l \u00e5 gjenkjenne den, huske innstillinger, utf\u00f8re statistikk og m\u00e5lrette reklame. Informasjonskapsler kan ikke inneholde en skadelig kode, som f.eks. virus.<\/p>\n<p>Du kan slette eller blokkere informasjonskapsler. Se veiledning: <a href=\"http:\/\/minecookies.org\/cookiehandtering\" target=\"_blank\" rel=\"noopener\">http:\/\/minecookies.org\/cookiehandtering<\/a><\/p>\n<p>Hvis du sletter eller blokkerer informasjonskapsler, kan reklamene bli mindre relevante for deg og vises hyppigere. Du kan dessuten risikere at nettstedet ikke fungerer optimalt, og at det finnes innhold du ikke f\u00e5r tilgang til.<\/p>\n<p>Nettstedet inneholder informasjonskapsler fra tredjeparter, som i varierende grad kan omfatte:<\/p>\n<ul>\n<li>Google<\/li>\n<li>Facebook<\/li>\n<li>Linkedin<\/li>\n<\/ul>\n<h2>PERSONOPPLYSNINGER<\/h2>\n<h3>GENERELT<\/h3>\n<p>Personopplysninger er all slags informasjon som p\u00e5 en eller annen m\u00e5te kan f\u00f8res tilbake til deg. N\u00e5r du bruker nettstedet v\u00e5rt, samler vi inn og behandler en rekke slike opplysninger. Det skjer f.eks. ved vanlig tilgang til innhold, hvis du abonnerer p\u00e5 nyhetsbrevet v\u00e5rt, deltar i konkurranser eller unders\u00f8kelser, registrerer deg som bruker eller abonnent, annen bruk av tjenester eller foretar kj\u00f8p gjennom nettstedet.<\/p>\n<p>Vanligvis samler vi inn og behandler f\u00f8lgende typer informasjon: En unik ID og teknisk informasjon om din datamaskin, nettbrett eller mobiltelefon, IP-nummer, geografisk plassering og hvilke sider du klikker p\u00e5 (interesser). I den grad du selv gir uttrykkelig samtykke til det og selv oppgir informasjonen, behandles ogs\u00e5: Navn, telefonnummer, e-postadresse, fysisk adresse og betalingsinformasjon. Det vil som regel v\u00e6re i forbindelse med opprettelse av p\u00e5loggings-ID eller ved kj\u00f8p.<\/p>\n<h3>SIKKERHET<\/h3>\n<p>Vi har truffet tekniske og organisatoriske tiltak mot at dine opplysninger blir ulovlig eller utilsiktet slettet, offentliggjort, mistet, forringet, avsl\u00f8rt for uvedkommende, misbrukt eller p\u00e5 annen m\u00e5te behandlet i strid med loven.<\/p>\n<h3>FORM\u00c5L<\/h3>\n<p>Opplysningene brukes til \u00e5 identifisere deg som bruker og vise deg reklame som har st\u00f8rst sannsynlighet for \u00e5 v\u00e6re relevant for deg, \u00e5 registrere kj\u00f8pene og betalingene dine, og for \u00e5 kunne levere de tjenestene du har bedt om, som f.eks. sending av nyhetsbrev. I tillegg bruker vi opplysningene til \u00e5 optimalisere tjenestene v\u00e5re og innholdet v\u00e5rt.<\/p>\n<h3>LAGRINGSTID<\/h3>\n<p>Opplysningene lagres i den tidsperioden som er tillatt ved lov, og vi sletter den n\u00e5r den ikke lenger er n\u00f8dvendig. Perioden avhenger av informasjonens karakter og grunnen til lagringen. Det er derfor ikke mulig \u00e5 angi en generell tidsramme for n\u00e5r opplysningene slettes.<\/p>\n<h3>UTLEVERING AV INFORMASJON<\/h3>\n<p>Data om din bruk av nettstedet, hvilke reklamer du f\u00e5r og ev. klikker p\u00e5, geografisk plassering, kj\u00f8nn og alder osv. gis videre til tredjeparter i den grad disse opplysningene er kjent. Du kan se hvilke tredjeparter det er snakk om i avsnittet om informasjonskapsler ovenfor. Opplysningene brukes til m\u00e5lretting av reklame.<\/p>\n<p>I tillegg bruker vi en rekke tredjeparter til lagring og behandling av data. Disse behandler utelukkende opplysningene p\u00e5 v\u00e5re vegne og kan ikke bruke den til egne form\u00e5l.<\/p>\n<p>Utlevering av personopplysninger som navn og e-postadresse o.l. vil kun skje dersom du gir samtykke til det. Vi bruker bare databehandlere i EU eller i land som kan gi opplysningene dine tilstrekkelig beskyttelse.<\/p>\n<h3>INNSIKT OG KLAGER<\/h3>\n<p>Du har rett til \u00e5 f\u00e5 vite hvilke personopplysninger om deg vi behandler. Du kan dessuten til enhver tid gj\u00f8re innsigelser mot bruk av informasjonen. Du kan ogs\u00e5 trekke tilbake samtykket til behandling av opplysninger om deg. Hvis den opplysningen vi behandler om deg er feil, har du rett til \u00e5 f\u00e5 den rettet eller slettet. Henvendelser om dette kan sendes til: <a href=\"mailto:post@angle.design\">post@angle.design<\/a>. Hvis du vil klage p\u00e5 v\u00e5r behandling av personopplysningene dine, kan du ogs\u00e5 ta kontakt med <a href=\"https:\/\/www.datatilsynet.dk\" target=\"_blank\" rel=\"noopener\">Datatilsynet<\/a>.<\/p>\n<h3>UTGIVER<\/h3>\n<p>Nettstedet https:\/\/www.angle.design eies og utgis av:<\/p>\n<p><strong>Angle.Design ApS<\/strong><br \/>\nBoestoftevej 26 A<br \/>\nHavnelev<br \/>\n4673 R\u00f8dvig Stevns<br \/>\nCVR: 37645419<\/p>\n<p>&nbsp;<\/p>\n<\/div>\n<\/div>\n","protected":false},"excerpt":{"rendered":"<p>INTRODUKSJON N\u00e5r du bes\u00f8ker nettstedet v\u00e5rt, https:\/\/www.angle.design samles det inn informasjon om deg, som brukes til \u00e5 tilpasse og forbedre innholdet v\u00e5rt, og til \u00e5 \u00f8ke verdien av annonsene som vises p\u00e5 siden. Hvis du ikke vil at slik informasjon skal samles inn, b\u00f8r du slette informasjonkapslene dine (se veiledning) og avst\u00e5 fra videre bruk [&hellip;]<\/p>\n","protected":false},"author":1,"featured_media":1772,"parent":0,"menu_order":50,"comment_status":"closed","ping_status":"closed","template":"","meta":{"_acf_changed":false,"ocean_post_layout":"","ocean_both_sidebars_style":"","ocean_both_sidebars_content_width":0,"ocean_both_sidebars_sidebars_width":0,"ocean_sidebar":"0","ocean_second_sidebar":"0","ocean_disable_margins":"enable","ocean_add_body_class":"","ocean_shortcode_before_top_bar":"","ocean_shortcode_after_top_bar":"","ocean_shortcode_before_header":"","ocean_shortcode_after_header":"","ocean_has_shortcode":"","ocean_shortcode_after_title":"","ocean_shortcode_before_footer_widgets":"","ocean_shortcode_after_footer_widgets":"","ocean_shortcode_before_footer_bottom":"","ocean_shortcode_after_footer_bottom":"","ocean_display_top_bar":"default","ocean_display_header":"default","ocean_header_style":"","ocean_center_header_left_menu":"0","ocean_custom_header_template":"0","ocean_custom_logo":0,"ocean_custom_retina_logo":0,"ocean_custom_logo_max_width":0,"ocean_custom_logo_tablet_max_width":0,"ocean_custom_logo_mobile_max_width":0,"ocean_custom_logo_max_height":0,"ocean_custom_logo_tablet_max_height":0,"ocean_custom_logo_mobile_max_height":0,"ocean_header_custom_menu":"0","ocean_menu_typo_font_family":"0","ocean_menu_typo_font_subset":"","ocean_menu_typo_font_size":0,"ocean_menu_typo_font_size_tablet":0,"ocean_menu_typo_font_size_mobile":0,"ocean_menu_typo_font_size_unit":"px","ocean_menu_typo_font_weight":"","ocean_menu_typo_font_weight_tablet":"","ocean_menu_typo_font_weight_mobile":"","ocean_menu_typo_transform":"","ocean_menu_typo_transform_tablet":"","ocean_menu_typo_transform_mobile":"","ocean_menu_typo_line_height":0,"ocean_menu_typo_line_height_tablet":0,"ocean_menu_typo_line_height_mobile":0,"ocean_menu_typo_line_height_unit":"","ocean_menu_typo_spacing":0,"ocean_menu_typo_spacing_tablet":0,"ocean_menu_typo_spacing_mobile":0,"ocean_menu_typo_spacing_unit":"","ocean_menu_link_color":"","ocean_menu_link_color_hover":"","ocean_menu_link_color_active":"","ocean_menu_link_background":"","ocean_menu_link_hover_background":"","ocean_menu_link_active_background":"","ocean_menu_social_links_bg":"","ocean_menu_social_hover_links_bg":"","ocean_menu_social_links_color":"","ocean_menu_social_hover_links_color":"","ocean_disable_title":"default","ocean_disable_heading":"default","ocean_post_title":"","ocean_post_subheading":"","ocean_post_title_style":"","ocean_post_title_background_color":"","ocean_post_title_background":0,"ocean_post_title_bg_image_position":"","ocean_post_title_bg_image_attachment":"","ocean_post_title_bg_image_repeat":"","ocean_post_title_bg_image_size":"","ocean_post_title_height":0,"ocean_post_title_bg_overlay":0.5,"ocean_post_title_bg_overlay_color":"","ocean_disable_breadcrumbs":"default","ocean_breadcrumbs_color":"","ocean_breadcrumbs_separator_color":"","ocean_breadcrumbs_links_color":"","ocean_breadcrumbs_links_hover_color":"","ocean_display_footer_widgets":"default","ocean_display_footer_bottom":"default","ocean_custom_footer_template":"0","footnotes":""},"class_list":["post-3109","page","type-page","status-publish","has-post-thumbnail","hentry","entry","has-media","owp-thumbs-layout-horizontal","owp-btn-big","owp-tabs-layout-horizontal","has-no-thumbnails"],"acf":[],"_links":{"self":[{"href":"https:\/\/www.angle.design\/no\/wp-json\/wp\/v2\/pages\/3109","targetHints":{"allow":["GET"]}}],"collection":[{"href":"https:\/\/www.angle.design\/no\/wp-json\/wp\/v2\/pages"}],"about":[{"href":"https:\/\/www.angle.design\/no\/wp-json\/wp\/v2\/types\/page"}],"author":[{"embeddable":true,"href":"https:\/\/www.angle.design\/no\/wp-json\/wp\/v2\/users\/1"}],"replies":[{"embeddable":true,"href":"https:\/\/www.angle.design\/no\/wp-json\/wp\/v2\/comments?post=3109"}],"version-history":[{"count":0,"href":"https:\/\/www.angle.design\/no\/wp-json\/wp\/v2\/pages\/3109\/revisions"}],"wp:featuredmedia":[{"embeddable":true,"href":"https:\/\/www.angle.design\/no\/wp-json\/wp\/v2\/media\/1772"}],"wp:attachment":[{"href":"https:\/\/www.angle.design\/no\/wp-json\/wp\/v2\/media?parent=3109"}],"curies":[{"name":"wp","href":"https:\/\/api.w.org\/{rel}","templated":true}]}}