{"id":2622,"date":"2018-11-23T15:05:52","date_gmt":"2019-04-04T10:26:47","guid":{"rendered":"https:\/\/angle.intoto-udv.dk\/produkt\/mellomstort-vinkelsett\/"},"modified":"2023-03-13T17:32:44","modified_gmt":"2023-03-13T16:32:44","slug":"midtvinkelsett-120","status":"publish","type":"product","link":"https:\/\/www.angle.design\/no\/produkt\/midtvinkelsett-120\/","title":{"rendered":"AG201 Medium Vinkelsett &#8211; 120"},"content":{"rendered":"<p>Gj\u00f8r det meste av skj\u00e6reoppgavene dine raskere og enklere med AG201 vinkelsettet, som gj\u00f8r risikoen for m\u00e5lefeil mye mindre enn ved m\u00e5ling med blyant og linjal. Du bare stiller inn skinnene p\u00e5 \u00f8nsket m\u00e5l, s\u00e5 skj\u00e6rer du raskt og presist platen 100 % i vinkel eller i den vinkelen du trenger.<\/p>\n<p>For \u00e5 sikre et ferdig resultat med lave toleranser er b\u00f8ssingene i skinnene plassert med en n\u00f8yaktighet p\u00e5 noen f\u00e5 hundredels millimeter. Det garanterer n\u00f8yaktige m\u00e5l hver gang. Og hele vinkelen er lett \u00e5 montere p\u00e5 bare tre\u2013fire sekunder.<\/p>\n<p>Med styreskinnene i dette settet kan du skj\u00e6re platebredder p\u00e5 opptil 90 eller 120 cm. Du kan ogs\u00e5 kombinere skinnene, s\u00e5 du har muligheten til \u00e5 skj\u00e6re en platebredde p\u00e5 opptil 240 cm. Hovedskinnen har m\u00e5l p\u00e5 opptil 251 cm og en mekanisk endestopper, s\u00e5 du lett kan skj\u00e6re like enheter uten \u00e5 m\u00e5le hver enkelt.<\/p>\n<p>Bruk settet til \u00e5 skj\u00e6re alle slags fibergipsplater, trebetong, mdf, st\u00e5lplater og fasadeisolering. Eller bruk enkeltdelene som m\u00e5leinstrument eller smygvinkel, eller til \u00e5 kappe bord eller bestemme vinkler p\u00e5 vegger. Settet har mange forskjellige anvendelsesmuligheter i ditt daglige arbeid.<\/p>\n<p><strong>Arbeidsomr\u00e5de<br \/>\n<\/strong> Platebredde: 90 cm og 120 cm<br \/>\nM\u00e5ling av platelengde: 122 cm eller 251 cm<br \/>\nVinkel: + 75\u00b0 \/ &#8211; 75\u00b0<\/p>\n","protected":false},"excerpt":{"rendered":"<p>Gj\u00f8r det meste av skj\u00e6reoppgavene dine raskere og enklere med AG201 vinkelsettet, som gj\u00f8r risikoen for m\u00e5lefeil mye mindre enn ved m\u00e5ling med blyant og linjal.<\/p>\n","protected":false},"featured_media":5890,"template":"","meta":{"_acf_changed":false,"ocean_post_layout":"","ocean_both_sidebars_style":"","ocean_both_sidebars_content_width":0,"ocean_both_sidebars_sidebars_width":0,"ocean_sidebar":"0","ocean_second_sidebar":"0","ocean_disable_margins":"enable","ocean_add_body_class":"","ocean_shortcode_before_top_bar":"","ocean_shortcode_after_top_bar":"","ocean_shortcode_before_header":"","ocean_shortcode_after_header":"","ocean_has_shortcode":"","ocean_shortcode_after_title":"","ocean_shortcode_before_footer_widgets":"","ocean_shortcode_after_footer_widgets":"","ocean_shortcode_before_footer_bottom":"","ocean_shortcode_after_footer_bottom":"","ocean_display_top_bar":"default","ocean_display_header":"default","ocean_header_style":"","ocean_center_header_left_menu":"0","ocean_custom_header_template":"0","ocean_custom_logo":0,"ocean_custom_retina_logo":0,"ocean_custom_logo_max_width":0,"ocean_custom_logo_tablet_max_width":0,"ocean_custom_logo_mobile_max_width":0,"ocean_custom_logo_max_height":0,"ocean_custom_logo_tablet_max_height":0,"ocean_custom_logo_mobile_max_height":0,"ocean_header_custom_menu":"0","ocean_menu_typo_font_family":"0","ocean_menu_typo_font_subset":"","ocean_menu_typo_font_size":0,"ocean_menu_typo_font_size_tablet":0,"ocean_menu_typo_font_size_mobile":0,"ocean_menu_typo_font_size_unit":"px","ocean_menu_typo_font_weight":"","ocean_menu_typo_font_weight_tablet":"","ocean_menu_typo_font_weight_mobile":"","ocean_menu_typo_transform":"","ocean_menu_typo_transform_tablet":"","ocean_menu_typo_transform_mobile":"","ocean_menu_typo_line_height":0,"ocean_menu_typo_line_height_tablet":0,"ocean_menu_typo_line_height_mobile":0,"ocean_menu_typo_line_height_unit":"","ocean_menu_typo_spacing":0,"ocean_menu_typo_spacing_tablet":0,"ocean_menu_typo_spacing_mobile":0,"ocean_menu_typo_spacing_unit":"","ocean_menu_link_color":"","ocean_menu_link_color_hover":"","ocean_menu_link_color_active":"","ocean_menu_link_background":"","ocean_menu_link_hover_background":"","ocean_menu_link_active_background":"","ocean_menu_social_links_bg":"","ocean_menu_social_hover_links_bg":"","ocean_menu_social_links_color":"","ocean_menu_social_hover_links_color":"","ocean_disable_title":"default","ocean_disable_heading":"default","ocean_post_title":"","ocean_post_subheading":"","ocean_post_title_style":"","ocean_post_title_background_color":"","ocean_post_title_background":0,"ocean_post_title_bg_image_position":"","ocean_post_title_bg_image_attachment":"","ocean_post_title_bg_image_repeat":"","ocean_post_title_bg_image_size":"","ocean_post_title_height":0,"ocean_post_title_bg_overlay":0.5,"ocean_post_title_bg_overlay_color":"","ocean_disable_breadcrumbs":"default","ocean_breadcrumbs_color":"","ocean_breadcrumbs_separator_color":"","ocean_breadcrumbs_links_color":"","ocean_breadcrumbs_links_hover_color":"","ocean_display_footer_widgets":"default","ocean_display_footer_bottom":"default","ocean_custom_footer_template":"0"},"product_brand":[],"product_cat":[89],"product_tag":[],"class_list":{"0":"post-2622","1":"product","2":"type-product","3":"status-publish","4":"has-post-thumbnail","6":"product_cat-vinkelskjaerersett","7":"product_shipping_class-norwegian","9":"entry","10":"has-media","12":"first","13":"instock","14":"taxable","15":"shipping-taxable","16":"purchasable","17":"product-type-variable","18":"col","19":"span_1_of_2","20":"owp-content-center","21":"owp-thumbs-layout-horizontal","22":"owp-btn-big","23":"owp-tabs-layout-horizontal"},"acf":[],"_links":{"self":[{"href":"https:\/\/www.angle.design\/no\/wp-json\/wp\/v2\/product\/2622","targetHints":{"allow":["GET"]}}],"collection":[{"href":"https:\/\/www.angle.design\/no\/wp-json\/wp\/v2\/product"}],"about":[{"href":"https:\/\/www.angle.design\/no\/wp-json\/wp\/v2\/types\/product"}],"version-history":[{"count":0,"href":"https:\/\/www.angle.design\/no\/wp-json\/wp\/v2\/product\/2622\/revisions"}],"wp:featuredmedia":[{"embeddable":true,"href":"https:\/\/www.angle.design\/no\/wp-json\/wp\/v2\/media\/5890"}],"wp:attachment":[{"href":"https:\/\/www.angle.design\/no\/wp-json\/wp\/v2\/media?parent=2622"}],"wp:term":[{"taxonomy":"product_brand","embeddable":true,"href":"https:\/\/www.angle.design\/no\/wp-json\/wp\/v2\/product_brand?post=2622"},{"taxonomy":"product_cat","embeddable":true,"href":"https:\/\/www.angle.design\/no\/wp-json\/wp\/v2\/product_cat?post=2622"},{"taxonomy":"product_tag","embeddable":true,"href":"https:\/\/www.angle.design\/no\/wp-json\/wp\/v2\/product_tag?post=2622"}],"curies":[{"name":"wp","href":"https:\/\/api.w.org\/{rel}","templated":true}]}}