{"id":2623,"date":"2018-11-23T15:06:41","date_gmt":"2019-04-04T10:33:13","guid":{"rendered":"https:\/\/angle.intoto-udv.dk\/produkt\/stort-vinkelsett\/"},"modified":"2023-03-13T17:31:55","modified_gmt":"2023-03-13T16:31:55","slug":"stort-vinkelsett","status":"publish","type":"product","link":"https:\/\/www.angle.design\/no\/produkt\/stort-vinkelsett\/","title":{"rendered":"AG300 Stort vinkelsett"},"content":{"rendered":"<p>F\u00e5 nesten alle skj\u00e6reoppgavene dekket med det store AG300 vinkelsettet fra Angle.design og gj\u00f8r arbeidet raskere med mindre risiko for m\u00e5lefeil. Bare still skinnen p\u00e5 \u00f8nsket m\u00e5l, s\u00e5 skj\u00e6rer du platen i akkurat den vinkelen du trenger. Vinkelen kan monteres p\u00e5 tre\u2013fire sekunder fra transportstilling.<\/p>\n<p>Du beh\u00f8ver ikke tegne en eneste strek med blyanten n\u00e5r du bruker styreskinnemalen. B\u00f8ssingene i skinnene er nemlig plassert med en n\u00f8yaktighet p\u00e5 noen f\u00e5 hundredels millimeter, s\u00e5 det ferdige arbeidet vil ha garantert lave toleranser.<\/p>\n<p>Skj\u00e6r fibergipsplater, trebetongplater, mdf-plater, st\u00e5lplater og fasadeisolering i platebredder p\u00e5 opptil 40 cm, 60 cm, 90 cm eller 120 cm med de forskjellige styreskinnene. Eller kombiner dem, s\u00e5 du kan skj\u00e6re platebredder p\u00e5 opptil 240 cm. Hovedskinnen har m\u00e5l p\u00e5 opptil 251 cm, og settet leveres med to mekaniske endestopper, s\u00e5 du kan produsere alle de gjentakelsene\/forbandene du trenger \u2013 uten \u00e5 m\u00e5le opp hver enkelt.<\/p>\n<p>Hvis du kombinerer styreskinnen p\u00e5 51 cm med hovedskinnen fra vinkelen sammen med en endestopper, s\u00e5 har du et ideelt verkt\u00f8y til \u00e5 kappe planker eller fibersementplater. Enheten kan nemlig lage b\u00e5de vinkelen og lengden p\u00e5 treverket du skal skj\u00e6re.<\/p>\n<p>Det store vinkelsettet inneholder ogs\u00e5 en utfreser for rennejern, som du kan bruke som mal til \u00e5 frese ut spor til rennejern. Med rennejernsmalen f\u00e5r du lett retningen for utfresingen og avstanden mellom rennejernene. Den holder ogs\u00e5 maskinen p\u00e5 plass, s\u00e5 vinkelen blir rett.<\/p>\n<p><strong>Arbejdsomr\u00e5de for vinklen<br \/>\n<\/strong>Pladebredde: 40cm, 60 cm, 90 cm og 120 cm<br \/>\nM\u00e5ling av platelengde: 122 cm eller 251 cm<br \/>\nVinkel: + 75\u00b0 \/ &#8211; 75\u00b0<\/p>\n","protected":false},"excerpt":{"rendered":"<p>Bruk det store AG300 vinkelsettet fra angle.design til nesten alle skj\u00e6reoppgaver og f\u00e5 jobben raskere unna og med mindre fare for m\u00e5lefeil.<\/p>\n","protected":false},"featured_media":5895,"template":"","meta":{"_acf_changed":false,"ocean_post_layout":"","ocean_both_sidebars_style":"","ocean_both_sidebars_content_width":0,"ocean_both_sidebars_sidebars_width":0,"ocean_sidebar":"0","ocean_second_sidebar":"0","ocean_disable_margins":"enable","ocean_add_body_class":"","ocean_shortcode_before_top_bar":"","ocean_shortcode_after_top_bar":"","ocean_shortcode_before_header":"","ocean_shortcode_after_header":"","ocean_has_shortcode":"","ocean_shortcode_after_title":"","ocean_shortcode_before_footer_widgets":"","ocean_shortcode_after_footer_widgets":"","ocean_shortcode_before_footer_bottom":"","ocean_shortcode_after_footer_bottom":"","ocean_display_top_bar":"default","ocean_display_header":"default","ocean_header_style":"","ocean_center_header_left_menu":"0","ocean_custom_header_template":"0","ocean_custom_logo":0,"ocean_custom_retina_logo":0,"ocean_custom_logo_max_width":0,"ocean_custom_logo_tablet_max_width":0,"ocean_custom_logo_mobile_max_width":0,"ocean_custom_logo_max_height":0,"ocean_custom_logo_tablet_max_height":0,"ocean_custom_logo_mobile_max_height":0,"ocean_header_custom_menu":"0","ocean_menu_typo_font_family":"0","ocean_menu_typo_font_subset":"","ocean_menu_typo_font_size":0,"ocean_menu_typo_font_size_tablet":0,"ocean_menu_typo_font_size_mobile":0,"ocean_menu_typo_font_size_unit":"px","ocean_menu_typo_font_weight":"","ocean_menu_typo_font_weight_tablet":"","ocean_menu_typo_font_weight_mobile":"","ocean_menu_typo_transform":"","ocean_menu_typo_transform_tablet":"","ocean_menu_typo_transform_mobile":"","ocean_menu_typo_line_height":0,"ocean_menu_typo_line_height_tablet":0,"ocean_menu_typo_line_height_mobile":0,"ocean_menu_typo_line_height_unit":"","ocean_menu_typo_spacing":0,"ocean_menu_typo_spacing_tablet":0,"ocean_menu_typo_spacing_mobile":0,"ocean_menu_typo_spacing_unit":"","ocean_menu_link_color":"","ocean_menu_link_color_hover":"","ocean_menu_link_color_active":"","ocean_menu_link_background":"","ocean_menu_link_hover_background":"","ocean_menu_link_active_background":"","ocean_menu_social_links_bg":"","ocean_menu_social_hover_links_bg":"","ocean_menu_social_links_color":"","ocean_menu_social_hover_links_color":"","ocean_disable_title":"default","ocean_disable_heading":"default","ocean_post_title":"","ocean_post_subheading":"","ocean_post_title_style":"","ocean_post_title_background_color":"","ocean_post_title_background":0,"ocean_post_title_bg_image_position":"","ocean_post_title_bg_image_attachment":"","ocean_post_title_bg_image_repeat":"","ocean_post_title_bg_image_size":"","ocean_post_title_height":0,"ocean_post_title_bg_overlay":0.5,"ocean_post_title_bg_overlay_color":"","ocean_disable_breadcrumbs":"default","ocean_breadcrumbs_color":"","ocean_breadcrumbs_separator_color":"","ocean_breadcrumbs_links_color":"","ocean_breadcrumbs_links_hover_color":"","ocean_display_footer_widgets":"default","ocean_display_footer_bottom":"default","ocean_custom_footer_template":"0"},"product_brand":[],"product_cat":[89],"product_tag":[],"class_list":{"0":"post-2623","1":"product","2":"type-product","3":"status-publish","4":"has-post-thumbnail","6":"product_cat-vinkelskjaerersett","7":"product_shipping_class-norwegian","9":"entry","10":"has-media","12":"first","13":"instock","14":"taxable","15":"shipping-taxable","16":"purchasable","17":"product-type-variable","18":"col","19":"span_1_of_2","20":"owp-content-center","21":"owp-thumbs-layout-horizontal","22":"owp-btn-big","23":"owp-tabs-layout-horizontal"},"acf":[],"_links":{"self":[{"href":"https:\/\/www.angle.design\/no\/wp-json\/wp\/v2\/product\/2623","targetHints":{"allow":["GET"]}}],"collection":[{"href":"https:\/\/www.angle.design\/no\/wp-json\/wp\/v2\/product"}],"about":[{"href":"https:\/\/www.angle.design\/no\/wp-json\/wp\/v2\/types\/product"}],"version-history":[{"count":0,"href":"https:\/\/www.angle.design\/no\/wp-json\/wp\/v2\/product\/2623\/revisions"}],"wp:featuredmedia":[{"embeddable":true,"href":"https:\/\/www.angle.design\/no\/wp-json\/wp\/v2\/media\/5895"}],"wp:attachment":[{"href":"https:\/\/www.angle.design\/no\/wp-json\/wp\/v2\/media?parent=2623"}],"wp:term":[{"taxonomy":"product_brand","embeddable":true,"href":"https:\/\/www.angle.design\/no\/wp-json\/wp\/v2\/product_brand?post=2623"},{"taxonomy":"product_cat","embeddable":true,"href":"https:\/\/www.angle.design\/no\/wp-json\/wp\/v2\/product_cat?post=2623"},{"taxonomy":"product_tag","embeddable":true,"href":"https:\/\/www.angle.design\/no\/wp-json\/wp\/v2\/product_tag?post=2623"}],"curies":[{"name":"wp","href":"https:\/\/api.w.org\/{rel}","templated":true}]}}