{"id":2624,"date":"2018-11-23T15:03:23","date_gmt":"2019-04-04T10:36:55","guid":{"rendered":"https:\/\/angle.intoto-udv.dk\/produkt\/fresemal-til-rennejern\/"},"modified":"2023-06-07T16:50:50","modified_gmt":"2023-06-07T14:50:50","slug":"fresemal-til-rennejern","status":"publish","type":"product","link":"https:\/\/www.angle.design\/no\/produkt\/fresemal-til-rennejern\/","title":{"rendered":"GB100 Fresemal til rennejern"},"content":{"rendered":"<p>Gj\u00f8r utfresingen til rennejern til en lek med GB100 utfresersettet for rennejern. Med denne enheten i h\u00e5nden kan du lett holde avstanden mellom rennejernene, f\u00e5 riktig retning p\u00e5 utfresingene og holde maskinen p\u00e5 plass, s\u00e5 den ikke trekker til den ene siden.<\/p>\n<p>Du bare stiller maskinen p\u00e5 \u00f8nsket m\u00e5l, og s\u00e5 er du klar til \u00e5 frese ut spor til rennejern p\u00e5 en hel side av taket p\u00e5 langt kortere tid enn n\u00e5r du m\u00e5ler med tommestokk og blyant. Ved bruk av denne fresemalen beh\u00f8ver du ikke bekymre deg for m\u00e5lefeil \u2013 enheten holder presise m\u00e5l ved hver utfresing.<\/p>\n<p>Rennejernsmalen er beregnet til utfresing av spor til rennejern i en takfot, og den kan brukes p\u00e5 b\u00e5de kryssfiner og bord.<\/p>\n<p><strong>Arbeidsomr\u00e5de<br \/>\n<\/strong>Avstand mellom rennejern: opptil 61 cm<br \/>\nHvis du ogs\u00e5 har vinkelsettet, kan du ha m\u00e5l p\u00e5 opptil 122 cm mellom utfresingene.<\/p>\n","protected":false},"excerpt":{"rendered":"<p>Gj\u00f8r utfresingen til rennejern til en lek med GB100 utfresersettet for rennejern.<\/p>\n","protected":false},"featured_media":5900,"template":"","meta":{"_acf_changed":false,"ocean_post_layout":"","ocean_both_sidebars_style":"","ocean_both_sidebars_content_width":0,"ocean_both_sidebars_sidebars_width":0,"ocean_sidebar":"0","ocean_second_sidebar":"0","ocean_disable_margins":"enable","ocean_add_body_class":"","ocean_shortcode_before_top_bar":"","ocean_shortcode_after_top_bar":"","ocean_shortcode_before_header":"","ocean_shortcode_after_header":"","ocean_has_shortcode":"","ocean_shortcode_after_title":"","ocean_shortcode_before_footer_widgets":"","ocean_shortcode_after_footer_widgets":"","ocean_shortcode_before_footer_bottom":"","ocean_shortcode_after_footer_bottom":"","ocean_display_top_bar":"default","ocean_display_header":"default","ocean_header_style":"","ocean_center_header_left_menu":"0","ocean_custom_header_template":"0","ocean_custom_logo":0,"ocean_custom_retina_logo":0,"ocean_custom_logo_max_width":0,"ocean_custom_logo_tablet_max_width":0,"ocean_custom_logo_mobile_max_width":0,"ocean_custom_logo_max_height":0,"ocean_custom_logo_tablet_max_height":0,"ocean_custom_logo_mobile_max_height":0,"ocean_header_custom_menu":"0","ocean_menu_typo_font_family":"0","ocean_menu_typo_font_subset":"","ocean_menu_typo_font_size":0,"ocean_menu_typo_font_size_tablet":0,"ocean_menu_typo_font_size_mobile":0,"ocean_menu_typo_font_size_unit":"px","ocean_menu_typo_font_weight":"","ocean_menu_typo_font_weight_tablet":"","ocean_menu_typo_font_weight_mobile":"","ocean_menu_typo_transform":"","ocean_menu_typo_transform_tablet":"","ocean_menu_typo_transform_mobile":"","ocean_menu_typo_line_height":0,"ocean_menu_typo_line_height_tablet":0,"ocean_menu_typo_line_height_mobile":0,"ocean_menu_typo_line_height_unit":"","ocean_menu_typo_spacing":0,"ocean_menu_typo_spacing_tablet":0,"ocean_menu_typo_spacing_mobile":0,"ocean_menu_typo_spacing_unit":"","ocean_menu_link_color":"","ocean_menu_link_color_hover":"","ocean_menu_link_color_active":"","ocean_menu_link_background":"","ocean_menu_link_hover_background":"","ocean_menu_link_active_background":"","ocean_menu_social_links_bg":"","ocean_menu_social_hover_links_bg":"","ocean_menu_social_links_color":"","ocean_menu_social_hover_links_color":"","ocean_disable_title":"default","ocean_disable_heading":"default","ocean_post_title":"","ocean_post_subheading":"","ocean_post_title_style":"","ocean_post_title_background_color":"","ocean_post_title_background":0,"ocean_post_title_bg_image_position":"","ocean_post_title_bg_image_attachment":"","ocean_post_title_bg_image_repeat":"","ocean_post_title_bg_image_size":"","ocean_post_title_height":0,"ocean_post_title_bg_overlay":0.5,"ocean_post_title_bg_overlay_color":"","ocean_disable_breadcrumbs":"default","ocean_breadcrumbs_color":"","ocean_breadcrumbs_separator_color":"","ocean_breadcrumbs_links_color":"","ocean_breadcrumbs_links_hover_color":"","ocean_display_footer_widgets":"default","ocean_display_footer_bottom":"default","ocean_custom_footer_template":"0"},"product_brand":[],"product_cat":[89],"product_tag":[],"class_list":{"0":"post-2624","1":"product","2":"type-product","3":"status-publish","4":"has-post-thumbnail","6":"product_cat-vinkelskjaerersett","7":"product_shipping_class-norwegian","9":"entry","10":"has-media","12":"first","13":"instock","14":"taxable","15":"shipping-taxable","16":"purchasable","17":"product-type-variable","18":"col","19":"span_1_of_2","20":"owp-content-center","21":"owp-thumbs-layout-horizontal","22":"owp-btn-big","23":"owp-tabs-layout-horizontal"},"acf":[],"_links":{"self":[{"href":"https:\/\/www.angle.design\/no\/wp-json\/wp\/v2\/product\/2624","targetHints":{"allow":["GET"]}}],"collection":[{"href":"https:\/\/www.angle.design\/no\/wp-json\/wp\/v2\/product"}],"about":[{"href":"https:\/\/www.angle.design\/no\/wp-json\/wp\/v2\/types\/product"}],"version-history":[{"count":0,"href":"https:\/\/www.angle.design\/no\/wp-json\/wp\/v2\/product\/2624\/revisions"}],"wp:featuredmedia":[{"embeddable":true,"href":"https:\/\/www.angle.design\/no\/wp-json\/wp\/v2\/media\/5900"}],"wp:attachment":[{"href":"https:\/\/www.angle.design\/no\/wp-json\/wp\/v2\/media?parent=2624"}],"wp:term":[{"taxonomy":"product_brand","embeddable":true,"href":"https:\/\/www.angle.design\/no\/wp-json\/wp\/v2\/product_brand?post=2624"},{"taxonomy":"product_cat","embeddable":true,"href":"https:\/\/www.angle.design\/no\/wp-json\/wp\/v2\/product_cat?post=2624"},{"taxonomy":"product_tag","embeddable":true,"href":"https:\/\/www.angle.design\/no\/wp-json\/wp\/v2\/product_tag?post=2624"}],"curies":[{"name":"wp","href":"https:\/\/api.w.org\/{rel}","templated":true}]}}