{"id":3288,"date":"2019-09-22T01:45:02","date_gmt":"2019-09-21T23:45:03","guid":{"rendered":"https:\/\/www.angle.design\/?post_type=product&#038;p=3288"},"modified":"2023-03-13T17:30:45","modified_gmt":"2023-03-13T16:30:45","slug":"liten-vinkel-sett-90","status":"publish","type":"product","link":"https:\/\/www.angle.design\/no\/produkt\/liten-vinkel-sett-90\/","title":{"rendered":"AG100 Lite vinkelsett &#8211; 90"},"content":{"rendered":"<p>Gj\u00f8r dine mindre skj\u00e6reoppgaver mye raskere og minimer samtidig m\u00e5lefeil betraktelig med sm\u00e5vinkelsettet AG100 fra Angle.design. Bruk settet alle steder der du m\u00e5 skj\u00e6re raskt og n\u00f8yaktig, for eksempel p\u00e5 alle typer fibergipsplater, trebetong, mdf, st\u00e5lplater og fasadeisolering.<\/p>\n<p>Styreskinnen kan brukes til en platebredde p\u00e5 opptil 60 cm. Med dette settet beh\u00f8ver du ikke lenger \u00e5 m\u00e5le opp, men bare stille inn skinnen p\u00e5 \u00f8nsket m\u00e5l. Du kan v\u00e6re sikker p\u00e5 at platen blir sk\u00e5ret 100 % vinkelrett eller i den vinkelen du trenger. Vinkelen monteres p\u00e5 bare tre\u2013fire sekunder fra transportstilling.<\/p>\n<p>Skinnene har b\u00f8ssinger som er plassert med en n\u00f8yaktighet p\u00e5 noen f\u00e5 hundredels millimeter for \u00e5 sikre at det ferdige arbeidet blir s\u00e5 presist som mulig. Du kan ogs\u00e5 bruke vinkelstyreskinnen som smygvinkel eller m\u00e5leinstrument, til \u00e5 kappe trebord eller til \u00e5 bestemme vinkler p\u00e5 vegger.<\/p>\n<p><strong>Arbeidsomr\u00e5de<br \/>\n<\/strong>Platebredde: 60 cm<br \/>\nM\u00e5ling av platelengde: 122 cm<br \/>\nVinkel: +75\u00b0 \/ -26\u00b0<\/p>\n","protected":false},"excerpt":{"rendered":"<p>Gj\u00f8r dine mindre skj\u00e6reoppgaver mye raskere og minimer samtidig m\u00e5lefeil betraktelig med sm\u00e5vinkelsettet AG100 fra Angle.design.<\/p>\n","protected":false},"featured_media":5875,"template":"","meta":{"_acf_changed":false,"ocean_post_layout":"","ocean_both_sidebars_style":"","ocean_both_sidebars_content_width":0,"ocean_both_sidebars_sidebars_width":0,"ocean_sidebar":"0","ocean_second_sidebar":"0","ocean_disable_margins":"enable","ocean_add_body_class":"","ocean_shortcode_before_top_bar":"","ocean_shortcode_after_top_bar":"","ocean_shortcode_before_header":"","ocean_shortcode_after_header":"","ocean_has_shortcode":"","ocean_shortcode_after_title":"","ocean_shortcode_before_footer_widgets":"","ocean_shortcode_after_footer_widgets":"","ocean_shortcode_before_footer_bottom":"","ocean_shortcode_after_footer_bottom":"","ocean_display_top_bar":"default","ocean_display_header":"default","ocean_header_style":"","ocean_center_header_left_menu":"0","ocean_custom_header_template":"0","ocean_custom_logo":0,"ocean_custom_retina_logo":0,"ocean_custom_logo_max_width":0,"ocean_custom_logo_tablet_max_width":0,"ocean_custom_logo_mobile_max_width":0,"ocean_custom_logo_max_height":0,"ocean_custom_logo_tablet_max_height":0,"ocean_custom_logo_mobile_max_height":0,"ocean_header_custom_menu":"0","ocean_menu_typo_font_family":"0","ocean_menu_typo_font_subset":"","ocean_menu_typo_font_size":0,"ocean_menu_typo_font_size_tablet":0,"ocean_menu_typo_font_size_mobile":0,"ocean_menu_typo_font_size_unit":"px","ocean_menu_typo_font_weight":"","ocean_menu_typo_font_weight_tablet":"","ocean_menu_typo_font_weight_mobile":"","ocean_menu_typo_transform":"","ocean_menu_typo_transform_tablet":"","ocean_menu_typo_transform_mobile":"","ocean_menu_typo_line_height":0,"ocean_menu_typo_line_height_tablet":0,"ocean_menu_typo_line_height_mobile":0,"ocean_menu_typo_line_height_unit":"","ocean_menu_typo_spacing":0,"ocean_menu_typo_spacing_tablet":0,"ocean_menu_typo_spacing_mobile":0,"ocean_menu_typo_spacing_unit":"","ocean_menu_link_color":"","ocean_menu_link_color_hover":"","ocean_menu_link_color_active":"","ocean_menu_link_background":"","ocean_menu_link_hover_background":"","ocean_menu_link_active_background":"","ocean_menu_social_links_bg":"","ocean_menu_social_hover_links_bg":"","ocean_menu_social_links_color":"","ocean_menu_social_hover_links_color":"","ocean_disable_title":"default","ocean_disable_heading":"default","ocean_post_title":"","ocean_post_subheading":"","ocean_post_title_style":"","ocean_post_title_background_color":"","ocean_post_title_background":0,"ocean_post_title_bg_image_position":"","ocean_post_title_bg_image_attachment":"","ocean_post_title_bg_image_repeat":"","ocean_post_title_bg_image_size":"","ocean_post_title_height":0,"ocean_post_title_bg_overlay":0.5,"ocean_post_title_bg_overlay_color":"","ocean_disable_breadcrumbs":"default","ocean_breadcrumbs_color":"","ocean_breadcrumbs_separator_color":"","ocean_breadcrumbs_links_color":"","ocean_breadcrumbs_links_hover_color":"","ocean_display_footer_widgets":"default","ocean_display_footer_bottom":"default","ocean_custom_footer_template":"0"},"product_brand":[],"product_cat":[89],"product_tag":[],"class_list":{"0":"post-3288","1":"product","2":"type-product","3":"status-publish","4":"has-post-thumbnail","6":"product_cat-vinkelskjaerersett","7":"product_shipping_class-norwegian","9":"entry","10":"has-media","12":"first","13":"instock","14":"taxable","15":"shipping-taxable","16":"purchasable","17":"product-type-variable","18":"col","19":"span_1_of_2","20":"owp-content-center","21":"owp-thumbs-layout-horizontal","22":"owp-btn-big","23":"owp-tabs-layout-horizontal"},"acf":[],"_links":{"self":[{"href":"https:\/\/www.angle.design\/no\/wp-json\/wp\/v2\/product\/3288","targetHints":{"allow":["GET"]}}],"collection":[{"href":"https:\/\/www.angle.design\/no\/wp-json\/wp\/v2\/product"}],"about":[{"href":"https:\/\/www.angle.design\/no\/wp-json\/wp\/v2\/types\/product"}],"version-history":[{"count":0,"href":"https:\/\/www.angle.design\/no\/wp-json\/wp\/v2\/product\/3288\/revisions"}],"wp:featuredmedia":[{"embeddable":true,"href":"https:\/\/www.angle.design\/no\/wp-json\/wp\/v2\/media\/5875"}],"wp:attachment":[{"href":"https:\/\/www.angle.design\/no\/wp-json\/wp\/v2\/media?parent=3288"}],"wp:term":[{"taxonomy":"product_brand","embeddable":true,"href":"https:\/\/www.angle.design\/no\/wp-json\/wp\/v2\/product_brand?post=3288"},{"taxonomy":"product_cat","embeddable":true,"href":"https:\/\/www.angle.design\/no\/wp-json\/wp\/v2\/product_cat?post=3288"},{"taxonomy":"product_tag","embeddable":true,"href":"https:\/\/www.angle.design\/no\/wp-json\/wp\/v2\/product_tag?post=3288"}],"curies":[{"name":"wp","href":"https:\/\/api.w.org\/{rel}","templated":true}]}}