{"id":2344,"date":"2019-03-31T01:35:38","date_gmt":"2019-03-31T00:35:38","guid":{"rendered":"https:\/\/angle.intoto-udv.dk\/om-angle-design\/"},"modified":"2019-04-04T16:37:37","modified_gmt":"2019-04-04T14:37:37","slug":"om-angle-design","status":"publish","type":"page","link":"https:\/\/www.angle.design\/se\/om-angle-design\/","title":{"rendered":"Om Angle.design"},"content":{"rendered":"<h2>Detta m\u00e5ste g\u00e5 att g\u00f6ra enklare och b\u00e4ttre<\/h2>\n<p>Den f\u00f6rsta id\u00e9n till vinkelsk\u00e4rsetet uppstod f\u00f6r 20 \u00e5r sedan, n\u00e4r snickare Niels Freitag \u00e4nnu en g\u00e5ng stod b\u00f6jd \u00f6ver skivorna f\u00f6r att sk\u00e4ra till dem. Med penna och tumstock lade han ner mycket tid p\u00e5 att m\u00e4ta noggrant, f\u00f6r att utnyttja skivorna p\u00e5 b\u00e4sta s\u00e4tt. Varje g\u00e5ng t\u00e4nkte han \u201cDetta m\u00e5ste g\u00e5 att g\u00f6ra enklare och b\u00e4ttre\u201d.<\/p>\n<h2>Snabbare, enklare och mer exakt m\u00e4tning<\/h2>\n<p>I likhet med m\u00e5nga andra bra uppfinningar, kom Angle.design till v\u00e4rlden eftersom det fanns ett behov. Efter \u00e4nnu en m\u00e4tning med tumstock och penna best\u00e4mde sig Niels Freitag f\u00f6r att f\u00f6rb\u00e4ttra den klassiska skenan fr\u00e5n 1964. Resultatet blev en helt ny vinkelskena, som g\u00f6r m\u00e4tningen snabbare, enklare och mer exakt.<\/p>\n<p>&nbsp;<\/p>\n<p><img fetchpriority=\"high\" decoding=\"async\" class=\"aligncenter wp-image-112 size-large\" src=\"https:\/\/www.angle.design\/wp-content\/uploads\/2018\/09\/forside-hero-angle-design-light-1024x576.jpg\" alt=\"\" width=\"1024\" height=\"576\" srcset=\"https:\/\/www.angle.design\/wp-content\/uploads\/2018\/09\/forside-hero-angle-design-light-1024x576.jpg 1024w, https:\/\/www.angle.design\/wp-content\/uploads\/2018\/09\/forside-hero-angle-design-light-300x169.jpg 300w, https:\/\/www.angle.design\/wp-content\/uploads\/2018\/09\/forside-hero-angle-design-light-768x432.jpg 768w, https:\/\/www.angle.design\/wp-content\/uploads\/2018\/09\/forside-hero-angle-design-light-600x338.jpg 600w, https:\/\/www.angle.design\/wp-content\/uploads\/2018\/09\/forside-hero-angle-design-light.jpg 1920w\" sizes=\"(max-width: 1024px) 100vw, 1024px\" \/><\/p>\n<p>&nbsp;<\/p>\n<h2>Utvecklad av hantverkare f\u00f6r hantverkare<\/h2>\n<p>Niels utvecklade f\u00f6rst en prototyp av vinkelsk\u00e4rsetet som han sj\u00e4lv anv\u00e4nde under m\u00e5nga \u00e5r. En dag uppmanade hans aff\u00e4rspartner, Henrik Nielsen, honom att vidareutveckla setet, s\u00e5 att andra ocks\u00e5 skulle kunna f\u00e5 gl\u00e4dje av det. Det finns s\u00e5 m\u00e5nga situationer p\u00e5 byggarbetsplatserna d\u00e4r hanteringen kan minimeras.<\/p>\n<h2>Spara tid och f\u00f6rb\u00e4ttra kvaliteten<\/h2>\n<p>Sagt och gjort. Niels b\u00f6rjade utveckla vinkelsk\u00e4rsetet i en version 2.0, som \u00e4r s\u00e5 annorlunda j\u00e4mf\u00f6rt med andra verktyg att Niels och Henrik nu har patent p\u00e5 det. Angle.design har allts\u00e5 uppst\u00e5tt fr\u00e5n ett gemensamt hantverkarf\u00f6retag, d\u00e4r \u00e4garna vill hj\u00e4lpa andra att spara tid och f\u00f6rb\u00e4ttra kvaliteten.<\/p>\n<h3>&gt;&gt; <a href=\"https:\/\/www.angle.design\/da\/produkter\/\">SE PRODUKTERNA H\u00c4R<\/a> &lt;&lt;<\/h3>\n<p>&nbsp;<\/p>\n","protected":false},"excerpt":{"rendered":"<p>Detta m\u00e5ste g\u00e5 att g\u00f6ra enklare och b\u00e4ttre Den f\u00f6rsta id\u00e9n till vinkelsk\u00e4rsetet uppstod f\u00f6r 20 \u00e5r sedan, n\u00e4r snickare Niels Freitag \u00e4nnu en g\u00e5ng stod b\u00f6jd \u00f6ver skivorna f\u00f6r att sk\u00e4ra till dem. Med penna och tumstock lade han ner mycket tid p\u00e5 att m\u00e4ta noggrant, f\u00f6r att utnyttja skivorna p\u00e5 b\u00e4sta s\u00e4tt. Varje [&hellip;]<\/p>\n","protected":false},"author":1,"featured_media":1405,"parent":0,"menu_order":100,"comment_status":"closed","ping_status":"closed","template":"","meta":{"_acf_changed":false,"ocean_post_layout":"","ocean_both_sidebars_style":"","ocean_both_sidebars_content_width":0,"ocean_both_sidebars_sidebars_width":0,"ocean_sidebar":"0","ocean_second_sidebar":"0","ocean_disable_margins":"enable","ocean_add_body_class":"","ocean_shortcode_before_top_bar":"","ocean_shortcode_after_top_bar":"","ocean_shortcode_before_header":"","ocean_shortcode_after_header":"","ocean_has_shortcode":"","ocean_shortcode_after_title":"","ocean_shortcode_before_footer_widgets":"","ocean_shortcode_after_footer_widgets":"","ocean_shortcode_before_footer_bottom":"","ocean_shortcode_after_footer_bottom":"","ocean_display_top_bar":"default","ocean_display_header":"default","ocean_header_style":"","ocean_center_header_left_menu":"0","ocean_custom_header_template":"0","ocean_custom_logo":0,"ocean_custom_retina_logo":0,"ocean_custom_logo_max_width":0,"ocean_custom_logo_tablet_max_width":0,"ocean_custom_logo_mobile_max_width":0,"ocean_custom_logo_max_height":0,"ocean_custom_logo_tablet_max_height":0,"ocean_custom_logo_mobile_max_height":0,"ocean_header_custom_menu":"0","ocean_menu_typo_font_family":"0","ocean_menu_typo_font_subset":"","ocean_menu_typo_font_size":0,"ocean_menu_typo_font_size_tablet":0,"ocean_menu_typo_font_size_mobile":0,"ocean_menu_typo_font_size_unit":"px","ocean_menu_typo_font_weight":"","ocean_menu_typo_font_weight_tablet":"","ocean_menu_typo_font_weight_mobile":"","ocean_menu_typo_transform":"","ocean_menu_typo_transform_tablet":"","ocean_menu_typo_transform_mobile":"","ocean_menu_typo_line_height":0,"ocean_menu_typo_line_height_tablet":0,"ocean_menu_typo_line_height_mobile":0,"ocean_menu_typo_line_height_unit":"","ocean_menu_typo_spacing":0,"ocean_menu_typo_spacing_tablet":0,"ocean_menu_typo_spacing_mobile":0,"ocean_menu_typo_spacing_unit":"","ocean_menu_link_color":"","ocean_menu_link_color_hover":"","ocean_menu_link_color_active":"","ocean_menu_link_background":"","ocean_menu_link_hover_background":"","ocean_menu_link_active_background":"","ocean_menu_social_links_bg":"","ocean_menu_social_hover_links_bg":"","ocean_menu_social_links_color":"","ocean_menu_social_hover_links_color":"","ocean_disable_title":"default","ocean_disable_heading":"default","ocean_post_title":"","ocean_post_subheading":"","ocean_post_title_style":"","ocean_post_title_background_color":"","ocean_post_title_background":0,"ocean_post_title_bg_image_position":"","ocean_post_title_bg_image_attachment":"","ocean_post_title_bg_image_repeat":"","ocean_post_title_bg_image_size":"","ocean_post_title_height":0,"ocean_post_title_bg_overlay":0.5,"ocean_post_title_bg_overlay_color":"","ocean_disable_breadcrumbs":"default","ocean_breadcrumbs_color":"","ocean_breadcrumbs_separator_color":"","ocean_breadcrumbs_links_color":"","ocean_breadcrumbs_links_hover_color":"","ocean_display_footer_widgets":"default","ocean_display_footer_bottom":"default","ocean_custom_footer_template":"0","footnotes":""},"class_list":["post-2344","page","type-page","status-publish","has-post-thumbnail","hentry","entry","has-media","owp-thumbs-layout-horizontal","owp-btn-big","owp-tabs-layout-horizontal","has-no-thumbnails"],"acf":[],"_links":{"self":[{"href":"https:\/\/www.angle.design\/se\/wp-json\/wp\/v2\/pages\/2344","targetHints":{"allow":["GET"]}}],"collection":[{"href":"https:\/\/www.angle.design\/se\/wp-json\/wp\/v2\/pages"}],"about":[{"href":"https:\/\/www.angle.design\/se\/wp-json\/wp\/v2\/types\/page"}],"author":[{"embeddable":true,"href":"https:\/\/www.angle.design\/se\/wp-json\/wp\/v2\/users\/1"}],"replies":[{"embeddable":true,"href":"https:\/\/www.angle.design\/se\/wp-json\/wp\/v2\/comments?post=2344"}],"version-history":[{"count":0,"href":"https:\/\/www.angle.design\/se\/wp-json\/wp\/v2\/pages\/2344\/revisions"}],"wp:featuredmedia":[{"embeddable":true,"href":"https:\/\/www.angle.design\/se\/wp-json\/wp\/v2\/media\/1405"}],"wp:attachment":[{"href":"https:\/\/www.angle.design\/se\/wp-json\/wp\/v2\/media?parent=2344"}],"curies":[{"name":"wp","href":"https:\/\/api.w.org\/{rel}","templated":true}]}}