{"id":2418,"date":"2019-04-01T16:05:21","date_gmt":"2019-04-01T14:05:21","guid":{"rendered":"https:\/\/angle.intoto-udv.dk\/handelsvillkor\/"},"modified":"2022-03-08T17:24:47","modified_gmt":"2022-03-08T16:24:47","slug":"handelsvillkor","status":"publish","type":"page","link":"https:\/\/www.angle.design\/se\/handelsvillkor\/","title":{"rendered":"Handelsvillkor"},"content":{"rendered":"<article id=\"single-blocks\" class=\"single-page-article wpex-clr\">\n<div class=\"single-page-content entry clr\">\n<div class=\"vc_row wpb_row vc_row-fluid\">\n<div class=\"wpb_column vc_column_container vc_col-sm-12\">\n<div class=\"vc_column-inner \">\n<div class=\"wpb_wrapper\">\n<div class=\"wpb_text_column wpb_content_element \">\n<div class=\"wpb_wrapper\">\n<h2><strong>Allm\u00e4n information<\/strong><\/h2>\n<p><strong>1 \u2013 Allm\u00e4nt<\/strong><br \/>\n<strong>1.1 \u2013 K\u00f6p<br \/>\n<\/strong>S\u00e5 snart vi har f\u00e5tt din best\u00e4llning, f\u00e5r du en orderbekr\u00e4ftelse via e-post.<\/p>\n<p><strong>1.2 \u2013 Priser<br \/>\n<\/strong>Alla priser anges exkl. 25 % moms och avgifter, om inte annat anges. Alla priser anges i Euro (EUR).<\/p>\n<p>Det pris som anges vid tidpunkten f\u00f6r best\u00e4llningen \u00e4r varans pris. Detta inneb\u00e4r att om varans pris minskar eller \u00f6kar, s\u00e5 \u00e4ndras ditt pris inte fr\u00e5n det pris som g\u00e4llde vid tidpunkten f\u00f6r best\u00e4llningen. F\u00f6rbeh\u00e5ll g\u00f6rs f\u00f6r force majeure.<br \/>\nBeloppet debiteras p\u00e5 ditt kort f\u00f6rst n\u00e4r varan levereras.<\/p>\n<p><strong>1.3 \u2013 Betalning<br \/>\n<\/strong>F\u00f6ljande betalningsmetoder kan anv\u00e4ndas:<br \/>\nF\u00f6rskottsbetalning (beloppet m\u00e5ste \u00f6verf\u00f6ras via bank inom 5 arbetsdagar). Var uppm\u00e4rksam p\u00e5 att du vid betalning via bank\u00f6verf\u00f6ring inte skyddas av inv\u00e4ndningsr\u00e4tten.<br \/>\nKontant vid avh\u00e4mtning i butik (avh\u00e4mtning ska g\u00f6ras inom 5 arbetsdagar)<\/p>\n<p><strong>2 \u2013 Transport<br \/>\n2.1 \u2013 Transports\u00e4tt<\/strong><br \/>\nP\u00e5 Angle.design anv\u00e4nder vi Post Danmark eller Danske Fragtm\u00e6nd och deras transports\u00e4tt f\u00f6r alla transporter.<\/p>\n<p><strong>2.2 \u2013 Leveranstid<\/strong><br \/>\nVi skickar din best\u00e4llning s\u00e5 fort som m\u00f6jligt. Detta inneb\u00e4r att din best\u00e4llning vanligtvis anl\u00e4nder 1\u20133 arbetsdagar efter best\u00e4llningen gjordes. Leveranstiderna \u00e4r prelimin\u00e4ra och kan variera.<\/p>\n<p><strong>2.3 \u2013 Transportansvar<br \/>\n<\/strong>Vid transport fr\u00e5n Angle.design ApS till kunden, \u00e4r Angle.design ApS ansvariga om produkten skadas eller kommer bort under transporten. Vid transport fr\u00e5n kunden till Angle.design ApS, \u00e4r kunden ansvarig om produkten skadas eller kommer bort under transporten.<\/p>\n<p><strong>2.4 \u2013 Faktura<br \/>\n<\/strong>Faktura skickas vanligtvis tillsammans med best\u00e4llningen.<\/p>\n<p><strong>3 \u2013 Retur av varor<\/strong><br \/>\n<strong>3.1 \u2013 \u00c4r du missn\u00f6jd med varan?<br \/>\n<\/strong>N\u00e4r du k\u00f6per en produkt via internet eller via telefon, har du som konsument 14 dagars \u00e5ngerr\u00e4tt.<br \/>\n\u00c5ngerr\u00e4tten g\u00e4ller fr\u00e5n dagen f\u00f6r mottagandet. Skulle du \u00e5ngra ditt k\u00f6p inom denna r\u00e4tt, kan du returnera varan och vi \u00e5terbetalar ink\u00f6pspriset till dig. Du ska inom 14 dagar fr\u00e5n mottagandet meddela oss om du \u00e5ngrar ditt k\u00f6p. Anm\u00e4lan skall g\u00f6ras till <a href=\"mailto:post@angle.design\">post@angle.design<\/a> eller genom att anv\u00e4nda <a href=\"https:\/\/www.emaerket.dk\/external-files\/pdf\/standardfortrydelsesformular.pdf\" target=\"_blank\" rel=\"noopener\">standard\u00e5ngerr\u00e4ttsformul\u00e4ret<\/a>. I ditt meddelande ska du tydligt ange att du \u00f6nskar utnyttja din \u00e5ngerr\u00e4tt.<\/p>\n<p><strong>3.2 \u2013 Villkor for retur av vara<\/strong><br \/>\nDu ska skicka din best\u00e4llning i retur till oss utan on\u00f6dig f\u00f6rdr\u00f6jning, och senast 14 dagar efter att du har meddelat oss att du \u00f6nskar \u00e5ngra ditt k\u00f6p. Du ska som kund st\u00e5 f\u00f6r de direkta utgifterna i samband med returleveransen av varan. Du b\u00e4r risken f\u00f6r varan fr\u00e5n tidpunkten f\u00f6r varans leverans.<\/p>\n<p><strong>Varans skick n\u00e4r du s\u00e4nder den i retur<\/strong><\/p>\n<p>Du ansvarar endast f\u00f6r en eventuell minskning av varans v\u00e4rde som orsakats av annan hantering \u00e4n vad som kr\u00e4vs f\u00f6r att unders\u00f6ka varans slag, egenskaper och funktionalitet. Med andra ord kan du unders\u00f6ka varan p\u00e5 samma s\u00e4tt som om du hade unders\u00f6kt den i en fysisk butik, men du f\u00e5r inte ta den i bruk rent praktiskt. Om varan har unders\u00f6kts ut\u00f6ver vad som beskrivs ovan, betraktar vi den som begagnad. Detta betyder att du endast f\u00e5r tillbaka en del eller inget alls av k\u00f6pesumman om du \u00e5ngrar ditt k\u00f6p, beroende p\u00e5 varans handelsm\u00e4ssiga v\u00e4rde.<\/p>\n<p><strong>\u00c5terbetalning av k\u00f6pesumman<\/strong><\/p>\n<p>Om du \u00e5ngrar ditt k\u00f6p, f\u00e5r du tillbaka det belopp du har betalat till oss. I h\u00e4ndelse av en v\u00e4rdeminskning som du har orsakat, dras denna ifr\u00e5n k\u00f6pesumman. Om du utnyttjar din \u00e5ngerr\u00e4tt, \u00e5terbetalar vi alla betalningar vi har f\u00e5tt fr\u00e5n dig, inklusive leveranskostnader (dock inte extra kostnader som tillkommit genom ditt eget val av annat leveranss\u00e4tt \u00e4n den billigaste form av standardleverans som vi erbjuder), utan on\u00f6digt dr\u00f6jsm\u00e5l och under alla omst\u00e4ndigheter senast 14 dagar fr\u00e5n det datum d\u00e5 vi mottagit meddelande om ditt beslut att \u00e5ngra detta avtal. Vi genomf\u00f6r en s\u00e5dan \u00e5terbetalning med samma betalningsmetod som du anv\u00e4nde vid den ursprungliga transaktionen, om du inte uttryckligen har samtyckt till n\u00e5got annat.<\/p>\n<p>Vi kan h\u00e5lla inne \u00e5terbetalningen tills vi har mottagit varan i retur, om du inte innan dess har uppvisat dokumentation p\u00e5 att du har returnerat den. Vi tar inte emot paket som skickas utan utdelning eller mot postf\u00f6rskott.<\/p>\n<p><strong>Om du \u00e5ngrar k\u00f6pet, ska varan s\u00e4ndas till:<\/strong><\/p>\n<p>Angle.Design ApS<br \/>\nBoestoftevej 26 A<br \/>\nHavnelev<br \/>\nDK-4673 R\u00f8dvig Stevns, Danmark<\/p>\n<p>Varan kan \u00e4ven l\u00e4mnas in p\u00e5 ovanst\u00e5ende adress, efter \u00f6verenskommelse.<\/p>\n<p><strong>4 \u2013 Reklamation<\/strong><br \/>\nKonsumentk\u00f6plagens regler till\u00e4mpas vid varuk\u00f6p.<br \/>\nN\u00e4r du handlar hos oss som konsument har du <strong>24 m\u00e5naders reklamationsr\u00e4tt<\/strong>. Det betyder att du antingen kan f\u00e5 varan reparerad, utbytt, pengarna tillbaka eller avdrag p\u00e5 priset, beroende p\u00e5 den faktiska situationen. Det kr\u00e4vs att reklamationen \u00e4r ber\u00e4ttigad och att bristen inte har uppst\u00e5tt som en f\u00f6ljd av felaktig anv\u00e4ndning av produkten eller annat beteende som orsakat skador p\u00e5 den.<\/p>\n<p>Om produkten \u00e4r avsev\u00e4rt f\u00f6rsenad eller varan \u00e4r felaktig, kan du kontakta<a href=\"mailto:post@angle.design\">post@angle.design<\/a>.<\/p>\n<p>Klagom\u00e5l om brister m\u00e5ste g\u00f6ras inom en rimlig tid efter att du har uppt\u00e4ckt felet, eller borde ha uppt\u00e4ckt felet, vid en allm\u00e4n \u00f6versyn av produkten. Du kan l\u00e4mna in ditt klagom\u00e5l skriftligt eller muntligt.<\/p>\n<p>N\u00e4r Angle.design ApS tar emot ett klagom\u00e5l om en vara, behandlas klagom\u00e5let s\u00e5 snart som m\u00f6jligt. Angle.design ApS avg\u00f6r om varan ska repareras, bytas ut eller om en prisneds\u00e4ttning ska g\u00f6ras.<\/p>\n<p>Om varan m\u00e5ste returneras till Angle.design ApS, sker detta utan kostnad f\u00f6r kunden, eftersom Angle.design ApS st\u00e5r f\u00f6r rimliga fraktkostnader vid ber\u00e4ttigade reklamationer. Varan ska returneras ordentligt f\u00f6rpackad.<\/p>\n<p><strong>Angle.Design ApS<\/strong><br \/>\nBoestoftevej 26 A<br \/>\nHavnelev<br \/>\nDK-4673 R\u00f8dvig Stevns, Danmark<\/p>\n<p><strong>5 \u2013 Ansvar<\/strong><br \/>\nAngle.Design ApS kan inte h\u00e5llas ansvariga f\u00f6r eventuella konsekvenser av anv\u00e4ndningen av varor och tj\u00e4nster fr\u00e5n Angle.Design ApS webbutik.<\/p>\n<p>Det ges dessutom inte n\u00e5gra garantier f\u00f6r att butiken alltid kommer att vara felfri och i full funktion. Inget ansvar tas f\u00f6r n\u00e5gon typ av fel, brist eller angel\u00e4genhet som kan ha uppst\u00e5tt i samband med uppdatering av, eller uppladdning till, butiken.<\/p>\n<p>Angle.Design ApS f\u00f6ljer alla vid varje tidpunkt g\u00e4llande lagar och regler om produktansvar som finns i Danmark och EU. Eventuella tvister och r\u00e4ttsliga fordringar ska avg\u00f6ras av dansk domstol i enlighet med dansk lag.<\/p>\n<p><strong>SEKRETESSPOLICY <\/strong><br \/>\nF\u00f6r att du ska kunna ing\u00e5 avtal med oss, beh\u00f6ver vi f\u00f6ljande uppgifter fr\u00e5n dig:<br \/>\nwebbest\u00e4llningsnummer, namn, adress, telefonnummer och e-postadress.<\/p>\n<p>Vi registrerar dina personuppgifter i syfte att kunna leverera varan till dig. Personuppgifterna registreras hos Angle.Design ApS och sparas i fem \u00e5r, varefter uppgifterna raderas.<\/p>\n<p>Vi vidarebefordrar inga personuppgifter till andra.<\/p>\n<p>Som registrerad hos Angle.Design ApS har du alltid r\u00e4tt att inv\u00e4nda mot registreringen. Du har ocks\u00e5 r\u00e4tt att f\u00e5 veta vilken information om dig som registrerats. Dessa r\u00e4ttigheter har du enligt persondatalagen. Fr\u00e5gor i samband med detta st\u00e4lls till: <a href=\"mailto:post@angle.design\">post@angle.design <\/a><\/p>\n<p><strong>Klagom\u00e5l<\/strong><\/p>\n<p>Om du vill klaga p\u00e5 ditt k\u00f6p, kontakta <a href=\"mailto:post@angle.design\">post@angle.design<\/a>.<\/p>\n<p>Om vi inte lyckas hitta n\u00e5gon l\u00f6sning, kan du som boende i Danmark l\u00e4mna in ett klagom\u00e5l till nedanst\u00e5ende n\u00e4mnd, om villkoren f\u00f6r detta \u00e4r uppfyllda.<\/p>\n<p>Konkurrence- og Forbrugerstyrelsen<br \/>\nCarl Jacobsens vej 35, 2500 Valby<br \/>\n<a href=\"http:\/\/www.forbrug.dk\/\" target=\"_blank\" rel=\"noopener\">www.forbrug.dk<\/a><\/p>\n<p>\u00c4r du konsument bosatt i ett annat EU-land \u00e4n Danmark, kan du l\u00e4mna in ditt klagom\u00e5l till Europeiska kommissionen online-klagoplattform h\u00e4r \u2013<a href=\"http:\/\/ec.europa.eu\/odr\" target=\"_blank\" rel=\"noopener\">http:\/\/ec.europa.eu\/odr<\/a><\/p>\n<p>&nbsp;<\/p>\n<\/div>\n<\/div>\n<\/div>\n<\/div>\n<\/div>\n<\/div>\n<\/div>\n<\/article>\n","protected":false},"excerpt":{"rendered":"<p>Allm\u00e4n information 1 \u2013 Allm\u00e4nt 1.1 \u2013 K\u00f6p S\u00e5 snart vi har f\u00e5tt din best\u00e4llning, f\u00e5r du en orderbekr\u00e4ftelse via e-post. 1.2 \u2013 Priser Alla priser anges exkl. 25 % moms och avgifter, om inte annat anges. Alla priser anges i Euro (EUR). Det pris som anges vid tidpunkten f\u00f6r best\u00e4llningen \u00e4r varans pris. Detta [&hellip;]<\/p>\n","protected":false},"author":1,"featured_media":0,"parent":0,"menu_order":55,"comment_status":"closed","ping_status":"closed","template":"","meta":{"_acf_changed":false,"ocean_post_layout":"","ocean_both_sidebars_style":"","ocean_both_sidebars_content_width":0,"ocean_both_sidebars_sidebars_width":0,"ocean_sidebar":"0","ocean_second_sidebar":"0","ocean_disable_margins":"enable","ocean_add_body_class":"","ocean_shortcode_before_top_bar":"","ocean_shortcode_after_top_bar":"","ocean_shortcode_before_header":"","ocean_shortcode_after_header":"","ocean_has_shortcode":"","ocean_shortcode_after_title":"","ocean_shortcode_before_footer_widgets":"","ocean_shortcode_after_footer_widgets":"","ocean_shortcode_before_footer_bottom":"","ocean_shortcode_after_footer_bottom":"","ocean_display_top_bar":"default","ocean_display_header":"default","ocean_header_style":"","ocean_center_header_left_menu":"0","ocean_custom_header_template":"0","ocean_custom_logo":0,"ocean_custom_retina_logo":0,"ocean_custom_logo_max_width":0,"ocean_custom_logo_tablet_max_width":0,"ocean_custom_logo_mobile_max_width":0,"ocean_custom_logo_max_height":0,"ocean_custom_logo_tablet_max_height":0,"ocean_custom_logo_mobile_max_height":0,"ocean_header_custom_menu":"0","ocean_menu_typo_font_family":"0","ocean_menu_typo_font_subset":"","ocean_menu_typo_font_size":0,"ocean_menu_typo_font_size_tablet":0,"ocean_menu_typo_font_size_mobile":0,"ocean_menu_typo_font_size_unit":"px","ocean_menu_typo_font_weight":"","ocean_menu_typo_font_weight_tablet":"","ocean_menu_typo_font_weight_mobile":"","ocean_menu_typo_transform":"","ocean_menu_typo_transform_tablet":"","ocean_menu_typo_transform_mobile":"","ocean_menu_typo_line_height":0,"ocean_menu_typo_line_height_tablet":0,"ocean_menu_typo_line_height_mobile":0,"ocean_menu_typo_line_height_unit":"","ocean_menu_typo_spacing":0,"ocean_menu_typo_spacing_tablet":0,"ocean_menu_typo_spacing_mobile":0,"ocean_menu_typo_spacing_unit":"","ocean_menu_link_color":"","ocean_menu_link_color_hover":"","ocean_menu_link_color_active":"","ocean_menu_link_background":"","ocean_menu_link_hover_background":"","ocean_menu_link_active_background":"","ocean_menu_social_links_bg":"","ocean_menu_social_hover_links_bg":"","ocean_menu_social_links_color":"","ocean_menu_social_hover_links_color":"","ocean_disable_title":"default","ocean_disable_heading":"default","ocean_post_title":"","ocean_post_subheading":"","ocean_post_title_style":"","ocean_post_title_background_color":"","ocean_post_title_background":0,"ocean_post_title_bg_image_position":"","ocean_post_title_bg_image_attachment":"","ocean_post_title_bg_image_repeat":"","ocean_post_title_bg_image_size":"","ocean_post_title_height":0,"ocean_post_title_bg_overlay":0.5,"ocean_post_title_bg_overlay_color":"","ocean_disable_breadcrumbs":"default","ocean_breadcrumbs_color":"","ocean_breadcrumbs_separator_color":"","ocean_breadcrumbs_links_color":"","ocean_breadcrumbs_links_hover_color":"","ocean_display_footer_widgets":"default","ocean_display_footer_bottom":"default","ocean_custom_footer_template":"0","footnotes":""},"class_list":["post-2418","page","type-page","status-publish","hentry","entry","owp-thumbs-layout-horizontal","owp-btn-big","owp-tabs-layout-horizontal","has-no-thumbnails"],"acf":[],"_links":{"self":[{"href":"https:\/\/www.angle.design\/se\/wp-json\/wp\/v2\/pages\/2418","targetHints":{"allow":["GET"]}}],"collection":[{"href":"https:\/\/www.angle.design\/se\/wp-json\/wp\/v2\/pages"}],"about":[{"href":"https:\/\/www.angle.design\/se\/wp-json\/wp\/v2\/types\/page"}],"author":[{"embeddable":true,"href":"https:\/\/www.angle.design\/se\/wp-json\/wp\/v2\/users\/1"}],"replies":[{"embeddable":true,"href":"https:\/\/www.angle.design\/se\/wp-json\/wp\/v2\/comments?post=2418"}],"version-history":[{"count":0,"href":"https:\/\/www.angle.design\/se\/wp-json\/wp\/v2\/pages\/2418\/revisions"}],"wp:attachment":[{"href":"https:\/\/www.angle.design\/se\/wp-json\/wp\/v2\/media?parent=2418"}],"curies":[{"name":"wp","href":"https:\/\/api.w.org\/{rel}","templated":true}]}}