{"id":2399,"date":"2018-11-23T15:05:52","date_gmt":"2019-04-01T12:47:31","guid":{"rendered":"https:\/\/angle.intoto-udv.dk\/produkt\/medium-vinkelset\/"},"modified":"2023-03-13T17:32:55","modified_gmt":"2023-03-13T16:32:55","slug":"medium-vinkelset-120","status":"publish","type":"product","link":"https:\/\/www.angle.design\/se\/produkt\/medium-vinkelset-120\/","title":{"rendered":"AG201 Medium vinkelset &#8211; 120"},"content":{"rendered":"<p>G\u00f6r merparten av dina sk\u00e4rarbeten snabbare och enklare med AG201\u00a0vinkelsetet som g\u00f6r risken f\u00f6r m\u00e4tfel v\u00e4sentligt mindre \u00e4n vid m\u00e4tning med penna och tumstock. Bara att st\u00e4lla in skenorna p\u00e5 \u00f6nskat m\u00e5tt, sen sk\u00e4r du snabbt och exakt din skiva 100 % i vinkeln eller smygen du \u00f6nskar.<\/p>\n<p>F\u00f6r att s\u00e4kerst\u00e4lla ett komplett resultat med l\u00e5ga toleranser \u00e4r h\u00e5len i skenorna placerade med n\u00e5gra hundradelars noggrannhet. Det ger dig garanterat exakta m\u00e5tt varje g\u00e5ng. Och hela vinkeln \u00e4r l\u00e4tt att montera p\u00e5 bara 3\u20134 sekunder.<\/p>\n<p>Med styrskenorna i detta set kan du sk\u00e4ra skivbredder p\u00e5 upp till 90 cm eller 120 cm. Och du kan montera skenorna s\u00e5 du f\u00e5r m\u00f6jlighet att sk\u00e4ra skivbredder p\u00e5 upp till 240 cm. Huvudskenan har m\u00e5tt upp till 251 cm och ett mekaniskt \u00e4ndstopp, s\u00e5 du enkelt kan sk\u00e4ra likadana objekt utan att beh\u00f6va m\u00e4ta upp dem ett och ett.<\/p>\n<p>Anv\u00e4nd setet f\u00f6r att sk\u00e4ra alla typer av fibergipsskivor, tr\u00e4betong, MDF, st\u00e5lpl\u00e5tar och fasadisolering. Eller anv\u00e4nd delarna var och en f\u00f6r sig, som m\u00e4tverktyg, smygvinkel eller f\u00f6r att korta av tr\u00e4 eller s\u00e4tta vinklar p\u00e5 v\u00e4ggar. Setet har m\u00e5nga olika anv\u00e4ndningsomr\u00e5den i ditt dagliga arbete.<\/p>\n<p><strong>Arbetsomr\u00e5de<br \/>\n<\/strong>Skivbredd: 90 cm och 120 cm<br \/>\nM\u00e4tning av skivl\u00e4ngd: 122 cm eller 251 cm<br \/>\nVinkel: +75\u00b0 \/ -75\u00b0<\/p>\n","protected":false},"excerpt":{"rendered":"<p>G\u00f6r merparten av dina sk\u00e4rarbeten snabbare och enklare med AG201\u00a0vinkelsetet som g\u00f6r risken f\u00f6r m\u00e4tfel v\u00e4sentligt mindre \u00e4n vid m\u00e4tning med penna och tumstock.<\/p>\n","protected":false},"featured_media":5891,"template":"","meta":{"_acf_changed":false,"ocean_post_layout":"","ocean_both_sidebars_style":"","ocean_both_sidebars_content_width":0,"ocean_both_sidebars_sidebars_width":0,"ocean_sidebar":"0","ocean_second_sidebar":"0","ocean_disable_margins":"enable","ocean_add_body_class":"","ocean_shortcode_before_top_bar":"","ocean_shortcode_after_top_bar":"","ocean_shortcode_before_header":"","ocean_shortcode_after_header":"","ocean_has_shortcode":"","ocean_shortcode_after_title":"","ocean_shortcode_before_footer_widgets":"","ocean_shortcode_after_footer_widgets":"","ocean_shortcode_before_footer_bottom":"","ocean_shortcode_after_footer_bottom":"","ocean_display_top_bar":"default","ocean_display_header":"default","ocean_header_style":"","ocean_center_header_left_menu":"0","ocean_custom_header_template":"0","ocean_custom_logo":0,"ocean_custom_retina_logo":0,"ocean_custom_logo_max_width":0,"ocean_custom_logo_tablet_max_width":0,"ocean_custom_logo_mobile_max_width":0,"ocean_custom_logo_max_height":0,"ocean_custom_logo_tablet_max_height":0,"ocean_custom_logo_mobile_max_height":0,"ocean_header_custom_menu":"0","ocean_menu_typo_font_family":"0","ocean_menu_typo_font_subset":"","ocean_menu_typo_font_size":0,"ocean_menu_typo_font_size_tablet":0,"ocean_menu_typo_font_size_mobile":0,"ocean_menu_typo_font_size_unit":"px","ocean_menu_typo_font_weight":"","ocean_menu_typo_font_weight_tablet":"","ocean_menu_typo_font_weight_mobile":"","ocean_menu_typo_transform":"","ocean_menu_typo_transform_tablet":"","ocean_menu_typo_transform_mobile":"","ocean_menu_typo_line_height":0,"ocean_menu_typo_line_height_tablet":0,"ocean_menu_typo_line_height_mobile":0,"ocean_menu_typo_line_height_unit":"","ocean_menu_typo_spacing":0,"ocean_menu_typo_spacing_tablet":0,"ocean_menu_typo_spacing_mobile":0,"ocean_menu_typo_spacing_unit":"","ocean_menu_link_color":"","ocean_menu_link_color_hover":"","ocean_menu_link_color_active":"","ocean_menu_link_background":"","ocean_menu_link_hover_background":"","ocean_menu_link_active_background":"","ocean_menu_social_links_bg":"","ocean_menu_social_hover_links_bg":"","ocean_menu_social_links_color":"","ocean_menu_social_hover_links_color":"","ocean_disable_title":"default","ocean_disable_heading":"default","ocean_post_title":"","ocean_post_subheading":"","ocean_post_title_style":"","ocean_post_title_background_color":"","ocean_post_title_background":0,"ocean_post_title_bg_image_position":"","ocean_post_title_bg_image_attachment":"","ocean_post_title_bg_image_repeat":"","ocean_post_title_bg_image_size":"","ocean_post_title_height":0,"ocean_post_title_bg_overlay":0.5,"ocean_post_title_bg_overlay_color":"","ocean_disable_breadcrumbs":"default","ocean_breadcrumbs_color":"","ocean_breadcrumbs_separator_color":"","ocean_breadcrumbs_links_color":"","ocean_breadcrumbs_links_hover_color":"","ocean_display_footer_widgets":"default","ocean_display_footer_bottom":"default","ocean_custom_footer_template":"0"},"product_brand":[],"product_cat":[74],"product_tag":[],"class_list":{"0":"post-2399","1":"product","2":"type-product","3":"status-publish","4":"has-post-thumbnail","6":"product_cat-vinkelskarset","7":"product_shipping_class-swedish","9":"entry","10":"has-media","12":"first","13":"instock","14":"taxable","15":"shipping-taxable","16":"purchasable","17":"product-type-variable","18":"col","19":"span_1_of_2","20":"owp-content-center","21":"owp-thumbs-layout-horizontal","22":"owp-btn-big","23":"owp-tabs-layout-horizontal"},"acf":[],"_links":{"self":[{"href":"https:\/\/www.angle.design\/se\/wp-json\/wp\/v2\/product\/2399","targetHints":{"allow":["GET"]}}],"collection":[{"href":"https:\/\/www.angle.design\/se\/wp-json\/wp\/v2\/product"}],"about":[{"href":"https:\/\/www.angle.design\/se\/wp-json\/wp\/v2\/types\/product"}],"version-history":[{"count":0,"href":"https:\/\/www.angle.design\/se\/wp-json\/wp\/v2\/product\/2399\/revisions"}],"wp:featuredmedia":[{"embeddable":true,"href":"https:\/\/www.angle.design\/se\/wp-json\/wp\/v2\/media\/5891"}],"wp:attachment":[{"href":"https:\/\/www.angle.design\/se\/wp-json\/wp\/v2\/media?parent=2399"}],"wp:term":[{"taxonomy":"product_brand","embeddable":true,"href":"https:\/\/www.angle.design\/se\/wp-json\/wp\/v2\/product_brand?post=2399"},{"taxonomy":"product_cat","embeddable":true,"href":"https:\/\/www.angle.design\/se\/wp-json\/wp\/v2\/product_cat?post=2399"},{"taxonomy":"product_tag","embeddable":true,"href":"https:\/\/www.angle.design\/se\/wp-json\/wp\/v2\/product_tag?post=2399"}],"curies":[{"name":"wp","href":"https:\/\/api.w.org\/{rel}","templated":true}]}}