{"id":2400,"date":"2018-11-23T15:03:23","date_gmt":"2019-04-01T13:03:15","guid":{"rendered":"https:\/\/angle.intoto-udv.dk\/produkt\/fraesningsmall-foer-raennkrokar\/"},"modified":"2023-06-07T16:52:04","modified_gmt":"2023-06-07T14:52:04","slug":"frasningsmall-for-rannkrokar","status":"publish","type":"product","link":"https:\/\/www.angle.design\/se\/produkt\/frasningsmall-for-rannkrokar\/","title":{"rendered":"GB100 Fr\u00e4sningsmall f\u00f6r r\u00e4nnkrokar"},"content":{"rendered":"<p>G\u00f6r urfr\u00e4sningen f\u00f6r r\u00e4nnkrokar till en lek med GB100 r\u00e4nnkroksfr\u00e4ssetet. Med det h\u00e4r verktyget i handen kan du enkelt h\u00e5lla avst\u00e5ndet mellan r\u00e4nnkrokarna, f\u00e5 fram urfr\u00e4sningens riktning och h\u00e5lla fast maskinen, s\u00e5 den inte drar \u00e5t den ena sidan.<\/p>\n<p>Placera bara maskinen p\u00e5 \u00f6nskat m\u00e5tt, s\u00e5 \u00e4r du redo f\u00f6r att fr\u00e4sa r\u00e4nnkrokar f\u00f6r en hel taksida p\u00e5 avsev\u00e4rt kortare tid \u00e4n om du m\u00e4ter med tumstock och penna. N\u00e4r du anv\u00e4nder den h\u00e4r fr\u00e4smallen beh\u00f6ver du inte oroa dig f\u00f6r m\u00e4tfel \u2013 verktyget h\u00e5ller det exakta m\u00e5ttet vid varje urfr\u00e4sning.<\/p>\n<p>Mallen f\u00f6r r\u00e4nnkrokar \u00e4r utformad f\u00f6r att fr\u00e4sa ur r\u00e4nnkrokar i en takfot, och du kan anv\u00e4nda den b\u00e5de p\u00e5 takplywood och p\u00e5 br\u00e4dor.<\/p>\n<p><strong>Arbetsomr\u00e5de<br \/>\n<\/strong>Avst\u00e5nd mellan r\u00e4nnkrokar: 61 cm<br \/>\nOm du ocks\u00e5 har vinkelsetet, kan du ha m\u00e5tt p\u00e5 upp till 122 cm mellan urfr\u00e4sningarna.<\/p>\n","protected":false},"excerpt":{"rendered":"<p>G\u00f6r urfr\u00e4sningen f\u00f6r r\u00e4nnkrokar till en lek med GB100 r\u00e4nnkroksfr\u00e4ssetet.<\/p>\n","protected":false},"featured_media":5901,"template":"","meta":{"_acf_changed":false,"ocean_post_layout":"","ocean_both_sidebars_style":"","ocean_both_sidebars_content_width":0,"ocean_both_sidebars_sidebars_width":0,"ocean_sidebar":"0","ocean_second_sidebar":"0","ocean_disable_margins":"enable","ocean_add_body_class":"","ocean_shortcode_before_top_bar":"","ocean_shortcode_after_top_bar":"","ocean_shortcode_before_header":"","ocean_shortcode_after_header":"","ocean_has_shortcode":"","ocean_shortcode_after_title":"","ocean_shortcode_before_footer_widgets":"","ocean_shortcode_after_footer_widgets":"","ocean_shortcode_before_footer_bottom":"","ocean_shortcode_after_footer_bottom":"","ocean_display_top_bar":"default","ocean_display_header":"default","ocean_header_style":"","ocean_center_header_left_menu":"0","ocean_custom_header_template":"0","ocean_custom_logo":0,"ocean_custom_retina_logo":0,"ocean_custom_logo_max_width":0,"ocean_custom_logo_tablet_max_width":0,"ocean_custom_logo_mobile_max_width":0,"ocean_custom_logo_max_height":0,"ocean_custom_logo_tablet_max_height":0,"ocean_custom_logo_mobile_max_height":0,"ocean_header_custom_menu":"0","ocean_menu_typo_font_family":"0","ocean_menu_typo_font_subset":"","ocean_menu_typo_font_size":0,"ocean_menu_typo_font_size_tablet":0,"ocean_menu_typo_font_size_mobile":0,"ocean_menu_typo_font_size_unit":"px","ocean_menu_typo_font_weight":"","ocean_menu_typo_font_weight_tablet":"","ocean_menu_typo_font_weight_mobile":"","ocean_menu_typo_transform":"","ocean_menu_typo_transform_tablet":"","ocean_menu_typo_transform_mobile":"","ocean_menu_typo_line_height":0,"ocean_menu_typo_line_height_tablet":0,"ocean_menu_typo_line_height_mobile":0,"ocean_menu_typo_line_height_unit":"","ocean_menu_typo_spacing":0,"ocean_menu_typo_spacing_tablet":0,"ocean_menu_typo_spacing_mobile":0,"ocean_menu_typo_spacing_unit":"","ocean_menu_link_color":"","ocean_menu_link_color_hover":"","ocean_menu_link_color_active":"","ocean_menu_link_background":"","ocean_menu_link_hover_background":"","ocean_menu_link_active_background":"","ocean_menu_social_links_bg":"","ocean_menu_social_hover_links_bg":"","ocean_menu_social_links_color":"","ocean_menu_social_hover_links_color":"","ocean_disable_title":"default","ocean_disable_heading":"default","ocean_post_title":"","ocean_post_subheading":"","ocean_post_title_style":"","ocean_post_title_background_color":"","ocean_post_title_background":0,"ocean_post_title_bg_image_position":"","ocean_post_title_bg_image_attachment":"","ocean_post_title_bg_image_repeat":"","ocean_post_title_bg_image_size":"","ocean_post_title_height":0,"ocean_post_title_bg_overlay":0.5,"ocean_post_title_bg_overlay_color":"","ocean_disable_breadcrumbs":"default","ocean_breadcrumbs_color":"","ocean_breadcrumbs_separator_color":"","ocean_breadcrumbs_links_color":"","ocean_breadcrumbs_links_hover_color":"","ocean_display_footer_widgets":"default","ocean_display_footer_bottom":"default","ocean_custom_footer_template":"0"},"product_brand":[],"product_cat":[74],"product_tag":[],"class_list":{"0":"post-2400","1":"product","2":"type-product","3":"status-publish","4":"has-post-thumbnail","6":"product_cat-vinkelskarset","7":"product_shipping_class-swedish","9":"entry","10":"has-media","12":"first","13":"instock","14":"taxable","15":"shipping-taxable","16":"purchasable","17":"product-type-variable","18":"col","19":"span_1_of_2","20":"owp-content-center","21":"owp-thumbs-layout-horizontal","22":"owp-btn-big","23":"owp-tabs-layout-horizontal"},"acf":[],"_links":{"self":[{"href":"https:\/\/www.angle.design\/se\/wp-json\/wp\/v2\/product\/2400","targetHints":{"allow":["GET"]}}],"collection":[{"href":"https:\/\/www.angle.design\/se\/wp-json\/wp\/v2\/product"}],"about":[{"href":"https:\/\/www.angle.design\/se\/wp-json\/wp\/v2\/types\/product"}],"version-history":[{"count":0,"href":"https:\/\/www.angle.design\/se\/wp-json\/wp\/v2\/product\/2400\/revisions"}],"wp:featuredmedia":[{"embeddable":true,"href":"https:\/\/www.angle.design\/se\/wp-json\/wp\/v2\/media\/5901"}],"wp:attachment":[{"href":"https:\/\/www.angle.design\/se\/wp-json\/wp\/v2\/media?parent=2400"}],"wp:term":[{"taxonomy":"product_brand","embeddable":true,"href":"https:\/\/www.angle.design\/se\/wp-json\/wp\/v2\/product_brand?post=2400"},{"taxonomy":"product_cat","embeddable":true,"href":"https:\/\/www.angle.design\/se\/wp-json\/wp\/v2\/product_cat?post=2400"},{"taxonomy":"product_tag","embeddable":true,"href":"https:\/\/www.angle.design\/se\/wp-json\/wp\/v2\/product_tag?post=2400"}],"curies":[{"name":"wp","href":"https:\/\/api.w.org\/{rel}","templated":true}]}}