{"id":2402,"date":"2018-11-23T15:01:50","date_gmt":"2019-04-01T13:12:00","guid":{"rendered":"https:\/\/angle.intoto-udv.dk\/produkt\/styrskena\/"},"modified":"2023-03-13T17:34:59","modified_gmt":"2023-03-13T16:34:59","slug":"styrskena","status":"publish","type":"product","link":"https:\/\/www.angle.design\/se\/produkt\/styrskena\/","title":{"rendered":"Styrskena"},"content":{"rendered":"<p>Angle.designs styrskenor passar till alla s\u00e4nks\u00e5gar, och skenorna \u00e4r konstruerade s\u00e5 att du ocks\u00e5 kan anv\u00e4nda dem n\u00e4r du sk\u00e4r med kniv. Du kan f\u00f6rl\u00e4nga skenorna med dina vanliga skenor, eftersom principen \u00e4r densamma. Likadant passar skruvtvingarna etc. ihop.<\/p>\n<p>Du kan vara s\u00e4ker p\u00e5 att skenorna ligger p\u00e5 plats, eftersom skumbandet p\u00e5 baksidan ger v\u00e4ldigt mycket friktion. Anv\u00e4nd skenorna var f\u00f6r sig eller med vinkelverktyget f\u00f6r att sk\u00e4ra alla typer av fibergipsskivor, tr\u00e4betong, MDF, st\u00e5lpl\u00e5tar och fasadisolering.<\/p>\n<p>Om arbetet m\u00e5ste vara mycket exakt, \u00e4r det en f\u00f6rdel om du anv\u00e4nder en skena som \u00e4r 30 cm l\u00e4ngre \u00e4n det material du ska sk\u00e4ra. Det \u00e4r viktigt att s\u00e5gen st\u00e5r p\u00e5 n\u00e5got innan du b\u00f6rjar sk\u00e4ra i materialet.<\/p>\n<p><strong>Arbetsomr\u00e5de<br \/>\n<\/strong>Skenorna \u00e4r fr\u00e4mst avsedda f\u00f6r att sk\u00e4ra skivor som \u00e4r 30 cm kortare \u00e4n vad skenorna \u00e4r.<br \/>\nDu kan enkelt montera skenorna med monteringsbeslag och p\u00e5 s\u00e5 vis \u00f6ka arbetsl\u00e4ngden.<\/p>\n","protected":false},"excerpt":{"rendered":"<p>Angle.designs styrskenor passar till alla s\u00e4nks\u00e5gar, och skenorna \u00e4r konstruerade s\u00e5 att du ocks\u00e5 kan anv\u00e4nda dem n\u00e4r du sk\u00e4r med kniv.<\/p>\n","protected":false},"featured_media":4738,"template":"","meta":{"_acf_changed":false,"ocean_post_layout":"","ocean_both_sidebars_style":"","ocean_both_sidebars_content_width":0,"ocean_both_sidebars_sidebars_width":0,"ocean_sidebar":"0","ocean_second_sidebar":"0","ocean_disable_margins":"enable","ocean_add_body_class":"","ocean_shortcode_before_top_bar":"","ocean_shortcode_after_top_bar":"","ocean_shortcode_before_header":"","ocean_shortcode_after_header":"","ocean_has_shortcode":"","ocean_shortcode_after_title":"","ocean_shortcode_before_footer_widgets":"","ocean_shortcode_after_footer_widgets":"","ocean_shortcode_before_footer_bottom":"","ocean_shortcode_after_footer_bottom":"","ocean_display_top_bar":"default","ocean_display_header":"default","ocean_header_style":"","ocean_center_header_left_menu":"0","ocean_custom_header_template":"0","ocean_custom_logo":0,"ocean_custom_retina_logo":0,"ocean_custom_logo_max_width":0,"ocean_custom_logo_tablet_max_width":0,"ocean_custom_logo_mobile_max_width":0,"ocean_custom_logo_max_height":0,"ocean_custom_logo_tablet_max_height":0,"ocean_custom_logo_mobile_max_height":0,"ocean_header_custom_menu":"0","ocean_menu_typo_font_family":"0","ocean_menu_typo_font_subset":"","ocean_menu_typo_font_size":0,"ocean_menu_typo_font_size_tablet":0,"ocean_menu_typo_font_size_mobile":0,"ocean_menu_typo_font_size_unit":"px","ocean_menu_typo_font_weight":"","ocean_menu_typo_font_weight_tablet":"","ocean_menu_typo_font_weight_mobile":"","ocean_menu_typo_transform":"","ocean_menu_typo_transform_tablet":"","ocean_menu_typo_transform_mobile":"","ocean_menu_typo_line_height":0,"ocean_menu_typo_line_height_tablet":0,"ocean_menu_typo_line_height_mobile":0,"ocean_menu_typo_line_height_unit":"","ocean_menu_typo_spacing":0,"ocean_menu_typo_spacing_tablet":0,"ocean_menu_typo_spacing_mobile":0,"ocean_menu_typo_spacing_unit":"","ocean_menu_link_color":"","ocean_menu_link_color_hover":"","ocean_menu_link_color_active":"","ocean_menu_link_background":"","ocean_menu_link_hover_background":"","ocean_menu_link_active_background":"","ocean_menu_social_links_bg":"","ocean_menu_social_hover_links_bg":"","ocean_menu_social_links_color":"","ocean_menu_social_hover_links_color":"","ocean_disable_title":"default","ocean_disable_heading":"default","ocean_post_title":"","ocean_post_subheading":"","ocean_post_title_style":"","ocean_post_title_background_color":"","ocean_post_title_background":0,"ocean_post_title_bg_image_position":"","ocean_post_title_bg_image_attachment":"","ocean_post_title_bg_image_repeat":"","ocean_post_title_bg_image_size":"","ocean_post_title_height":0,"ocean_post_title_bg_overlay":0.5,"ocean_post_title_bg_overlay_color":"","ocean_disable_breadcrumbs":"default","ocean_breadcrumbs_color":"","ocean_breadcrumbs_separator_color":"","ocean_breadcrumbs_links_color":"","ocean_breadcrumbs_links_hover_color":"","ocean_display_footer_widgets":"default","ocean_display_footer_bottom":"default","ocean_custom_footer_template":"0"},"product_brand":[],"product_cat":[74],"product_tag":[],"class_list":{"0":"post-2402","1":"product","2":"type-product","3":"status-publish","4":"has-post-thumbnail","6":"product_cat-vinkelskarset","7":"product_shipping_class-swedish","9":"entry","10":"has-media","12":"first","13":"instock","14":"taxable","15":"shipping-taxable","16":"purchasable","17":"product-type-variable","18":"col","19":"span_1_of_2","20":"owp-content-center","21":"owp-thumbs-layout-horizontal","22":"owp-btn-big","23":"owp-tabs-layout-horizontal"},"acf":[],"_links":{"self":[{"href":"https:\/\/www.angle.design\/se\/wp-json\/wp\/v2\/product\/2402","targetHints":{"allow":["GET"]}}],"collection":[{"href":"https:\/\/www.angle.design\/se\/wp-json\/wp\/v2\/product"}],"about":[{"href":"https:\/\/www.angle.design\/se\/wp-json\/wp\/v2\/types\/product"}],"version-history":[{"count":0,"href":"https:\/\/www.angle.design\/se\/wp-json\/wp\/v2\/product\/2402\/revisions"}],"wp:featuredmedia":[{"embeddable":true,"href":"https:\/\/www.angle.design\/se\/wp-json\/wp\/v2\/media\/4738"}],"wp:attachment":[{"href":"https:\/\/www.angle.design\/se\/wp-json\/wp\/v2\/media?parent=2402"}],"wp:term":[{"taxonomy":"product_brand","embeddable":true,"href":"https:\/\/www.angle.design\/se\/wp-json\/wp\/v2\/product_brand?post=2402"},{"taxonomy":"product_cat","embeddable":true,"href":"https:\/\/www.angle.design\/se\/wp-json\/wp\/v2\/product_cat?post=2402"},{"taxonomy":"product_tag","embeddable":true,"href":"https:\/\/www.angle.design\/se\/wp-json\/wp\/v2\/product_tag?post=2402"}],"curies":[{"name":"wp","href":"https:\/\/api.w.org\/{rel}","templated":true}]}}