{"id":3289,"date":"2019-09-22T01:45:02","date_gmt":"2019-09-21T23:45:03","guid":{"rendered":"https:\/\/www.angle.design\/?post_type=product&#038;p=3289"},"modified":"2023-03-13T17:30:55","modified_gmt":"2023-03-13T16:30:55","slug":"litet-vinkelset-90","status":"publish","type":"product","link":"https:\/\/www.angle.design\/se\/produkt\/litet-vinkelset-90\/","title":{"rendered":"AG100 Litet vinkelset &#8211; 90"},"content":{"rendered":"<p>G\u00f6r dina sm\u00e5 sk\u00e4rarbeten mycket snabbare och minimera samtidigt risken f\u00f6r m\u00e4tfel v\u00e4sentligt med AG100 litet vinkelset fr\u00e5n Angle.design. Anv\u00e4nd setet vid alla de tillf\u00e4llen n\u00e4r du m\u00e5ste sk\u00e4ra snabbt och exakt, till exempel p\u00e5 alla typer av fibergipsskivor, tr\u00e4betong, MDF, st\u00e5lpl\u00e5tar och fasadisolering.<\/p>\n<p>Styrskenan kan du anv\u00e4nda vid skivbredder upp till 60 cm. Med detta set beh\u00f6ver du inte l\u00e4ngre s\u00e4tta ut m\u00e5tt, utan bara st\u00e4lla in skenan p\u00e5 det \u00f6nskade m\u00e5ttet. Du kan vara s\u00e4ker p\u00e5 att din skiva sk\u00e4rs ut till 100 % i den vinkel eller smyg du \u00f6nskar. Och vinkeln monteras p\u00e5 bara 3\u20134 sekunder fr\u00e5n transportl\u00e4get.<\/p>\n<p>Skenorna har h\u00e5l som \u00e4r placerade med n\u00e5gra hundradelars noggrannhet f\u00f6r att s\u00e4kerst\u00e4lla att det f\u00e4rdiga arbetet blir s\u00e5 exakt som m\u00f6jligt. Anv\u00e4nd ocks\u00e5 vinkelstyrskenan som smygvinkel, ett m\u00e4tverktyg, f\u00f6r att korta av tr\u00e4 eller f\u00f6r att s\u00e4tta vinklar p\u00e5 v\u00e4ggar.<\/p>\n<p><strong>Arbetsomr\u00e5de<br \/>\n<\/strong>Skivbredd: 60 cm<br \/>\nM\u00e4tning av skivl\u00e4ngd: 122 cm<br \/>\nVinkel: +75\u00b0 \/ -26\u00b0<\/p>\n","protected":false},"excerpt":{"rendered":"<p>G\u00f6r dina sm\u00e5 sk\u00e4rarbeten mycket snabbare och minimera samtidigt risken f\u00f6r m\u00e4tfel v\u00e4sentligt med AG100 litet vinkelset fr\u00e5n Angle.design.<\/p>\n","protected":false},"featured_media":5876,"template":"","meta":{"_acf_changed":false,"ocean_post_layout":"","ocean_both_sidebars_style":"","ocean_both_sidebars_content_width":0,"ocean_both_sidebars_sidebars_width":0,"ocean_sidebar":"0","ocean_second_sidebar":"0","ocean_disable_margins":"enable","ocean_add_body_class":"","ocean_shortcode_before_top_bar":"","ocean_shortcode_after_top_bar":"","ocean_shortcode_before_header":"","ocean_shortcode_after_header":"","ocean_has_shortcode":"","ocean_shortcode_after_title":"","ocean_shortcode_before_footer_widgets":"","ocean_shortcode_after_footer_widgets":"","ocean_shortcode_before_footer_bottom":"","ocean_shortcode_after_footer_bottom":"","ocean_display_top_bar":"default","ocean_display_header":"default","ocean_header_style":"","ocean_center_header_left_menu":"0","ocean_custom_header_template":"0","ocean_custom_logo":0,"ocean_custom_retina_logo":0,"ocean_custom_logo_max_width":0,"ocean_custom_logo_tablet_max_width":0,"ocean_custom_logo_mobile_max_width":0,"ocean_custom_logo_max_height":0,"ocean_custom_logo_tablet_max_height":0,"ocean_custom_logo_mobile_max_height":0,"ocean_header_custom_menu":"0","ocean_menu_typo_font_family":"0","ocean_menu_typo_font_subset":"","ocean_menu_typo_font_size":0,"ocean_menu_typo_font_size_tablet":0,"ocean_menu_typo_font_size_mobile":0,"ocean_menu_typo_font_size_unit":"px","ocean_menu_typo_font_weight":"","ocean_menu_typo_font_weight_tablet":"","ocean_menu_typo_font_weight_mobile":"","ocean_menu_typo_transform":"","ocean_menu_typo_transform_tablet":"","ocean_menu_typo_transform_mobile":"","ocean_menu_typo_line_height":0,"ocean_menu_typo_line_height_tablet":0,"ocean_menu_typo_line_height_mobile":0,"ocean_menu_typo_line_height_unit":"","ocean_menu_typo_spacing":0,"ocean_menu_typo_spacing_tablet":0,"ocean_menu_typo_spacing_mobile":0,"ocean_menu_typo_spacing_unit":"","ocean_menu_link_color":"","ocean_menu_link_color_hover":"","ocean_menu_link_color_active":"","ocean_menu_link_background":"","ocean_menu_link_hover_background":"","ocean_menu_link_active_background":"","ocean_menu_social_links_bg":"","ocean_menu_social_hover_links_bg":"","ocean_menu_social_links_color":"","ocean_menu_social_hover_links_color":"","ocean_disable_title":"default","ocean_disable_heading":"default","ocean_post_title":"","ocean_post_subheading":"","ocean_post_title_style":"","ocean_post_title_background_color":"","ocean_post_title_background":0,"ocean_post_title_bg_image_position":"","ocean_post_title_bg_image_attachment":"","ocean_post_title_bg_image_repeat":"","ocean_post_title_bg_image_size":"","ocean_post_title_height":0,"ocean_post_title_bg_overlay":0.5,"ocean_post_title_bg_overlay_color":"","ocean_disable_breadcrumbs":"default","ocean_breadcrumbs_color":"","ocean_breadcrumbs_separator_color":"","ocean_breadcrumbs_links_color":"","ocean_breadcrumbs_links_hover_color":"","ocean_display_footer_widgets":"default","ocean_display_footer_bottom":"default","ocean_custom_footer_template":"0"},"product_brand":[],"product_cat":[74],"product_tag":[],"class_list":{"0":"post-3289","1":"product","2":"type-product","3":"status-publish","4":"has-post-thumbnail","6":"product_cat-vinkelskarset","7":"product_shipping_class-swedish","9":"entry","10":"has-media","12":"first","13":"instock","14":"taxable","15":"shipping-taxable","16":"purchasable","17":"product-type-variable","18":"col","19":"span_1_of_2","20":"owp-content-center","21":"owp-thumbs-layout-horizontal","22":"owp-btn-big","23":"owp-tabs-layout-horizontal"},"acf":[],"_links":{"self":[{"href":"https:\/\/www.angle.design\/se\/wp-json\/wp\/v2\/product\/3289","targetHints":{"allow":["GET"]}}],"collection":[{"href":"https:\/\/www.angle.design\/se\/wp-json\/wp\/v2\/product"}],"about":[{"href":"https:\/\/www.angle.design\/se\/wp-json\/wp\/v2\/types\/product"}],"version-history":[{"count":0,"href":"https:\/\/www.angle.design\/se\/wp-json\/wp\/v2\/product\/3289\/revisions"}],"wp:featuredmedia":[{"embeddable":true,"href":"https:\/\/www.angle.design\/se\/wp-json\/wp\/v2\/media\/5876"}],"wp:attachment":[{"href":"https:\/\/www.angle.design\/se\/wp-json\/wp\/v2\/media?parent=3289"}],"wp:term":[{"taxonomy":"product_brand","embeddable":true,"href":"https:\/\/www.angle.design\/se\/wp-json\/wp\/v2\/product_brand?post=3289"},{"taxonomy":"product_cat","embeddable":true,"href":"https:\/\/www.angle.design\/se\/wp-json\/wp\/v2\/product_cat?post=3289"},{"taxonomy":"product_tag","embeddable":true,"href":"https:\/\/www.angle.design\/se\/wp-json\/wp\/v2\/product_tag?post=3289"}],"curies":[{"name":"wp","href":"https:\/\/api.w.org\/{rel}","templated":true}]}}